{"id":5524,"date":"2022-04-21T08:12:09","date_gmt":"2022-04-21T06:12:09","guid":{"rendered":"https:\/\/antykilion.pl\/?post_type=product&#038;p=5524"},"modified":"2022-04-21T14:58:34","modified_gmt":"2022-04-21T12:58:34","slug":"giuseppe-zocchi-1761-r-miesiac-kwiecien-akwaforta","status":"publish","type":"product","link":"https:\/\/antykilion.pl\/it\/product\/giuseppe-zocchi-1761-r-miesiac-kwiecien-akwaforta\/","title":{"rendered":"Giuseppe Zocchi 1761 r Miesi\u0105c kwiecie\u0144 akwaforta"},"content":{"rendered":"","protected":false},"excerpt":{"rendered":"<p>Giuseppe Zocchi oko\u0142o 1761 r Miesi\u0105c kwiecie\u0144, akwaforta<\/p>\n<p>Temat: Kwiecie\u0144<\/p>\n<p>Seria:: Miesi\u0105ce<\/p>\n<p>Opis Kompozycja siedmiu postaci; strzy\u017cenie runa<\/p>\n<p>wed\u0142ug G. Zocchi. ok. 1761 Grawerowanie z akwafort\u0105<\/p>\n<p>Nadruk wykona\u0142: Francesco Bartolozzi<\/p>\n<p>Po: Giuseppe Zocchi<\/p>\n<p>Wyda\u0142: Joseph (Giuseppe) Wagner<\/p>\n<p>Szko\u0142a\/styl W\u0142oski Data produkcji 1761 (oko\u0142o) (oko\u0142o)<\/p>\n<p>Miejsce produkcji Opublikowano w: Wenecja (miasto) Europa: W\u0142ochy: Veneto: Wenecja (prowincja): Wenecja (miasto)<\/p>\n<p>Materia\u0142y papier Techniczny rytownictwo akwaforta<\/p>\n<p>Wymiary Wysoko\u015b\u0107: Wysoko\u015b\u0107: 49 cm,\u00a0 Szeroko\u015b\u0107: 60 cm<\/p>\n<p>bella incorniciata!<\/p>\n<p>Condizioni: ottime<\/p>\n<p>Tecnica: acquaforte - carta<\/p>\n<p>Dimensioni: incisione solo 37 cm per 47 cm, dimensione con la cornice 65 cm per 55 cm<br \/>\ntak\u0105 sam\u0105 grafik\u0119 mo\u017cemy r\u00f3wnie\u017c zobaczy\u0107 w British Muzeum<\/p>\n<p>Acquaforte, acquaforte (italiano: acquaforte - acqua forte o acido nitrico) - tecnica grafica concava, anche una stampa ottenuta con questa tecnica. La tecnica dell&#039;acquaforte fu inventata a cavallo tra il XV e il XVI secolo e divenne popolare nel XVI secolo [1].<\/p>\n<p>Consiste nel realizzare una lastra metallica da stampa con un disegno ottenuto per incisione. Una lastra di rame o zinco viene ricoperta con una vernice per incisione insolubile in acido e quindi viene eseguito un disegno con un ago di acciaio che rivela la superficie metallica [2]. Immergendo la lastra in acido, l&#039;imbutitura profonda sulla lastra viene incisa. Per approfondire le linee nelle parti scure del disegno, questo processo viene ripetuto pi\u00f9 volte. Dopo l&#039;ultima incisione e rimozione della vernice, l&#039;inchiostro da stampa viene strofinato sulla lastra, che rimane solo nelle depressioni incise. L&#039;inchiostro pressato nelle cavit\u00e0 incise della lastra viene trasferito sulla carta sotto pressione in una rotocalco [3].<\/p>\n<p>L&#039;incisione \u00e8 stata utilizzata da: Albrecht D\u00fcrer, Rembrandt, Jacques Callot, Francisco Goya [4], Giovanni Battista Piranesi, James Abbott McNeill Whistler, Marc Chagall, Pablo Picasso, Taras Szewczenko, Daniel Chodowiecki, Jan Piotr Norblin, Micha\u0142 P\u0142o\u0144ski, Leonkz\u00f3\u0142o, Mehoffer, J\u00f3zef Pankiewicz, Wojciech Weiss, Zbigniew Rabsztyn, J\u00f3zef Pieni\u0105\u017cek, Magdalena Gintowt-Juchniewicz, Cezary Paszkowski, Barbara Rosiak, Leszek R\u00f3zga, Barbara Nar\u0119bska-D\u0119bska, Tadeusz Michahl Siara. Chaim Goldberg<\/p>\n<p>La prima incisione \u00e8 datata 1513 e il suo creatore \u00e8 l&#039;incisore svizzero Urs Graf [5]. Come risultato dello sviluppo di questa tecnica nel XVIII secolo, fu inventata un&#039;acquatinta per espandere le possibilit\u00e0 di donazione<\/p>","protected":false},"featured_media":5587,"comment_status":"closed","ping_status":"closed","template":"","meta":[],"product_cat":[41,39,40],"product_tag":[],"class_list":{"0":"post-5524","1":"product","2":"type-product","3":"status-publish","4":"has-post-thumbnail","6":"product_cat-malarstwo-dawne","7":"product_cat-dziela-sztuki","8":"product_cat-malarstwo","10":"entry","11":"has-media","13":"first","14":"instock","15":"taxable","16":"shipping-taxable","17":"purchasable","18":"product-type-simple","19":"has-product-nav","20":"col","21":"span_1_of_3","22":"owp-content-center","23":"owp-thumbs-layout-horizontal","24":"owp-btn-normal","25":"owp-tabs-layout-horizontal"},"aioseo_notices":[],"_links":{"self":[{"href":"https:\/\/antykilion.pl\/it\/wp-json\/wp\/v2\/product\/5524","targetHints":{"allow":["GET"]}}],"collection":[{"href":"https:\/\/antykilion.pl\/it\/wp-json\/wp\/v2\/product"}],"about":[{"href":"https:\/\/antykilion.pl\/it\/wp-json\/wp\/v2\/types\/product"}],"replies":[{"embeddable":true,"href":"https:\/\/antykilion.pl\/it\/wp-json\/wp\/v2\/comments?post=5524"}],"wp:featuredmedia":[{"embeddable":true,"href":"https:\/\/antykilion.pl\/it\/wp-json\/wp\/v2\/media\/5587"}],"wp:attachment":[{"href":"https:\/\/antykilion.pl\/it\/wp-json\/wp\/v2\/media?parent=5524"}],"wp:term":[{"taxonomy":"product_cat","embeddable":true,"href":"https:\/\/antykilion.pl\/it\/wp-json\/wp\/v2\/product_cat?post=5524"},{"taxonomy":"product_tag","embeddable":true,"href":"https:\/\/antykilion.pl\/it\/wp-json\/wp\/v2\/product_tag?post=5524"}],"curies":[{"name":"wp","href":"https:\/\/api.w.org\/{rel}","templated":true}]}}