{"id":5550,"date":"2022-04-21T11:14:53","date_gmt":"2022-04-21T09:14:53","guid":{"rendered":"https:\/\/antykilion.pl\/?post_type=product&#038;p=5550"},"modified":"2022-04-21T14:48:14","modified_gmt":"2022-04-21T12:48:14","slug":"doktor-milosci-ok-1730-jacques-courtin-akwaforta","status":"publish","type":"product","link":"https:\/\/antykilion.pl\/it\/product\/doktor-milosci-ok-1730-jacques-courtin-akwaforta\/","title":{"rendered":"Doktor mi\u0142o\u015bci ok. 1730 Jacques Courtin akwaforta"},"content":{"rendered":"","protected":false},"excerpt":{"rendered":"<p>Doktor mi\u0142o\u015bci ok. 1730 Jacques Courtin akwaforta<\/p>\n<p>Temat: Doktor mi\u0142o\u015bci<\/p>\n<p>na pierwszym planie m\u0142oda dziewczyna otoczona badaj\u0105cym doktorem i amorami<\/p>\n<p>Artysta: C. Mathey (francuski, czynny Pary\u017c, ok. 1730\u201350)<\/p>\n<p>Artysta: Wed\u0142ug Jacques Courtin (francuski, Sens 1672\u20131752 Pary\u017c)<\/p>\n<p>Wydawca: Louis Surugue (francuski, Pary\u017c ok. 1686-1762 Grand Vaux)<\/p>\n<p>Data: ok. 1730\u201350<\/p>\n<p>Medium: trawienie i grawerowanie<\/p>\n<p>Miejsce produkcji Opublikowano w: Pary\u017cu<\/p>\n<p>Materia\u0142y papier<\/p>\n<p>Technika akwaforta rytownictwo<\/p>\n<p>Wymiary Wysoko\u015b\u0107: Wysoko\u015b\u0107: 49 cm Szeroko\u015b\u0107: Szeroko\u015b\u0107: 38 cm &#8211; wymiary z obramowaniem<br \/>\nOrginalna z XVIII wieku rama<\/p>\n<p>tak\u0105 sam\u0105 grafik\u0119 mo\u017cemy r\u00f3wnie\u017c zobaczy\u0107 w The Metropolitan Museum of Art<\/p>\n<p>Acquaforte, acquaforte (italiano: acquaforte - acqua forte o acido nitrico) - tecnica grafica concava, anche una stampa ottenuta con questa tecnica. La tecnica dell&#039;acquaforte fu inventata a cavallo tra il XV e il XVI secolo e divenne popolare nel XVI secolo [1].<\/p>\n<p>Consiste nel realizzare una lastra metallica da stampa con un disegno ottenuto per incisione. Una lastra di rame o zinco viene ricoperta con una vernice per incisione insolubile in acido e quindi viene eseguito un disegno con un ago di acciaio che rivela la superficie metallica [2]. Immergendo la lastra in acido, l&#039;imbutitura profonda sulla lastra viene incisa. Per approfondire le linee nelle parti scure del disegno, questo processo viene ripetuto pi\u00f9 volte. Dopo l&#039;ultima incisione e rimozione della vernice, l&#039;inchiostro da stampa viene strofinato sulla lastra, che rimane solo nelle depressioni incise. L&#039;inchiostro pressato nelle cavit\u00e0 incise della lastra viene trasferito sulla carta sotto pressione in una rotocalco [3].<\/p>\n<p>L&#039;incisione \u00e8 stata utilizzata da: Albrecht D\u00fcrer, Rembrandt, Jacques Callot, Francisco Goya [4], Giovanni Battista Piranesi, James Abbott McNeill Whistler, Marc Chagall, Pablo Picasso, Taras Szewczenko, Daniel Chodowiecki, Jan Piotr Norblin, Micha\u0142 P\u0142o\u0144ski, Leonkz\u00f3\u0142o, Mehoffer, J\u00f3zef Pankiewicz, Wojciech Weiss, Zbigniew Rabsztyn, J\u00f3zef Pieni\u0105\u017cek, Magdalena Gintowt-Juchniewicz, Cezary Paszkowski, Barbara Rosiak, Leszek R\u00f3zga, Barbara Nar\u0119bska-D\u0119bska, Tadeusz Michahl Siara. Chaim Goldberg<\/p>\n<p>La prima incisione \u00e8 datata 1513 e il suo creatore \u00e8 l&#039;incisore svizzero Urs Graf [5]. Come risultato dello sviluppo di questa tecnica nel XVIII secolo, fu inventata un&#039;acquatinta per espandere le possibilit\u00e0 di donazione<\/p>","protected":false},"featured_media":5585,"comment_status":"closed","ping_status":"closed","template":"","meta":[],"product_cat":[41,39,40],"product_tag":[],"class_list":{"0":"post-5550","1":"product","2":"type-product","3":"status-publish","4":"has-post-thumbnail","6":"product_cat-malarstwo-dawne","7":"product_cat-dziela-sztuki","8":"product_cat-malarstwo","10":"entry","11":"has-media","13":"first","14":"instock","15":"taxable","16":"shipping-taxable","17":"purchasable","18":"product-type-simple","19":"has-product-nav","20":"col","21":"span_1_of_3","22":"owp-content-center","23":"owp-thumbs-layout-horizontal","24":"owp-btn-normal","25":"owp-tabs-layout-horizontal"},"aioseo_notices":[],"_links":{"self":[{"href":"https:\/\/antykilion.pl\/it\/wp-json\/wp\/v2\/product\/5550","targetHints":{"allow":["GET"]}}],"collection":[{"href":"https:\/\/antykilion.pl\/it\/wp-json\/wp\/v2\/product"}],"about":[{"href":"https:\/\/antykilion.pl\/it\/wp-json\/wp\/v2\/types\/product"}],"replies":[{"embeddable":true,"href":"https:\/\/antykilion.pl\/it\/wp-json\/wp\/v2\/comments?post=5550"}],"wp:featuredmedia":[{"embeddable":true,"href":"https:\/\/antykilion.pl\/it\/wp-json\/wp\/v2\/media\/5585"}],"wp:attachment":[{"href":"https:\/\/antykilion.pl\/it\/wp-json\/wp\/v2\/media?parent=5550"}],"wp:term":[{"taxonomy":"product_cat","embeddable":true,"href":"https:\/\/antykilion.pl\/it\/wp-json\/wp\/v2\/product_cat?post=5550"},{"taxonomy":"product_tag","embeddable":true,"href":"https:\/\/antykilion.pl\/it\/wp-json\/wp\/v2\/product_tag?post=5550"}],"curies":[{"name":"wp","href":"https:\/\/api.w.org\/{rel}","templated":true}]}}