{"id":5574,"date":"2022-04-21T14:41:27","date_gmt":"2022-04-21T12:41:27","guid":{"rendered":"https:\/\/antykilion.pl\/?post_type=product&#038;p=5574"},"modified":"2022-04-21T14:41:27","modified_gmt":"2022-04-21T12:41:27","slug":"lowca-myszy-visscher-cornelis-haarlem-ok-1628-1670-akwaforta","status":"publish","type":"product","link":"https:\/\/antykilion.pl\/it\/product\/lowca-myszy-visscher-cornelis-haarlem-ok-1628-1670-akwaforta\/","title":{"rendered":"\u0141owca myszy VISSCHER Cornelis (Haarlem ok. 1628-1670) akwaforta"},"content":{"rendered":"","protected":false},"excerpt":{"rendered":"<p>\u0141owca myszy VISSCHER Cornelis (Haarlem ok. 1628-1670) akwaforta<\/p>\n<p>Temat: \u0141owca myszy<\/p>\n<p>na pierwszym planie sprzedawca trucizny na myszy i \u0142owca myszy<\/p>\n<p>Artysta: VISSCHER Cornelis (Haarlem ok. 1628-1670)<\/p>\n<p>Data: ok. 1650 r<\/p>\n<p>Medium: trawienie i grawerowanie<\/p>\n<p>Miejsce produkcji Opublikowano w: Holandia<\/p>\n<p>Materia\u0142y papier<\/p>\n<p>Technika akwaforta rytownictwo<\/p>\n<p>Wymiary Wysoko\u015b\u0107: Wysoko\u015b\u0107: 49 cm Szeroko\u015b\u0107: Szeroko\u015b\u0107: 41 cm &#8211; wymiary z obramowaniem<\/p>\n<p>Cornelis Visscher (1629 w Haarlemie \u2013 1658 w Haarlemie), by\u0142 holenderskim rytownikiem Z\u0142otego Wieku i bratem Jana de Visschera i Lamberta Visscher\u00f3w. Biografia Wed\u0142ug Houbrakena by\u0142 zdolnym rytownikiem, kt\u00f3ry wykonywa\u0142 s\u0142ynne odbitki (za \u017cycia) i mia\u0142 niezwyk\u0142y talent do rysowania wed\u0142ug \u017cywego modelu w\u0119glem drzewnym, kt\u00f3ry nie mia\u0142 sobie r\u00f3wnych. Houbraken wspomnia\u0142, \u017ce jego prace mo\u017cna by\u0142o zobaczy\u0107 w kolekcji bogatego dyrektora holenderskiej Kompanii Wschodnioindyjskiej i kolekcjonera sztuki w Amsterdamie, kt\u00f3ry mia\u0142 du\u017cy gabinet artystyczny, Jeronimusa Tonnemana. Grafiki Visschera zosta\u0142y wykonane wed\u0142ug r\u00f3\u017cnych znanych malarzy z Haarlemu, takich jak Nicolaes Berchem, Adriaen van Ostade, Pieter van Laer i Adriaen Brouwer.[3] Wed\u0142ug RKD mia\u0142 dw\u00f3ch braci, Jana de Visschera i Lamberta Visschera (1633-ok.1690) i by\u0142 uczniem Pietera Claesza Soutmana[4]. Wykona\u0142 seri\u0119 portret\u00f3w drukowanych postaci religijnych z Amsterdamu i Haarlemu.[4] W 1653 wst\u0105pi\u0142 do Haarlem Guild of St. Luke. [4] Wywar\u0142 wp\u0142yw na Dirka Helmbrekera i Cornelisa Beg\u0119. [2] Jego uczniem by\u0142 Jan Aelbertsz Riethoorn.[4] Wikimedia Commons zawiera multimedia zwi\u0105zane z Cornelisem Visscherem. Inne Cornelis Visscher Houbraken wspomina Kornelisa de Visschera z Hamburga, popularnego rytownika w Amsterdamie, kt\u00f3ry uton\u0105\u0142 na morzu[5]. Ten inny Cornelis Visscher jest znany w RKD jako Cornelis de Visscher, kt\u00f3ry malowa\u0142 portrety, kt\u00f3re p\u00f3\u017aniej grawerowali inni. Uton\u0105\u0142 na morzu w 1586 r. w drodze powrotnej z Hamburga. Pochodzi\u0142 z Goudy. [6] Cornelis de Bie wspomina Cornelisa Visschera[7], kt\u00f3ry w swoich rycinach uwzgl\u0119dni\u0142 rybak\u00f3w. Dokona\u0142 tego s\u0142ynna rodzina kartograf\u00f3w Visscher\u00f3w, a zapocz\u0105tkowa\u0142 je Claes Jansz Visscher. Nie wiadomo, czy Haarlemowie i Gouda Cornelis Visscherzy byli spokrewnieni z rodzin\u0105 kartograf\u00f3w z Amsterdamu. Jednak De Bie poprawi\u0142 nazwisko na s. 524 do &#8216;Jan Claessen de Visscher&#8217;<\/p>\n<p>Acquaforte, acquaforte (italiano: acquaforte - acqua forte o acido nitrico) - tecnica grafica concava, anche una stampa ottenuta con questa tecnica. La tecnica dell&#039;acquaforte fu inventata a cavallo tra il XV e il XVI secolo e divenne popolare nel XVI secolo [1].<\/p>\n<p>Consiste nel realizzare una lastra metallica da stampa con un disegno ottenuto per incisione. Una lastra di rame o zinco viene ricoperta con una vernice per incisione insolubile in acido e quindi viene eseguito un disegno con un ago di acciaio che rivela la superficie metallica [2]. Immergendo la lastra in acido, l&#039;imbutitura profonda sulla lastra viene incisa. Per approfondire le linee nelle parti scure del disegno, questo processo viene ripetuto pi\u00f9 volte. Dopo l&#039;ultima incisione e rimozione della vernice, l&#039;inchiostro da stampa viene strofinato sulla lastra, che rimane solo nelle depressioni incise. L&#039;inchiostro pressato nelle cavit\u00e0 incise della lastra viene trasferito sulla carta sotto pressione in una rotocalco [3].<\/p>\n<p>L&#039;incisione \u00e8 stata utilizzata da: Albrecht D\u00fcrer, Rembrandt, Jacques Callot, Francisco Goya [4], Giovanni Battista Piranesi, James Abbott McNeill Whistler, Marc Chagall, Pablo Picasso, Taras Szewczenko, Daniel Chodowiecki, Jan Piotr Norblin, Micha\u0142 P\u0142o\u0144ski, Leonkz\u00f3\u0142o, Mehoffer, J\u00f3zef Pankiewicz, Wojciech Weiss, Zbigniew Rabsztyn, J\u00f3zef Pieni\u0105\u017cek, Magdalena Gintowt-Juchniewicz, Cezary Paszkowski, Barbara Rosiak, Leszek R\u00f3zga, Barbara Nar\u0119bska-D\u0119bska, Tadeusz Michahl Siara. Chaim Goldberg<\/p>\n<p>La prima incisione \u00e8 datata 1513 e il suo creatore \u00e8 l&#039;incisore svizzero Urs Graf [5]. Come risultato dello sviluppo di questa tecnica nel XVIII secolo, fu inventata un&#039;acquatinta per espandere le possibilit\u00e0 di donazione<\/p>","protected":false},"featured_media":5575,"comment_status":"closed","ping_status":"closed","template":"","meta":[],"product_cat":[41,39,40],"product_tag":[],"class_list":{"0":"post-5574","1":"product","2":"type-product","3":"status-publish","4":"has-post-thumbnail","6":"product_cat-malarstwo-dawne","7":"product_cat-dziela-sztuki","8":"product_cat-malarstwo","10":"entry","11":"has-media","13":"first","14":"instock","15":"taxable","16":"shipping-taxable","17":"purchasable","18":"product-type-simple","19":"has-product-nav","20":"col","21":"span_1_of_3","22":"owp-content-center","23":"owp-thumbs-layout-horizontal","24":"owp-btn-normal","25":"owp-tabs-layout-horizontal"},"aioseo_notices":[],"_links":{"self":[{"href":"https:\/\/antykilion.pl\/it\/wp-json\/wp\/v2\/product\/5574","targetHints":{"allow":["GET"]}}],"collection":[{"href":"https:\/\/antykilion.pl\/it\/wp-json\/wp\/v2\/product"}],"about":[{"href":"https:\/\/antykilion.pl\/it\/wp-json\/wp\/v2\/types\/product"}],"replies":[{"embeddable":true,"href":"https:\/\/antykilion.pl\/it\/wp-json\/wp\/v2\/comments?post=5574"}],"wp:featuredmedia":[{"embeddable":true,"href":"https:\/\/antykilion.pl\/it\/wp-json\/wp\/v2\/media\/5575"}],"wp:attachment":[{"href":"https:\/\/antykilion.pl\/it\/wp-json\/wp\/v2\/media?parent=5574"}],"wp:term":[{"taxonomy":"product_cat","embeddable":true,"href":"https:\/\/antykilion.pl\/it\/wp-json\/wp\/v2\/product_cat?post=5574"},{"taxonomy":"product_tag","embeddable":true,"href":"https:\/\/antykilion.pl\/it\/wp-json\/wp\/v2\/product_tag?post=5574"}],"curies":[{"name":"wp","href":"https:\/\/api.w.org\/{rel}","templated":true}]}}