{"id":5594,"date":"2022-04-24T11:21:31","date_gmt":"2022-04-24T09:21:31","guid":{"rendered":"https:\/\/antykilion.pl\/?post_type=product&#038;p=5594"},"modified":"2025-02-25T12:11:01","modified_gmt":"2025-02-25T11:11:01","slug":"m-dohmen-noc-w-porcie-xix-w-okolo-1860-r","status":"publish","type":"product","link":"https:\/\/antykilion.pl\/it\/product\/m-dohmen-noc-w-porcie-xix-w-okolo-1860-r\/","title":{"rendered":"M. Dohmen, Noc w porcie, XIX w oko\u0142o 1860 r"},"content":{"rendered":"","protected":false},"excerpt":{"rendered":"<p>M. Dohmen, Duseldorf Noc w porcie, XIX w oko\u0142o 1860 r<\/p>\n<p>Bardzo dekoracyjne malarstwo, do pi\u0119knego salonu<\/p>\n<p>Obraz oprawiony w bardzo cenn\u0105 i dekoracyjn\u0105 ram\u0119 z XIX w<\/p>\n<p>Tecnica: olio su tela<\/p>\n<p>Stan: dobry, gdzie nie gdzie naprawy<\/p>\n<p>Sygnatura:widoczna na zdj\u0119ciu<\/p>\n<p>Wymiary: z ram\u0105 to oko\u0142o\u00a0 cm\u00a0 na\u00a0 cm<\/p>\n<p>Origine: Europa<\/p>\n<p>Do ka\u017cdego przedmiotu Galeria wystawia certyfikat.<\/p>\n<p>Artysta M. Dohmen (malarz XIX w.) \u00bb Obraz olejny Pejza\u017c biedermeierowski p\u00f3\u017anoromantyczny M. Dohmen (XIX w.), prawdopodobnie pseudonim Theodor Wilhelm Nocken (1830 &#8211; 1905):<\/p>\n<p>Artnet. com opisuje malarza jako Amerykanina ???<\/p>\n<p>Jedno co pewne prace artysty bardzo wysoko notowane i bardzo \u0142adne.<\/p>","protected":false},"featured_media":5595,"comment_status":"closed","ping_status":"closed","template":"","meta":[],"product_cat":[41,39,40],"product_tag":[],"class_list":{"0":"post-5594","1":"product","2":"type-product","3":"status-publish","4":"has-post-thumbnail","6":"product_cat-malarstwo-dawne","7":"product_cat-dziela-sztuki","8":"product_cat-malarstwo","10":"entry","11":"has-media","13":"first","14":"instock","15":"taxable","16":"shipping-taxable","17":"purchasable","18":"product-type-simple","19":"has-product-nav","20":"col","21":"span_1_of_3","22":"owp-content-center","23":"owp-thumbs-layout-horizontal","24":"owp-btn-normal","25":"owp-tabs-layout-horizontal"},"aioseo_notices":[],"_links":{"self":[{"href":"https:\/\/antykilion.pl\/it\/wp-json\/wp\/v2\/product\/5594","targetHints":{"allow":["GET"]}}],"collection":[{"href":"https:\/\/antykilion.pl\/it\/wp-json\/wp\/v2\/product"}],"about":[{"href":"https:\/\/antykilion.pl\/it\/wp-json\/wp\/v2\/types\/product"}],"replies":[{"embeddable":true,"href":"https:\/\/antykilion.pl\/it\/wp-json\/wp\/v2\/comments?post=5594"}],"wp:featuredmedia":[{"embeddable":true,"href":"https:\/\/antykilion.pl\/it\/wp-json\/wp\/v2\/media\/5595"}],"wp:attachment":[{"href":"https:\/\/antykilion.pl\/it\/wp-json\/wp\/v2\/media?parent=5594"}],"wp:term":[{"taxonomy":"product_cat","embeddable":true,"href":"https:\/\/antykilion.pl\/it\/wp-json\/wp\/v2\/product_cat?post=5594"},{"taxonomy":"product_tag","embeddable":true,"href":"https:\/\/antykilion.pl\/it\/wp-json\/wp\/v2\/product_tag?post=5594"}],"curies":[{"name":"wp","href":"https:\/\/api.w.org\/{rel}","templated":true}]}}