{"id":5619,"date":"2022-05-10T13:46:47","date_gmt":"2022-05-10T11:46:47","guid":{"rendered":"https:\/\/antykilion.pl\/?post_type=product&#038;p=5619"},"modified":"2022-05-10T13:46:47","modified_gmt":"2022-05-10T11:46:47","slug":"szafka-napoleona-iii-z-medalionem-xix-w-ok-1860-piekna","status":"publish","type":"product","link":"https:\/\/antykilion.pl\/it\/product\/szafka-napoleona-iii-z-medalionem-xix-w-ok-1860-piekna\/","title":{"rendered":"Szafka Napoleona III z medalionem XIX w, ok. 1860, Pi\u0119kna !!!"},"content":{"rendered":"","protected":false},"excerpt":{"rendered":"<p>Szafka Napoleona III z medalionem XIX w, ok. 1860, Pi\u0119kna !!!&#8221;<\/p>\n<p>Szafka o falistych bokach i \u015bci\u0119tych frontach i rogach frontowych, zamkni\u0119ta jednym skrzyd\u0142em, wsparta na konsolowych nogach. Ca\u0142o\u015b\u0107 platerowana, bejcowana na czarno, polerowana na tzw. francuskim passe-partout, ozdobiona intarsjami z mosi\u0119\u017cnych pasm, dodatkowo ozdobiona z\u0142oconymi br\u0105zami. Na skrzydle drzwiowym znajduje si\u0119 medalion z satyrk\u0105 i satyrskim dzieckiem na kozio\u0142ku. Na g\u00f3rnym pasie owalny medalion z bawi\u0105cymi si\u0119 dzie\u0107mi obramowany jest profilowan\u0105 listw\u0105 . Przednie rogi ozdobione s\u0105 rozetami u g\u00f3ry i do\u0142u oraz kariatydami u g\u00f3ry. Wewn\u0105trz dwie p\u00f3\u0142ki; Mebel ten zdobi &#8220;bulowska marketing&#8221;, technika zdobnicza spopularyzowana i udoskonalona przez projektanta mebli kr\u00f3lewskich Charlesa Andr\u00e9 Boulle (1642 &#8211; 1732). Meble bardzo wysokiej klasy !!!<\/p>\n<p>Materia\u0142: czerniona gruszka, maho\u0144, mosi\u0105dz i z\u0142ocony br\u0105z<\/p>\n<p>Pochodzenie: Francja w XIX wieku, ok. 1860<\/p>\n<p>Stan: Bardzo dobry po profesjonalnej konserwacji.<\/p>\n<p>Wymiary: wysoko\u015b\u0107 102 cm, szeroko\u015b\u0107 116 cm, g\u0142\u0119boko\u015b\u0107 42 cm<\/p>\n<p>Bardzo atrakcyjna cena<\/p>","protected":false},"featured_media":5620,"comment_status":"closed","ping_status":"closed","template":"","meta":[],"product_cat":[26,27,17],"product_tag":[],"class_list":{"0":"post-5619","1":"product","2":"type-product","3":"status-publish","4":"has-post-thumbnail","6":"product_cat-komody","7":"product_cat-kredensy-bufety","8":"product_cat-meble","10":"entry","11":"has-media","13":"first","14":"instock","15":"taxable","16":"shipping-taxable","17":"purchasable","18":"product-type-simple","19":"has-product-nav","20":"col","21":"span_1_of_3","22":"owp-content-center","23":"owp-thumbs-layout-horizontal","24":"owp-btn-normal","25":"owp-tabs-layout-horizontal"},"aioseo_notices":[],"_links":{"self":[{"href":"https:\/\/antykilion.pl\/it\/wp-json\/wp\/v2\/product\/5619","targetHints":{"allow":["GET"]}}],"collection":[{"href":"https:\/\/antykilion.pl\/it\/wp-json\/wp\/v2\/product"}],"about":[{"href":"https:\/\/antykilion.pl\/it\/wp-json\/wp\/v2\/types\/product"}],"replies":[{"embeddable":true,"href":"https:\/\/antykilion.pl\/it\/wp-json\/wp\/v2\/comments?post=5619"}],"wp:featuredmedia":[{"embeddable":true,"href":"https:\/\/antykilion.pl\/it\/wp-json\/wp\/v2\/media\/5620"}],"wp:attachment":[{"href":"https:\/\/antykilion.pl\/it\/wp-json\/wp\/v2\/media?parent=5619"}],"wp:term":[{"taxonomy":"product_cat","embeddable":true,"href":"https:\/\/antykilion.pl\/it\/wp-json\/wp\/v2\/product_cat?post=5619"},{"taxonomy":"product_tag","embeddable":true,"href":"https:\/\/antykilion.pl\/it\/wp-json\/wp\/v2\/product_tag?post=5619"}],"curies":[{"name":"wp","href":"https:\/\/api.w.org\/{rel}","templated":true}]}}