{"id":5768,"date":"2022-06-12T15:23:42","date_gmt":"2022-06-12T13:23:42","guid":{"rendered":"https:\/\/antykilion.pl\/?post_type=product&#038;p=5768"},"modified":"2022-06-12T15:23:43","modified_gmt":"2022-06-12T13:23:43","slug":"krzesla-4-szt-w-stylu-ludwika-xv-okolo-1890-r","status":"publish","type":"product","link":"https:\/\/antykilion.pl\/it\/product\/krzesla-4-szt-w-stylu-ludwika-xv-okolo-1890-r\/","title":{"rendered":"Krzes\u0142a 4 szt. w stylu Ludwika XV oko\u0142o 1890 r"},"content":{"rendered":"","protected":false},"excerpt":{"rendered":"<p>Krzes\u0142a 4 szt. w stylu Ludwika XV oko\u0142o 1890 r<\/p>\n<p>o falistych i profilowanych elementach szkieletu, rze\u017abionych w drobne kwiatki,<\/p>\n<p>tapicerowanych zar\u00f3wno na oparciach jak i siedzeniach..<\/p>\n<p>Konstrukcja masyw orzech bogata snycerka.,<\/p>\n<p>Powstanie: Francja, II po\u0142. XIX w.<\/p>\n<p>Stan: bardzo dobry konstrukcyjnie tapicerka mo\u017ce zosta\u0107 wykonana star\u0105 technik\u0105 wype\u0142nienia traw\u0105 morsk\u0105, ale raczej do wymiany<\/p>\n<p>Wymiary: wysoko\u015b\u0107 siedziska oko\u0142o 43 cm, wysoko\u015b\u0107 oparcia oko\u0142o 97 cm.<\/p>","protected":false},"featured_media":5769,"comment_status":"closed","ping_status":"closed","template":"","meta":[],"product_cat":[28,17],"product_tag":[],"class_list":{"0":"post-5768","1":"product","2":"type-product","3":"status-publish","4":"has-post-thumbnail","6":"product_cat-krzesla","7":"product_cat-meble","9":"entry","10":"has-media","12":"first","13":"instock","14":"taxable","15":"shipping-taxable","16":"purchasable","17":"product-type-simple","18":"has-product-nav","19":"col","20":"span_1_of_3","21":"owp-content-center","22":"owp-thumbs-layout-horizontal","23":"owp-btn-normal","24":"owp-tabs-layout-horizontal"},"aioseo_notices":[],"_links":{"self":[{"href":"https:\/\/antykilion.pl\/it\/wp-json\/wp\/v2\/product\/5768","targetHints":{"allow":["GET"]}}],"collection":[{"href":"https:\/\/antykilion.pl\/it\/wp-json\/wp\/v2\/product"}],"about":[{"href":"https:\/\/antykilion.pl\/it\/wp-json\/wp\/v2\/types\/product"}],"replies":[{"embeddable":true,"href":"https:\/\/antykilion.pl\/it\/wp-json\/wp\/v2\/comments?post=5768"}],"wp:featuredmedia":[{"embeddable":true,"href":"https:\/\/antykilion.pl\/it\/wp-json\/wp\/v2\/media\/5769"}],"wp:attachment":[{"href":"https:\/\/antykilion.pl\/it\/wp-json\/wp\/v2\/media?parent=5768"}],"wp:term":[{"taxonomy":"product_cat","embeddable":true,"href":"https:\/\/antykilion.pl\/it\/wp-json\/wp\/v2\/product_cat?post=5768"},{"taxonomy":"product_tag","embeddable":true,"href":"https:\/\/antykilion.pl\/it\/wp-json\/wp\/v2\/product_tag?post=5768"}],"curies":[{"name":"wp","href":"https:\/\/api.w.org\/{rel}","templated":true}]}}