{"id":6183,"date":"2022-10-23T13:25:06","date_gmt":"2022-10-23T11:25:06","guid":{"rendered":"https:\/\/antykilion.pl\/?post_type=product&#038;p=6183"},"modified":"2022-12-14T19:41:44","modified_gmt":"2022-12-14T18:41:44","slug":"cukiernica-skrzynkowa-w-stylu-rokokowym-1870-xix-w","status":"publish","type":"product","link":"https:\/\/antykilion.pl\/it\/product\/cukiernica-skrzynkowa-w-stylu-rokokowym-1870-xix-w\/","title":{"rendered":"Cukiernica skrzynkowa w stylu rokokowym 1870 XIX w"},"content":{"rendered":"","protected":false},"excerpt":{"rendered":"<p>Cukiernica skrzynkowa w stylu neorokokowym 1870 XIX w<\/p>\n<p>Kszta\u0142t i wyko\u0144czenia typowe dla neorokokowych wyrob\u00f3w.<\/p>\n<p>Wewn\u0105trz wyj\u0105tkowo grubo z\u0142ocona !!!<\/p>\n<p>Sklepienie wieczka z dekoracj\u0105 kwiatow\u0105, zako\u0144czona sterczyn\u0105 w formie kwiata<\/p>\n<p>Wymiary:d\u0142ugo\u015b\u0107 11, szeroko\u015b\u0107 9, wysoko\u015b\u0107 8 cm, waga ok. 214 gram.<\/p>\n<p>Srebro pr\u00f3ba 830<\/p>\n<p>Bello e unico !!!<\/p>","protected":false},"featured_media":6184,"comment_status":"closed","ping_status":"closed","template":"","meta":[],"product_cat":[46],"product_tag":[],"class_list":{"0":"post-6183","1":"product","2":"type-product","3":"status-publish","4":"has-post-thumbnail","6":"product_cat-srebra-i-platery","8":"entry","9":"has-media","11":"first","12":"instock","13":"taxable","14":"shipping-taxable","15":"purchasable","16":"product-type-simple","17":"has-product-nav","18":"col","19":"span_1_of_3","20":"owp-content-center","21":"owp-thumbs-layout-horizontal","22":"owp-btn-normal","23":"owp-tabs-layout-horizontal"},"aioseo_notices":[],"_links":{"self":[{"href":"https:\/\/antykilion.pl\/it\/wp-json\/wp\/v2\/product\/6183","targetHints":{"allow":["GET"]}}],"collection":[{"href":"https:\/\/antykilion.pl\/it\/wp-json\/wp\/v2\/product"}],"about":[{"href":"https:\/\/antykilion.pl\/it\/wp-json\/wp\/v2\/types\/product"}],"replies":[{"embeddable":true,"href":"https:\/\/antykilion.pl\/it\/wp-json\/wp\/v2\/comments?post=6183"}],"wp:featuredmedia":[{"embeddable":true,"href":"https:\/\/antykilion.pl\/it\/wp-json\/wp\/v2\/media\/6184"}],"wp:attachment":[{"href":"https:\/\/antykilion.pl\/it\/wp-json\/wp\/v2\/media?parent=6183"}],"wp:term":[{"taxonomy":"product_cat","embeddable":true,"href":"https:\/\/antykilion.pl\/it\/wp-json\/wp\/v2\/product_cat?post=6183"},{"taxonomy":"product_tag","embeddable":true,"href":"https:\/\/antykilion.pl\/it\/wp-json\/wp\/v2\/product_tag?post=6183"}],"curies":[{"name":"wp","href":"https:\/\/api.w.org\/{rel}","templated":true}]}}