{"id":6249,"date":"2022-10-26T06:10:03","date_gmt":"2022-10-26T04:10:03","guid":{"rendered":"https:\/\/antykilion.pl\/?post_type=product&#038;p=6249"},"modified":"2024-10-07T20:41:28","modified_gmt":"2024-10-07T18:41:28","slug":"trojca-swieta-poczatek-xix-w-monumentalny","status":"publish","type":"product","link":"https:\/\/antykilion.pl\/it\/product\/trojca-swieta-poczatek-xix-w-monumentalny\/","title":{"rendered":"Tr\u00f3jca \u015bwi\u0119ta pocz\u0105tek XIX w, monumentalny"},"content":{"rendered":"","protected":false},"excerpt":{"rendered":"<p>Tr\u00f3jca \u015bwi\u0119ta pocz\u0105tek XIX w, monumentalny<\/p>\n<p>Tecnica: olio su tela<\/p>\n<p>Condizioni: ottime, piccole riparazioni<\/p>\n<p>Sygnowany Nieczytelny, na rewersie nalepka zapewne o autorze<\/p>\n<p>Wymiary: p\u0142\u00f3tna 74 x 106 cm.Wymiary ramy: 94 x 127 cm.<\/p>\n<p>Bardzo dobre malarstwo, bardzo dekoracyjne.<\/p>\n<p>Do ka\u017cdego przedmiotu Galeria wystawia certyfikat.<\/p>\n<p>Bardzo atrakcyjna cena<\/p>","protected":false},"featured_media":6250,"comment_status":"closed","ping_status":"closed","template":"","meta":[],"product_cat":[41,39,40],"product_tag":[],"class_list":{"0":"post-6249","1":"product","2":"type-product","3":"status-publish","4":"has-post-thumbnail","6":"product_cat-malarstwo-dawne","7":"product_cat-dziela-sztuki","8":"product_cat-malarstwo","10":"entry","11":"has-media","13":"first","14":"instock","15":"taxable","16":"shipping-taxable","17":"purchasable","18":"product-type-simple","19":"has-product-nav","20":"col","21":"span_1_of_3","22":"owp-content-center","23":"owp-thumbs-layout-horizontal","24":"owp-btn-normal","25":"owp-tabs-layout-horizontal"},"aioseo_notices":[],"_links":{"self":[{"href":"https:\/\/antykilion.pl\/it\/wp-json\/wp\/v2\/product\/6249","targetHints":{"allow":["GET"]}}],"collection":[{"href":"https:\/\/antykilion.pl\/it\/wp-json\/wp\/v2\/product"}],"about":[{"href":"https:\/\/antykilion.pl\/it\/wp-json\/wp\/v2\/types\/product"}],"replies":[{"embeddable":true,"href":"https:\/\/antykilion.pl\/it\/wp-json\/wp\/v2\/comments?post=6249"}],"wp:featuredmedia":[{"embeddable":true,"href":"https:\/\/antykilion.pl\/it\/wp-json\/wp\/v2\/media\/6250"}],"wp:attachment":[{"href":"https:\/\/antykilion.pl\/it\/wp-json\/wp\/v2\/media?parent=6249"}],"wp:term":[{"taxonomy":"product_cat","embeddable":true,"href":"https:\/\/antykilion.pl\/it\/wp-json\/wp\/v2\/product_cat?post=6249"},{"taxonomy":"product_tag","embeddable":true,"href":"https:\/\/antykilion.pl\/it\/wp-json\/wp\/v2\/product_tag?post=6249"}],"curies":[{"name":"wp","href":"https:\/\/api.w.org\/{rel}","templated":true}]}}