{"id":6258,"date":"2022-10-26T12:23:03","date_gmt":"2022-10-26T10:23:03","guid":{"rendered":"https:\/\/antykilion.pl\/?post_type=product&#038;p=6258"},"modified":"2022-10-26T12:23:03","modified_gmt":"2022-10-26T10:23:03","slug":"lezaca-naga-kobieta-okolo-1940-r-piekny","status":"publish","type":"product","link":"https:\/\/antykilion.pl\/it\/product\/lezaca-naga-kobieta-okolo-1940-r-piekny\/","title":{"rendered":"Le\u017c\u0105ca naga kobieta oko\u0142o 1940 r, pi\u0119kny"},"content":{"rendered":"","protected":false},"excerpt":{"rendered":"<p>Le\u017c\u0105ca naga kobieta oko\u0142o 1940 r, pi\u0119kny<\/p>\n<p>Tecnica: olio su tela<\/p>\n<p>Condizioni: ottime<\/p>\n<p>Sygnowany: trudna do odczytania &#8211; Francja ?<\/p>\n<p>Wymiary: p\u0142\u00f3tna 50 x 80 cm.Wymiary ramy: 68 x 97 cm.<\/p>\n<p>Bardzo dobre malarstwo, bardzo dekoracyjne.<\/p>\n<p>Do ka\u017cdego przedmiotu Galeria wystawia certyfikat.<\/p>\n<p>Bardzo atrakcyjna cena<\/p>","protected":false},"featured_media":6259,"comment_status":"closed","ping_status":"closed","template":"","meta":[],"product_cat":[41,39,40],"product_tag":[],"class_list":{"0":"post-6258","1":"product","2":"type-product","3":"status-publish","4":"has-post-thumbnail","6":"product_cat-malarstwo-dawne","7":"product_cat-dziela-sztuki","8":"product_cat-malarstwo","10":"entry","11":"has-media","13":"first","14":"instock","15":"taxable","16":"shipping-taxable","17":"purchasable","18":"product-type-simple","19":"has-product-nav","20":"col","21":"span_1_of_3","22":"owp-content-center","23":"owp-thumbs-layout-horizontal","24":"owp-btn-normal","25":"owp-tabs-layout-horizontal"},"aioseo_notices":[],"_links":{"self":[{"href":"https:\/\/antykilion.pl\/it\/wp-json\/wp\/v2\/product\/6258","targetHints":{"allow":["GET"]}}],"collection":[{"href":"https:\/\/antykilion.pl\/it\/wp-json\/wp\/v2\/product"}],"about":[{"href":"https:\/\/antykilion.pl\/it\/wp-json\/wp\/v2\/types\/product"}],"replies":[{"embeddable":true,"href":"https:\/\/antykilion.pl\/it\/wp-json\/wp\/v2\/comments?post=6258"}],"wp:featuredmedia":[{"embeddable":true,"href":"https:\/\/antykilion.pl\/it\/wp-json\/wp\/v2\/media\/6259"}],"wp:attachment":[{"href":"https:\/\/antykilion.pl\/it\/wp-json\/wp\/v2\/media?parent=6258"}],"wp:term":[{"taxonomy":"product_cat","embeddable":true,"href":"https:\/\/antykilion.pl\/it\/wp-json\/wp\/v2\/product_cat?post=6258"},{"taxonomy":"product_tag","embeddable":true,"href":"https:\/\/antykilion.pl\/it\/wp-json\/wp\/v2\/product_tag?post=6258"}],"curies":[{"name":"wp","href":"https:\/\/api.w.org\/{rel}","templated":true}]}}