{"id":6392,"date":"2022-12-12T07:19:57","date_gmt":"2022-12-12T06:19:57","guid":{"rendered":"https:\/\/antykilion.pl\/?post_type=product&#038;p=6392"},"modified":"2022-12-14T22:01:26","modified_gmt":"2022-12-14T21:01:26","slug":"para-swiecznikow-jedno-plomiennych-bogato-zdobione-xix-w-okolo-1870-r","status":"publish","type":"product","link":"https:\/\/antykilion.pl\/it\/product\/para-swiecznikow-jedno-plomiennych-bogato-zdobione-xix-w-okolo-1870-r\/","title":{"rendered":"Para \u015bwiecznik\u00f3w jedno p\u0142omiennych\u00a0 bogato zdobione, XIX w oko\u0142o 1870 r"},"content":{"rendered":"","protected":false},"excerpt":{"rendered":"<p>Para \u015bwiecznik\u00f3w jedno p\u0142omiennych\u00a0 bogato zdobione, XIX w oko\u0142o 1870 r<\/p>\n<p>\u015awieczniki w stylu Rokokowym<\/p>\n<p>Srebro pr\u00f3by 830<\/p>\n<p>Ottime condizioni<\/p>\n<p>Wymiary: Wysoko\u015b\u0107: 21 cm.<\/p>\n<p>Waga: 773g. bardzo ci\u0119\u017ckie grube<\/p>\n<p>Candelieri riempiti con l&#039;obiettivo di stabilit\u00e0<\/p>","protected":false},"featured_media":6389,"comment_status":"closed","ping_status":"closed","template":"","meta":[],"product_cat":[47,46],"product_tag":[],"class_list":{"0":"post-6392","1":"product","2":"type-product","3":"status-publish","4":"has-post-thumbnail","6":"product_cat-oswietlenie","7":"product_cat-srebra-i-platery","9":"entry","10":"has-media","12":"first","13":"instock","14":"taxable","15":"shipping-taxable","16":"purchasable","17":"product-type-simple","18":"has-product-nav","19":"col","20":"span_1_of_3","21":"owp-content-center","22":"owp-thumbs-layout-horizontal","23":"owp-btn-normal","24":"owp-tabs-layout-horizontal"},"aioseo_notices":[],"_links":{"self":[{"href":"https:\/\/antykilion.pl\/it\/wp-json\/wp\/v2\/product\/6392","targetHints":{"allow":["GET"]}}],"collection":[{"href":"https:\/\/antykilion.pl\/it\/wp-json\/wp\/v2\/product"}],"about":[{"href":"https:\/\/antykilion.pl\/it\/wp-json\/wp\/v2\/types\/product"}],"replies":[{"embeddable":true,"href":"https:\/\/antykilion.pl\/it\/wp-json\/wp\/v2\/comments?post=6392"}],"wp:featuredmedia":[{"embeddable":true,"href":"https:\/\/antykilion.pl\/it\/wp-json\/wp\/v2\/media\/6389"}],"wp:attachment":[{"href":"https:\/\/antykilion.pl\/it\/wp-json\/wp\/v2\/media?parent=6392"}],"wp:term":[{"taxonomy":"product_cat","embeddable":true,"href":"https:\/\/antykilion.pl\/it\/wp-json\/wp\/v2\/product_cat?post=6392"},{"taxonomy":"product_tag","embeddable":true,"href":"https:\/\/antykilion.pl\/it\/wp-json\/wp\/v2\/product_tag?post=6392"}],"curies":[{"name":"wp","href":"https:\/\/api.w.org\/{rel}","templated":true}]}}