{"id":6399,"date":"2022-12-12T11:03:08","date_gmt":"2022-12-12T10:03:08","guid":{"rendered":"https:\/\/antykilion.pl\/?post_type=product&#038;p=6399"},"modified":"2022-12-14T21:54:37","modified_gmt":"2022-12-14T20:54:37","slug":"para-swiecznikow-braz-zlocony-empire-xix-1810-20r","status":"publish","type":"product","link":"https:\/\/antykilion.pl\/it\/product\/para-swiecznikow-braz-zlocony-empire-xix-1810-20r\/","title":{"rendered":"Para \u015bwiecznik\u00f3w, br\u0105z z\u0142ocony Empire XIX 1810\/20r"},"content":{"rendered":"","protected":false},"excerpt":{"rendered":"<p>Para \u015bwiecznik\u00f3w, br\u0105z z\u0142ocony Empire XIX w, 1820r<\/p>\n<p>Podstawy koliste, obrze\u017cone molet\u0105 z wzorem stylizowanych drobnych kwiat\u00f3w, lekko wysklepione, z szerokim pasem ga\u0142\u0105zek r\u00f3\u017canych. Trzony wyrastaj\u0105ce z koszyka ze stylizowanych drobnymi kwiatkami, kanelowane; kapitele w formie koszyk\u00f3w z plecionki z wzorem kwiatowym<\/p>\n<p>Materia\u0142: Br\u0105z z\u0142ocony patynowany<\/p>\n<p>Stan: orginalny bardzo dobry, widoczne drobne \u015blady u\u017cytkowania<\/p>\n<p>Pochodzenie:Francja<\/p>\n<p>Wymiary: 23 cm wysoko\u015b\u0107<\/p>\n<p>Przepi\u0119kne!!!<\/p>\n<p>Polecam bardzo dobra cena.<\/p>","protected":false},"featured_media":6400,"comment_status":"closed","ping_status":"closed","template":"","meta":[],"product_cat":[47],"product_tag":[],"class_list":{"0":"post-6399","1":"product","2":"type-product","3":"status-publish","4":"has-post-thumbnail","6":"product_cat-oswietlenie","8":"entry","9":"has-media","11":"first","12":"instock","13":"taxable","14":"shipping-taxable","15":"purchasable","16":"product-type-simple","17":"has-product-nav","18":"col","19":"span_1_of_3","20":"owp-content-center","21":"owp-thumbs-layout-horizontal","22":"owp-btn-normal","23":"owp-tabs-layout-horizontal"},"aioseo_notices":[],"_links":{"self":[{"href":"https:\/\/antykilion.pl\/it\/wp-json\/wp\/v2\/product\/6399","targetHints":{"allow":["GET"]}}],"collection":[{"href":"https:\/\/antykilion.pl\/it\/wp-json\/wp\/v2\/product"}],"about":[{"href":"https:\/\/antykilion.pl\/it\/wp-json\/wp\/v2\/types\/product"}],"replies":[{"embeddable":true,"href":"https:\/\/antykilion.pl\/it\/wp-json\/wp\/v2\/comments?post=6399"}],"wp:featuredmedia":[{"embeddable":true,"href":"https:\/\/antykilion.pl\/it\/wp-json\/wp\/v2\/media\/6400"}],"wp:attachment":[{"href":"https:\/\/antykilion.pl\/it\/wp-json\/wp\/v2\/media?parent=6399"}],"wp:term":[{"taxonomy":"product_cat","embeddable":true,"href":"https:\/\/antykilion.pl\/it\/wp-json\/wp\/v2\/product_cat?post=6399"},{"taxonomy":"product_tag","embeddable":true,"href":"https:\/\/antykilion.pl\/it\/wp-json\/wp\/v2\/product_tag?post=6399"}],"curies":[{"name":"wp","href":"https:\/\/api.w.org\/{rel}","templated":true}]}}