{"id":6407,"date":"2022-12-12T12:01:20","date_gmt":"2022-12-12T11:01:20","guid":{"rendered":"https:\/\/antykilion.pl\/?post_type=product&#038;p=6407"},"modified":"2022-12-12T13:17:14","modified_gmt":"2022-12-12T12:17:14","slug":"ikona-matki-boskiej-opieki-srebro-zlocone-1751-r","status":"publish","type":"product","link":"https:\/\/antykilion.pl\/it\/product\/ikona-matki-boskiej-opieki-srebro-zlocone-1751-r\/","title":{"rendered":"Ikona Matki Boskiej Opieki srebro z\u0142ocone 1751 r"},"content":{"rendered":"","protected":false},"excerpt":{"rendered":"<p>Ikona Matki Boskiej Opieki srebro z\u0142ocone 1751 r<\/p>\n<p>Ikona ze srebrn\u0105 riz\u0105 Tempera na panelu. Srebrna Rizza z\u0142ocona ostemplowana bardzo rzadk\u0105 cyrylic\u0105 Obraz Pokrow Prze\u015bwi\u0119tej W\u0142adczyni Bogurodzicy, Moskwa 1751. W 15, S 11,5 cm.<\/p>\n<p>Napisy cyrylic\u0105.<\/p>\n<p>Oprawione za szk\u0142em w lakowej ramie 30 cm na 27 cm<\/p>\n<p>Tempera na desce,<\/p>\n<p>Napisy obja\u015bniaj\u0105ce cyrylic\u0105.<\/p>\n<p>Technika: tempra i z\u0142ocenia,<\/p>\n<p>Ottime condizioni<\/p>\n<p>Artysta :\u00a0 Moskwa 1751<\/p>\n<p>Wymiary:\u00a0 17 cm na 11,5 cm z ram\u0105 30 cm na 27 cm<\/p>\n<p>Ogromna Rzadko\u015b\u0107 !!!<\/p>\n<p>Do ka\u017cdego przedmiotu Galeria wystawia certyfikat.<\/p>","protected":false},"featured_media":6408,"comment_status":"closed","ping_status":"closed","template":"","meta":[],"product_cat":[41,39,40],"product_tag":[],"class_list":{"0":"post-6407","1":"product","2":"type-product","3":"status-publish","4":"has-post-thumbnail","6":"product_cat-malarstwo-dawne","7":"product_cat-dziela-sztuki","8":"product_cat-malarstwo","10":"entry","11":"has-media","13":"first","14":"instock","15":"taxable","16":"shipping-taxable","17":"purchasable","18":"product-type-simple","19":"has-product-nav","20":"col","21":"span_1_of_3","22":"owp-content-center","23":"owp-thumbs-layout-horizontal","24":"owp-btn-normal","25":"owp-tabs-layout-horizontal"},"aioseo_notices":[],"_links":{"self":[{"href":"https:\/\/antykilion.pl\/it\/wp-json\/wp\/v2\/product\/6407","targetHints":{"allow":["GET"]}}],"collection":[{"href":"https:\/\/antykilion.pl\/it\/wp-json\/wp\/v2\/product"}],"about":[{"href":"https:\/\/antykilion.pl\/it\/wp-json\/wp\/v2\/types\/product"}],"replies":[{"embeddable":true,"href":"https:\/\/antykilion.pl\/it\/wp-json\/wp\/v2\/comments?post=6407"}],"wp:featuredmedia":[{"embeddable":true,"href":"https:\/\/antykilion.pl\/it\/wp-json\/wp\/v2\/media\/6408"}],"wp:attachment":[{"href":"https:\/\/antykilion.pl\/it\/wp-json\/wp\/v2\/media?parent=6407"}],"wp:term":[{"taxonomy":"product_cat","embeddable":true,"href":"https:\/\/antykilion.pl\/it\/wp-json\/wp\/v2\/product_cat?post=6407"},{"taxonomy":"product_tag","embeddable":true,"href":"https:\/\/antykilion.pl\/it\/wp-json\/wp\/v2\/product_tag?post=6407"}],"curies":[{"name":"wp","href":"https:\/\/api.w.org\/{rel}","templated":true}]}}