{"id":6410,"date":"2022-12-12T13:16:31","date_gmt":"2022-12-12T12:16:31","guid":{"rendered":"https:\/\/antykilion.pl\/?post_type=product&#038;p=6410"},"modified":"2025-05-18T10:19:57","modified_gmt":"2025-05-18T08:19:57","slug":"ikona-chrystus-zbawiciel-srebro-zlocenia-moskwa-1882-r","status":"publish","type":"product","link":"https:\/\/antykilion.pl\/it\/product\/ikona-chrystus-zbawiciel-srebro-zlocenia-moskwa-1882-r\/","title":{"rendered":"Ikona Chrystus Zbawiciel srebro z\u0142ocenia Moskwa 1882 r"},"content":{"rendered":"","protected":false},"excerpt":{"rendered":"<p>Ikona Chrystus Zbawiciel srebro z\u0142ocenia Moskwa 1882 r<\/p>\n<p>Ikona ze srebrn\u0105 riz\u0105 ze z\u0142oceniami Tempera na panelu. Srebrna Rizza  z\u0142ocenia,ostemplowana cyrylic\u0105 piecz\u0119ci\u0105 wzorcow\u0105 Oklad: 84 Z\u0142otnik Moskwa, dat. 1882 i &#8216;A.K.&#8217; monogram (Aleksej Kulikov)<\/p>\n<p>Napisy cyrylic\u0105.<\/p>\n<p>Tempera na desce,<\/p>\n<p>Napisy obja\u015bniaj\u0105ce cyrylic\u0105.<\/p>\n<p>Technika: tempra<\/p>\n<p>Stan:bardzo dobry gdzie nie gdzie przetarcia malatury<\/p>\n<p>Artysta : Z\u0142otnik Moskwa, dat. 1882 i &#8216;A.K.&#8217; monogram (Aleksej Kulikov)<\/p>\n<p>Wymiary:  17,5 cm na 14 cm<\/p>\n<p>Rzadko\u015b\u0107 !!!<\/p>\n<p>Do ka\u017cdego przedmiotu Galeria wystawia certyfikat.<\/p>","protected":false},"featured_media":6411,"comment_status":"closed","ping_status":"closed","template":"","meta":[],"product_cat":[41,39,40],"product_tag":[],"class_list":{"0":"post-6410","1":"product","2":"type-product","3":"status-publish","4":"has-post-thumbnail","6":"product_cat-malarstwo-dawne","7":"product_cat-dziela-sztuki","8":"product_cat-malarstwo","10":"entry","11":"has-media","13":"first","14":"instock","15":"taxable","16":"shipping-taxable","17":"purchasable","18":"product-type-simple","19":"has-product-nav","20":"col","21":"span_1_of_3","22":"owp-content-center","23":"owp-thumbs-layout-horizontal","24":"owp-btn-normal","25":"owp-tabs-layout-horizontal","26":"has-no-thumbnails"},"aioseo_notices":[],"_links":{"self":[{"href":"https:\/\/antykilion.pl\/it\/wp-json\/wp\/v2\/product\/6410","targetHints":{"allow":["GET"]}}],"collection":[{"href":"https:\/\/antykilion.pl\/it\/wp-json\/wp\/v2\/product"}],"about":[{"href":"https:\/\/antykilion.pl\/it\/wp-json\/wp\/v2\/types\/product"}],"replies":[{"embeddable":true,"href":"https:\/\/antykilion.pl\/it\/wp-json\/wp\/v2\/comments?post=6410"}],"wp:featuredmedia":[{"embeddable":true,"href":"https:\/\/antykilion.pl\/it\/wp-json\/wp\/v2\/media\/6411"}],"wp:attachment":[{"href":"https:\/\/antykilion.pl\/it\/wp-json\/wp\/v2\/media?parent=6410"}],"wp:term":[{"taxonomy":"product_cat","embeddable":true,"href":"https:\/\/antykilion.pl\/it\/wp-json\/wp\/v2\/product_cat?post=6410"},{"taxonomy":"product_tag","embeddable":true,"href":"https:\/\/antykilion.pl\/it\/wp-json\/wp\/v2\/product_tag?post=6410"}],"curies":[{"name":"wp","href":"https:\/\/api.w.org\/{rel}","templated":true}]}}