{"id":6675,"date":"2023-03-12T16:26:35","date_gmt":"2023-03-12T15:26:35","guid":{"rendered":"https:\/\/antykilion.pl\/?post_type=product&#038;p=6675"},"modified":"2023-03-26T13:01:28","modified_gmt":"2023-03-26T11:01:28","slug":"stol-inkrustowany-klasycyzujacy-xix-w","status":"publish","type":"product","link":"https:\/\/antykilion.pl\/it\/product\/stol-inkrustowany-klasycyzujacy-xix-w\/","title":{"rendered":"St\u00f3\u0142 inkrustowany, klasycyzuj\u0105cy XIX w"},"content":{"rendered":"","protected":false},"excerpt":{"rendered":"<p>St\u00f3\u0142 inkrustowany, klasycyzuj\u0105cy XIX w<br \/>\nZ prostok\u0105tnym blatem o \u015bci\u0119tych naro\u017cach, wspartym na czterech esowatych, graniastych, zbie\u017cnych ku do\u0142owi n\u00f3\u017ckach, spi\u0119tych u do\u0142u czteroboczn\u0105 p\u00f3\u0142eczka z wkl\u0119s\u0142ymi bokami. Obrze\u017ce blatu, oskrzynienia i n\u00f3\u017cek uj\u0119te mosi\u0119\u017cn\u0105 listw\u0105, W naro\u017cach oskrzymoenia okucia w formie li\u015bci palmowych. Blat bogato inkrustowany ko\u015bci\u0105.<\/p>\n<p>Typowy dla klasycyzmu wz\u00f3r stolika,<br \/>\nMateria\u0142: Palisander, Maho\u0144?, mosi\u0105dz, ko\u015b\u0107<br \/>\nStan: \u015bredni gdzieniegdzie odchodzi \u017cy\u0142ka mosi\u0119\u017cna i krzy\u017cak wymaga przyjrzenia si\u0119<br \/>\nOrigine: Europa centrale<br \/>\nWymiary: d\u0142ugo\u015b\u0107 94 cm, wysoko\u015b\u0107 77 cm, g\u0142\u0119boko\u015b\u0107 55 cm<br \/>\n\u015aliczny stolik<\/p>","protected":false},"featured_media":6677,"comment_status":"closed","ping_status":"closed","template":"","meta":[],"product_cat":[17,33],"product_tag":[],"class_list":{"0":"post-6675","1":"product","2":"type-product","3":"status-publish","4":"has-post-thumbnail","6":"product_cat-meble","7":"product_cat-stoly-stoliki","9":"entry","10":"has-media","12":"first","13":"instock","14":"taxable","15":"shipping-taxable","16":"purchasable","17":"product-type-simple","18":"has-product-nav","19":"col","20":"span_1_of_3","21":"owp-content-center","22":"owp-thumbs-layout-horizontal","23":"owp-btn-normal","24":"owp-tabs-layout-horizontal"},"aioseo_notices":[],"_links":{"self":[{"href":"https:\/\/antykilion.pl\/it\/wp-json\/wp\/v2\/product\/6675","targetHints":{"allow":["GET"]}}],"collection":[{"href":"https:\/\/antykilion.pl\/it\/wp-json\/wp\/v2\/product"}],"about":[{"href":"https:\/\/antykilion.pl\/it\/wp-json\/wp\/v2\/types\/product"}],"replies":[{"embeddable":true,"href":"https:\/\/antykilion.pl\/it\/wp-json\/wp\/v2\/comments?post=6675"}],"wp:featuredmedia":[{"embeddable":true,"href":"https:\/\/antykilion.pl\/it\/wp-json\/wp\/v2\/media\/6677"}],"wp:attachment":[{"href":"https:\/\/antykilion.pl\/it\/wp-json\/wp\/v2\/media?parent=6675"}],"wp:term":[{"taxonomy":"product_cat","embeddable":true,"href":"https:\/\/antykilion.pl\/it\/wp-json\/wp\/v2\/product_cat?post=6675"},{"taxonomy":"product_tag","embeddable":true,"href":"https:\/\/antykilion.pl\/it\/wp-json\/wp\/v2\/product_tag?post=6675"}],"curies":[{"name":"wp","href":"https:\/\/api.w.org\/{rel}","templated":true}]}}