{"id":6684,"date":"2023-03-12T17:45:31","date_gmt":"2023-03-12T16:45:31","guid":{"rendered":"https:\/\/antykilion.pl\/?post_type=product&#038;p=6684"},"modified":"2024-05-06T17:41:09","modified_gmt":"2024-05-06T15:41:09","slug":"dziewczyna-ze-swieca-valentina-pagani-de-casorati","status":"publish","type":"product","link":"https:\/\/antykilion.pl\/it\/product\/dziewczyna-ze-swieca-valentina-pagani-de-casorati\/","title":{"rendered":"Dziewczyna ze \u015bwiec\u0105 Valentina Pagani de Casorati"},"content":{"rendered":"","protected":false},"excerpt":{"rendered":"<p>Dziewczyna ze \u015bwiec\u0105 Valentina Pagani de Casorati<\/p>\n<p>Valentina Pagani  Casorati (Roma 1863-1934)<\/p>\n<p>Tecnica: olio su tela<\/p>\n<p>Stan: bardzo dobry, <\/p>\n<p>Firma visibile nella foto<\/p>\n<p>Wymiary: p\u0142\u00f3tna  120 cm x 60 cm. + rama bardzo szeroka i ozdobna<\/p>\n<p>Pochodzenie: W\u0142ochy<\/p>\n<p>Obraz bardzo dekoracyjny<\/p>","protected":false},"featured_media":6686,"comment_status":"closed","ping_status":"closed","template":"","meta":[],"product_cat":[41,39,40],"product_tag":[],"class_list":{"0":"post-6684","1":"product","2":"type-product","3":"status-publish","4":"has-post-thumbnail","6":"product_cat-malarstwo-dawne","7":"product_cat-dziela-sztuki","8":"product_cat-malarstwo","10":"entry","11":"has-media","13":"first","14":"instock","15":"taxable","16":"shipping-taxable","17":"purchasable","18":"product-type-simple","19":"has-product-nav","20":"col","21":"span_1_of_3","22":"owp-content-center","23":"owp-thumbs-layout-horizontal","24":"owp-btn-normal","25":"owp-tabs-layout-horizontal"},"aioseo_notices":[],"_links":{"self":[{"href":"https:\/\/antykilion.pl\/it\/wp-json\/wp\/v2\/product\/6684","targetHints":{"allow":["GET"]}}],"collection":[{"href":"https:\/\/antykilion.pl\/it\/wp-json\/wp\/v2\/product"}],"about":[{"href":"https:\/\/antykilion.pl\/it\/wp-json\/wp\/v2\/types\/product"}],"replies":[{"embeddable":true,"href":"https:\/\/antykilion.pl\/it\/wp-json\/wp\/v2\/comments?post=6684"}],"wp:featuredmedia":[{"embeddable":true,"href":"https:\/\/antykilion.pl\/it\/wp-json\/wp\/v2\/media\/6686"}],"wp:attachment":[{"href":"https:\/\/antykilion.pl\/it\/wp-json\/wp\/v2\/media?parent=6684"}],"wp:term":[{"taxonomy":"product_cat","embeddable":true,"href":"https:\/\/antykilion.pl\/it\/wp-json\/wp\/v2\/product_cat?post=6684"},{"taxonomy":"product_tag","embeddable":true,"href":"https:\/\/antykilion.pl\/it\/wp-json\/wp\/v2\/product_tag?post=6684"}],"curies":[{"name":"wp","href":"https:\/\/api.w.org\/{rel}","templated":true}]}}