{"id":6699,"date":"2023-03-12T18:52:31","date_gmt":"2023-03-12T17:52:31","guid":{"rendered":"https:\/\/antykilion.pl\/?post_type=product&#038;p=6699"},"modified":"2023-08-14T18:50:51","modified_gmt":"2023-08-14T16:50:51","slug":"para-swiecznikow-w-stylu-barokowym-austria-wieden-1834","status":"publish","type":"product","link":"https:\/\/antykilion.pl\/it\/product\/para-swiecznikow-w-stylu-barokowym-austria-wieden-1834\/","title":{"rendered":"Para \u015bwiecznik\u00f3w w stylu Barokowym Austria Wiede\u0144 1834"},"content":{"rendered":"","protected":false},"excerpt":{"rendered":"<p>Para \u015bwiecznik\u00f3w w stylu Barokowym Austria Wiede\u0144 1834<\/p>\n<p>\u015awieczniki w stylu barokowym<\/p>\n<p>Sygnatura producenta T&#038;Co, Wiede\u0144 1843 ?<\/p>\n<p>Srebro pr\u00f3by 13 \u0142ut,<\/p>\n<p>Ottime condizioni<\/p>\n<p>Wymiary: Wysoko\u015b\u0107 32 cm, bardzo du\u017ce<\/p>\n<p>Candelieri riempiti con l&#039;obiettivo di stabilit\u00e0<\/p>","protected":false},"featured_media":6700,"comment_status":"closed","ping_status":"closed","template":"","meta":[],"product_cat":[47,46],"product_tag":[],"class_list":{"0":"post-6699","1":"product","2":"type-product","3":"status-publish","4":"has-post-thumbnail","6":"product_cat-oswietlenie","7":"product_cat-srebra-i-platery","9":"entry","10":"has-media","12":"first","13":"instock","14":"taxable","15":"shipping-taxable","16":"purchasable","17":"product-type-simple","18":"has-product-nav","19":"col","20":"span_1_of_3","21":"owp-content-center","22":"owp-thumbs-layout-horizontal","23":"owp-btn-normal","24":"owp-tabs-layout-horizontal"},"aioseo_notices":[],"_links":{"self":[{"href":"https:\/\/antykilion.pl\/it\/wp-json\/wp\/v2\/product\/6699","targetHints":{"allow":["GET"]}}],"collection":[{"href":"https:\/\/antykilion.pl\/it\/wp-json\/wp\/v2\/product"}],"about":[{"href":"https:\/\/antykilion.pl\/it\/wp-json\/wp\/v2\/types\/product"}],"replies":[{"embeddable":true,"href":"https:\/\/antykilion.pl\/it\/wp-json\/wp\/v2\/comments?post=6699"}],"wp:featuredmedia":[{"embeddable":true,"href":"https:\/\/antykilion.pl\/it\/wp-json\/wp\/v2\/media\/6700"}],"wp:attachment":[{"href":"https:\/\/antykilion.pl\/it\/wp-json\/wp\/v2\/media?parent=6699"}],"wp:term":[{"taxonomy":"product_cat","embeddable":true,"href":"https:\/\/antykilion.pl\/it\/wp-json\/wp\/v2\/product_cat?post=6699"},{"taxonomy":"product_tag","embeddable":true,"href":"https:\/\/antykilion.pl\/it\/wp-json\/wp\/v2\/product_tag?post=6699"}],"curies":[{"name":"wp","href":"https:\/\/api.w.org\/{rel}","templated":true}]}}