{"id":6743,"date":"2023-03-13T11:47:13","date_gmt":"2023-03-13T10:47:13","guid":{"rendered":"https:\/\/antykilion.pl\/?post_type=product&#038;p=6743"},"modified":"2023-03-13T11:47:13","modified_gmt":"2023-03-13T10:47:13","slug":"sekretarzyk-w-manierze-ludwika-xvi-xix-w-1890-r","status":"publish","type":"product","link":"https:\/\/antykilion.pl\/it\/product\/sekretarzyk-w-manierze-ludwika-xvi-xix-w-1890-r\/","title":{"rendered":"Sekretarzyk w manierze Ludwika XVI XIX w, 1890 r"},"content":{"rendered":"","protected":false},"excerpt":{"rendered":"<p>Sekretarzyk w manierze Ludwika XVI XIX w, 1890 r<\/p>\n<p>w formie prostok\u0105tnego stolika, z\u00a0 kanelowanym cylindrycznym b\u0119bnem na kt\u00f3ry umieszczona jest nadstawka z dwiema szufladami ca\u0142o\u015b\u0107 wyko\u0144czona na g\u00f3rze mosi\u0119\u017cn\u0105 galeryjk\u0105 pod klap\u0105 umieszczone s\u0105 po trzy szuflady z ka\u017cdej strony po \u015brodku galeria z przegrodami na dokumenty. W oskrzynieniu umieszczone s\u0105 dwie szuflady nad kt\u00f3rymi umieszczony jest wysuwaj\u0105cy si\u0119 pulpit do pisania, wsparty na czterech smuk\u0142ych, toczonych, zbie\u017cnych i kanelowanych n\u00f3\u017ckach, ca\u0142o\u015b\u0107 wyko\u0144czona mosi\u0119\u017cnymi listwami oraz dekorowane mosi\u0119\u017cnymi aplikacjami i pere\u0142kami. Sekretarzyk bardzo bogato intarsjowany jasn\u0105 w tzw karo z r\u00f3\u017cnego rodzaju drzewa, tworz\u0105c\u0105 geometryczne pola.<\/p>\n<p>Sekretarzyk, o niespotykanej formie i dekoracji.<\/p>\n<p>Materia\u0142: buczyna; fornir &#8211; palisander; intarsje &#8211; brzoza.<\/p>\n<p>Pochodzenie: Europa \u015arodkowa, 2 po\u0142. XIX w.<\/p>\n<p>Wymiary: wysoko\u015b\u0107 do blatu 74 cm, wysoko\u015b\u0107 ca\u0142kowita\u00a0 108 cm, szeroko\u015b\u0107 89 cm, g\u0142\u0119boko\u015b\u0107 45 cm.<\/p>\n<p>Stan: Bardzo dobry po koserwacji w latach 80 z nalepk\u0105 z pracowni konserwatorskiej i ocen\u0105 konserwacji. Widoczne drobne \u015blady u\u017cytkowania<\/p>\n<p>Do ka\u017cdego przedmiotu wystawiamy certyfikat<\/p>","protected":false},"featured_media":6740,"comment_status":"closed","ping_status":"closed","template":"","meta":[],"product_cat":[17,31],"product_tag":[],"class_list":{"0":"post-6743","1":"product","2":"type-product","3":"status-publish","4":"has-post-thumbnail","6":"product_cat-meble","7":"product_cat-sekretery-sekretarzyki-biurka","9":"entry","10":"has-media","12":"first","13":"instock","14":"taxable","15":"shipping-taxable","16":"purchasable","17":"product-type-simple","18":"has-product-nav","19":"col","20":"span_1_of_3","21":"owp-content-center","22":"owp-thumbs-layout-horizontal","23":"owp-btn-normal","24":"owp-tabs-layout-horizontal"},"aioseo_notices":[],"_links":{"self":[{"href":"https:\/\/antykilion.pl\/it\/wp-json\/wp\/v2\/product\/6743","targetHints":{"allow":["GET"]}}],"collection":[{"href":"https:\/\/antykilion.pl\/it\/wp-json\/wp\/v2\/product"}],"about":[{"href":"https:\/\/antykilion.pl\/it\/wp-json\/wp\/v2\/types\/product"}],"replies":[{"embeddable":true,"href":"https:\/\/antykilion.pl\/it\/wp-json\/wp\/v2\/comments?post=6743"}],"wp:featuredmedia":[{"embeddable":true,"href":"https:\/\/antykilion.pl\/it\/wp-json\/wp\/v2\/media\/6740"}],"wp:attachment":[{"href":"https:\/\/antykilion.pl\/it\/wp-json\/wp\/v2\/media?parent=6743"}],"wp:term":[{"taxonomy":"product_cat","embeddable":true,"href":"https:\/\/antykilion.pl\/it\/wp-json\/wp\/v2\/product_cat?post=6743"},{"taxonomy":"product_tag","embeddable":true,"href":"https:\/\/antykilion.pl\/it\/wp-json\/wp\/v2\/product_tag?post=6743"}],"curies":[{"name":"wp","href":"https:\/\/api.w.org\/{rel}","templated":true}]}}