{"id":6797,"date":"2023-04-16T12:09:33","date_gmt":"2023-04-16T10:09:33","guid":{"rendered":"https:\/\/antykilion.pl\/?post_type=product&#038;p=6797"},"modified":"2023-04-16T12:09:33","modified_gmt":"2023-04-16T10:09:33","slug":"lampa-stolowa-w-formie-wazy-typu-sevres-xix-w-1870-r-obledna","status":"publish","type":"product","link":"https:\/\/antykilion.pl\/it\/product\/lampa-stolowa-w-formie-wazy-typu-sevres-xix-w-1870-r-obledna\/","title":{"rendered":"Lampa sto\u0142owa, w formie wazy typu sevres XIX w 1870 r ob\u0142\u0119dna"},"content":{"rendered":"","protected":false},"excerpt":{"rendered":"<p>Lampa sto\u0142owa, w formie wazy typu sevres XIX w 1870 r ob\u0142\u0119dna<\/p>\n<p>Po jednej stronie malowana miniatura przedstawiaj\u0105ca zakochan\u0105 par\u0119 za\u015b na drugiej bukiet kwiat\u00f3w, z\u0142ocenia wypuk\u0142e.<\/p>\n<p>Materia\u0142: Porcelana farba naszkliwna, br\u0105z, odlew cyzelowany, z\u0142ocony;<\/p>\n<p>wys. 70 cm,<\/p>\n<p>Francja, Pary\u017c, typu sevres<\/p>\n<p>Stan: Bardzo dobry wr\u0119cz rewelacyjny<\/p>","protected":false},"featured_media":6798,"comment_status":"closed","ping_status":"closed","template":"","meta":[],"product_cat":[47,50],"product_tag":[],"class_list":{"0":"post-6797","1":"product","2":"type-product","3":"status-publish","4":"has-post-thumbnail","6":"product_cat-oswietlenie","7":"product_cat-porcelana-i-fajans","9":"entry","10":"has-media","12":"first","13":"instock","14":"taxable","15":"shipping-taxable","16":"purchasable","17":"product-type-simple","18":"has-product-nav","19":"col","20":"span_1_of_3","21":"owp-content-center","22":"owp-thumbs-layout-horizontal","23":"owp-btn-normal","24":"owp-tabs-layout-horizontal"},"aioseo_notices":[],"_links":{"self":[{"href":"https:\/\/antykilion.pl\/it\/wp-json\/wp\/v2\/product\/6797","targetHints":{"allow":["GET"]}}],"collection":[{"href":"https:\/\/antykilion.pl\/it\/wp-json\/wp\/v2\/product"}],"about":[{"href":"https:\/\/antykilion.pl\/it\/wp-json\/wp\/v2\/types\/product"}],"replies":[{"embeddable":true,"href":"https:\/\/antykilion.pl\/it\/wp-json\/wp\/v2\/comments?post=6797"}],"wp:featuredmedia":[{"embeddable":true,"href":"https:\/\/antykilion.pl\/it\/wp-json\/wp\/v2\/media\/6798"}],"wp:attachment":[{"href":"https:\/\/antykilion.pl\/it\/wp-json\/wp\/v2\/media?parent=6797"}],"wp:term":[{"taxonomy":"product_cat","embeddable":true,"href":"https:\/\/antykilion.pl\/it\/wp-json\/wp\/v2\/product_cat?post=6797"},{"taxonomy":"product_tag","embeddable":true,"href":"https:\/\/antykilion.pl\/it\/wp-json\/wp\/v2\/product_tag?post=6797"}],"curies":[{"name":"wp","href":"https:\/\/api.w.org\/{rel}","templated":true}]}}