{"id":6888,"date":"2023-04-25T09:16:59","date_gmt":"2023-04-25T07:16:59","guid":{"rendered":"https:\/\/antykilion.pl\/?post_type=product&#038;p=6888"},"modified":"2023-10-26T07:46:12","modified_gmt":"2023-10-26T05:46:12","slug":"zimowy-wieczor-wiktor-korecki-orginal","status":"publish","type":"product","link":"https:\/\/antykilion.pl\/it\/product\/zimowy-wieczor-wiktor-korecki-orginal\/","title":{"rendered":"Zimowy wiecz\u00f3r, Wiktor Korecki Orgina\u0142 !"},"content":{"rendered":"","protected":false},"excerpt":{"rendered":"<p>Galleria Antiquariato e Lion Art<\/p>\n<p>Zimowy wiecz\u00f3r, Wiktor Korecki Orgina\u0142 !<\/p>\n<p>Tecnica: olio su tela<\/p>\n<p>Condizioni: ottime<\/p>\n<p>Firma: visibile nella foto<\/p>\n<p>Wymiary: p\u0142\u00f3tna 60 x 90 cm + rama<\/p>\n<p>Di seguito, informazioni sull&#039;artista.<\/p>\n<p>Ha studiato alla NI Muraszki Drawing School di Kiev. Nel 1921 si trasfer\u00ec a Varsavia, dove apr\u00ec uno studio che bruci\u00f2 durante la rivolta di Varsavia, e con esso molte delle sue opere. Ha presentato le sue opere molte volte in mostre presso la Society for the Encouragement of Fine Arts. Torn\u00f2 in Polonia nel 1946 e si stabil\u00ec vicino a Varsavia, prima a Komor\u00f3w, poi a Milan\u00f3wek. Il suo lavoro \u00e8 stato influenzato dai dipinti di Che\u0142mo\u0144ski e Rapacki. L&#039;artista ha creato principalmente paesaggi masoviani: tramonti, prati, stagni nebbiosi, villaggi o paesaggi invernali con il motivo di una strada forestale e un ruscello che serpeggia tra la neve.<\/p>\n<p>Do ka\u017cdego przedmiotu Galeria wystawia certyfikat.<\/p>","protected":false},"featured_media":6889,"comment_status":"closed","ping_status":"closed","template":"","meta":[],"product_cat":[41,39,40],"product_tag":[],"class_list":{"0":"post-6888","1":"product","2":"type-product","3":"status-publish","4":"has-post-thumbnail","6":"product_cat-malarstwo-dawne","7":"product_cat-dziela-sztuki","8":"product_cat-malarstwo","10":"entry","11":"has-media","13":"first","14":"instock","15":"taxable","16":"shipping-taxable","17":"purchasable","18":"product-type-simple","19":"has-product-nav","20":"col","21":"span_1_of_3","22":"owp-content-center","23":"owp-thumbs-layout-horizontal","24":"owp-btn-normal","25":"owp-tabs-layout-horizontal"},"aioseo_notices":[],"_links":{"self":[{"href":"https:\/\/antykilion.pl\/it\/wp-json\/wp\/v2\/product\/6888","targetHints":{"allow":["GET"]}}],"collection":[{"href":"https:\/\/antykilion.pl\/it\/wp-json\/wp\/v2\/product"}],"about":[{"href":"https:\/\/antykilion.pl\/it\/wp-json\/wp\/v2\/types\/product"}],"replies":[{"embeddable":true,"href":"https:\/\/antykilion.pl\/it\/wp-json\/wp\/v2\/comments?post=6888"}],"wp:featuredmedia":[{"embeddable":true,"href":"https:\/\/antykilion.pl\/it\/wp-json\/wp\/v2\/media\/6889"}],"wp:attachment":[{"href":"https:\/\/antykilion.pl\/it\/wp-json\/wp\/v2\/media?parent=6888"}],"wp:term":[{"taxonomy":"product_cat","embeddable":true,"href":"https:\/\/antykilion.pl\/it\/wp-json\/wp\/v2\/product_cat?post=6888"},{"taxonomy":"product_tag","embeddable":true,"href":"https:\/\/antykilion.pl\/it\/wp-json\/wp\/v2\/product_tag?post=6888"}],"curies":[{"name":"wp","href":"https:\/\/api.w.org\/{rel}","templated":true}]}}