{"id":6914,"date":"2023-04-27T14:16:22","date_gmt":"2023-04-27T12:16:22","guid":{"rendered":"https:\/\/antykilion.pl\/?post_type=product&#038;p=6914"},"modified":"2023-09-13T18:59:09","modified_gmt":"2023-09-13T16:59:09","slug":"para-5-swiecowych-kandelabrow-w-stylu-ludwika-xv-okolo-1840-r","status":"publish","type":"product","link":"https:\/\/antykilion.pl\/it\/product\/para-5-swiecowych-kandelabrow-w-stylu-ludwika-xv-okolo-1840-r\/","title":{"rendered":"Para 5 \u015bwiecowych, kandelabr\u00f3w w stylu ludwika XV\u00a0 oko\u0142o 1840 r"},"content":{"rendered":"","protected":false},"excerpt":{"rendered":"<p>Para 5 \u015bwiecowych, kandelabr\u00f3w w stylu ludwika XV\u00a0 oko\u0142o 1840 r<\/p>\n<p>wspartych na trzech wolutowych n\u00f3\u017ckach i kolistej stopie, z tralkowym trzonem w kt\u00f3rym osadzona jest nastawa z trzonem w formie ga\u0142\u0105zki akantowej zwie\u0144czonej kielichowat\u0105 tulejk\u0105 na \u015bwiec\u0119, pod kt\u00f3r\u0105 talerzykowata profitka, z bok\u00f3w pi\u0119\u0107 ramion utworzonych z wolut akantowych zako\u0144czonych tulejkami na \u015bwiece; ca\u0142o\u015b\u0107 bogato zdobiona reliefowymi ornamentami neorokokowymi z wolut, rocailles, li\u015bci akantu;<\/p>\n<p>Materia\u0142: Br\u0105z z\u0142ocony matowo i\u00a0 polerowany<\/p>\n<p>Wymiary: Wysoko\u015b\u0107 60 cm. szeroko\u015b\u0107 30 cm ogromne i bardzo ci\u0119\u017ckie<\/p>\n<p>Stan: bardzo dobry. Pi\u0119kne !!!<\/p>","protected":false},"featured_media":6916,"comment_status":"closed","ping_status":"closed","template":"","meta":[],"product_cat":[47],"product_tag":[],"class_list":{"0":"post-6914","1":"product","2":"type-product","3":"status-publish","4":"has-post-thumbnail","6":"product_cat-oswietlenie","8":"entry","9":"has-media","11":"first","12":"instock","13":"taxable","14":"shipping-taxable","15":"purchasable","16":"product-type-simple","17":"has-product-nav","18":"col","19":"span_1_of_3","20":"owp-content-center","21":"owp-thumbs-layout-horizontal","22":"owp-btn-normal","23":"owp-tabs-layout-horizontal"},"aioseo_notices":[],"_links":{"self":[{"href":"https:\/\/antykilion.pl\/it\/wp-json\/wp\/v2\/product\/6914","targetHints":{"allow":["GET"]}}],"collection":[{"href":"https:\/\/antykilion.pl\/it\/wp-json\/wp\/v2\/product"}],"about":[{"href":"https:\/\/antykilion.pl\/it\/wp-json\/wp\/v2\/types\/product"}],"replies":[{"embeddable":true,"href":"https:\/\/antykilion.pl\/it\/wp-json\/wp\/v2\/comments?post=6914"}],"wp:featuredmedia":[{"embeddable":true,"href":"https:\/\/antykilion.pl\/it\/wp-json\/wp\/v2\/media\/6916"}],"wp:attachment":[{"href":"https:\/\/antykilion.pl\/it\/wp-json\/wp\/v2\/media?parent=6914"}],"wp:term":[{"taxonomy":"product_cat","embeddable":true,"href":"https:\/\/antykilion.pl\/it\/wp-json\/wp\/v2\/product_cat?post=6914"},{"taxonomy":"product_tag","embeddable":true,"href":"https:\/\/antykilion.pl\/it\/wp-json\/wp\/v2\/product_tag?post=6914"}],"curies":[{"name":"wp","href":"https:\/\/api.w.org\/{rel}","templated":true}]}}