{"id":6946,"date":"2023-05-09T13:57:32","date_gmt":"2023-05-09T11:57:32","guid":{"rendered":"https:\/\/antykilion.pl\/?post_type=product&#038;p=6946"},"modified":"2023-05-09T13:57:32","modified_gmt":"2023-05-09T11:57:32","slug":"stolik-pomocniczy-rokoko-barok-xviii-w-okolo-1740","status":"publish","type":"product","link":"https:\/\/antykilion.pl\/it\/product\/stolik-pomocniczy-rokoko-barok-xviii-w-okolo-1740\/","title":{"rendered":"Stolik pomocniczy rokoko- barok XVIII w oko\u0142o 1740"},"content":{"rendered":"","protected":false},"excerpt":{"rendered":"<p>Stolik pomocniczy rokoko- barok XVIII w oko\u0142o 1740<\/p>\n<p>o falistych elementach szkieletu, z blatem zbli\u017conym do prostok\u0105ta o wysuni\u0119tych i falisto zaokr\u0105glonych naro\u017cach, fornirowanym i bogato intarsjowanym, z szuflad\u0105 w oskrzynieniu, wsparty na czterech esowatych n\u00f3\u017ckach, zako\u0144czonych stylizowanymi rze\u017abionymi rocaillami. Blat uj\u0119ty obramieniem, \u017cy\u0142kami i wst\u0119gami tworz\u0105cymi faliste pola, wype\u0142nione wewn\u0105trz intarsjowanym obrazem papugi na palmowym li\u015bciu. Oskrzynienie u do\u0142u fali\u015bcie wyci\u0119te, fornirowane.<\/p>\n<p>Materia\u0142: konstrukcja &#8211; orzech oraz inne forniry wykorzystane w intarsjach<\/p>\n<p>Pochodzenie: Europa \u015arodkowa, 1 po\u0142. XVIII\u00a0 w. Polska ?<\/p>\n<p>Wymiary: wysoko\u015b\u0107 75 cm, szeroko\u015b\u0107 97 cm, g\u0142\u0119boko\u015b\u0107 61 cm.<\/p>\n<p>Stan:bardzo dobry orginalny naturalne \u015blady u\u017cytkowania<\/p>\n<p>Do ka\u017cdego przedmiotu wystawiamy certyfikat<\/p>\n<p>Ogromna rzadko\u015b\u0107 !!!<\/p>","protected":false},"featured_media":6947,"comment_status":"closed","ping_status":"closed","template":"","meta":[],"product_cat":[17,33],"product_tag":[],"class_list":{"0":"post-6946","1":"product","2":"type-product","3":"status-publish","4":"has-post-thumbnail","6":"product_cat-meble","7":"product_cat-stoly-stoliki","9":"entry","10":"has-media","12":"first","13":"instock","14":"taxable","15":"shipping-taxable","16":"purchasable","17":"product-type-simple","18":"has-product-nav","19":"col","20":"span_1_of_3","21":"owp-content-center","22":"owp-thumbs-layout-horizontal","23":"owp-btn-normal","24":"owp-tabs-layout-horizontal"},"aioseo_notices":[],"_links":{"self":[{"href":"https:\/\/antykilion.pl\/it\/wp-json\/wp\/v2\/product\/6946","targetHints":{"allow":["GET"]}}],"collection":[{"href":"https:\/\/antykilion.pl\/it\/wp-json\/wp\/v2\/product"}],"about":[{"href":"https:\/\/antykilion.pl\/it\/wp-json\/wp\/v2\/types\/product"}],"replies":[{"embeddable":true,"href":"https:\/\/antykilion.pl\/it\/wp-json\/wp\/v2\/comments?post=6946"}],"wp:featuredmedia":[{"embeddable":true,"href":"https:\/\/antykilion.pl\/it\/wp-json\/wp\/v2\/media\/6947"}],"wp:attachment":[{"href":"https:\/\/antykilion.pl\/it\/wp-json\/wp\/v2\/media?parent=6946"}],"wp:term":[{"taxonomy":"product_cat","embeddable":true,"href":"https:\/\/antykilion.pl\/it\/wp-json\/wp\/v2\/product_cat?post=6946"},{"taxonomy":"product_tag","embeddable":true,"href":"https:\/\/antykilion.pl\/it\/wp-json\/wp\/v2\/product_tag?post=6946"}],"curies":[{"name":"wp","href":"https:\/\/api.w.org\/{rel}","templated":true}]}}