{"id":7005,"date":"2023-05-22T10:59:03","date_gmt":"2023-05-22T08:59:03","guid":{"rendered":"https:\/\/antykilion.pl\/?post_type=product&#038;p=7005"},"modified":"2023-05-22T10:59:03","modified_gmt":"2023-05-22T08:59:03","slug":"zegar-secesyjny-wiszacy-dab-sygn-junghans-ok-1900-r","status":"publish","type":"product","link":"https:\/\/antykilion.pl\/it\/product\/zegar-secesyjny-wiszacy-dab-sygn-junghans-ok-1900-r\/","title":{"rendered":"Zegar Secesyjny wisz\u0105cy d\u0105b\u00a0 &#8211; sygn. Junghans , ok. 1900 r."},"content":{"rendered":"","protected":false},"excerpt":{"rendered":"<p>Zegar Secesyjny wisz\u0105cy d\u0105b\u00a0 &#8211; sygn. Junghans , ok. 1900 r.<\/p>\n<p>Pi\u0119kna d\u0119bowa obudowa w secesyjnej elegancji. Pi\u0119kna tarcza i wahad\u0142o.<\/p>\n<p>Mechanizm sprawny, idealnie chodz\u0105cy, po przegl\u0105dzie. Gong wybijanie g\u0142\u0119bokim, pi\u0119knym tonem pe\u0142nych i p\u00f3\u0142godzin<\/p>\n<p>Wymiary: wysoko\u015b\u0107 &#8211; 85 cm , szeroko\u015b\u0107 &#8211; 35 cm , g\u0142\u0119boko\u015b\u0107 &#8211; 17 cm.<\/p>\n<p>Bello fa impressione !!!<\/p>\n<p>zegar w pe\u0142ni sprawny po przegl\u0105dzie zegarmistrzowskim<\/p>","protected":false},"featured_media":7006,"comment_status":"closed","ping_status":"closed","template":"","meta":[],"product_cat":[53,51],"product_tag":[],"class_list":{"0":"post-7005","1":"product","2":"type-product","3":"status-publish","4":"has-post-thumbnail","6":"product_cat-zegary-wiszace","7":"product_cat-zegary","9":"entry","10":"has-media","12":"first","13":"instock","14":"taxable","15":"shipping-taxable","16":"purchasable","17":"product-type-simple","18":"has-product-nav","19":"col","20":"span_1_of_3","21":"owp-content-center","22":"owp-thumbs-layout-horizontal","23":"owp-btn-normal","24":"owp-tabs-layout-horizontal","25":"has-no-thumbnails"},"aioseo_notices":[],"_links":{"self":[{"href":"https:\/\/antykilion.pl\/it\/wp-json\/wp\/v2\/product\/7005","targetHints":{"allow":["GET"]}}],"collection":[{"href":"https:\/\/antykilion.pl\/it\/wp-json\/wp\/v2\/product"}],"about":[{"href":"https:\/\/antykilion.pl\/it\/wp-json\/wp\/v2\/types\/product"}],"replies":[{"embeddable":true,"href":"https:\/\/antykilion.pl\/it\/wp-json\/wp\/v2\/comments?post=7005"}],"wp:featuredmedia":[{"embeddable":true,"href":"https:\/\/antykilion.pl\/it\/wp-json\/wp\/v2\/media\/7006"}],"wp:attachment":[{"href":"https:\/\/antykilion.pl\/it\/wp-json\/wp\/v2\/media?parent=7005"}],"wp:term":[{"taxonomy":"product_cat","embeddable":true,"href":"https:\/\/antykilion.pl\/it\/wp-json\/wp\/v2\/product_cat?post=7005"},{"taxonomy":"product_tag","embeddable":true,"href":"https:\/\/antykilion.pl\/it\/wp-json\/wp\/v2\/product_tag?post=7005"}],"curies":[{"name":"wp","href":"https:\/\/api.w.org\/{rel}","templated":true}]}}