{"id":7027,"date":"2023-06-18T11:42:28","date_gmt":"2023-06-18T09:42:28","guid":{"rendered":"https:\/\/antykilion.pl\/?post_type=product&#038;p=7027"},"modified":"2026-03-14T12:45:36","modified_gmt":"2026-03-14T11:45:36","slug":"sofa-zlocona-w-stylu-ludwika-xv-okolo-1870-r-piekna","status":"publish","type":"product","link":"https:\/\/antykilion.pl\/it\/product\/sofa-zlocona-w-stylu-ludwika-xv-okolo-1870-r-piekna\/","title":{"rendered":"Sofa z\u0142ocona w stylu Ludwika XV oko\u0142o 1870 r pi\u0119kna"},"content":{"rendered":"","protected":false},"excerpt":{"rendered":"<p>Galeria Antyki i Sztuka Lion zaprasza<\/p>\n<p>Sofa z\u0142ocona w stylu Ludwika XV oko\u0142o 1870 r pi\u0119kna<\/p>\n<p>o falistych i profilowanych elementach szkieletu, rze\u017abionych w li\u015bcie, kwiaty, muszle i poz\u0142acanych, z prostok\u0105tnym\u00a0 oparciem, lekko zaokr\u0105glonym na bokach, falistym siedzeniem i esowatymi por\u0119czami oraz wspornikami, tapicerowana, wsparta na sze\u015bciu esowatych n\u00f3\u017ckach;<\/p>\n<p>Stan: bardzo dobry orginalny \u0142\u0105cznie z tapicerk\u0105<\/p>\n<p>Pochodzenie; Francja,\u00a0 oko\u0142o 1870\/90 r<\/p>\n<p>Materia\u0142: Brzoza ? z\u0142ocona<\/p>\n<p>Wymiary:\u00a0 wysoko\u015b\u0107 110 cm D\u0142ugo\u015b\u0107 165 cm, g\u0142\u0119boko\u015b\u0107 70 cm, wysoko\u015b\u0107 siedziska oko\u0142o 42 cm<\/p>","protected":false},"featured_media":7028,"comment_status":"closed","ping_status":"closed","template":"","meta":[],"product_cat":[17,32],"product_tag":[],"class_list":{"0":"post-7027","1":"product","2":"type-product","3":"status-publish","4":"has-post-thumbnail","6":"product_cat-meble","7":"product_cat-sofy","9":"entry","10":"has-media","12":"first","13":"instock","14":"taxable","15":"shipping-taxable","16":"purchasable","17":"product-type-simple","18":"has-product-nav","19":"col","20":"span_1_of_3","21":"owp-content-center","22":"owp-thumbs-layout-horizontal","23":"owp-btn-normal","24":"owp-tabs-layout-horizontal"},"aioseo_notices":[],"_links":{"self":[{"href":"https:\/\/antykilion.pl\/it\/wp-json\/wp\/v2\/product\/7027","targetHints":{"allow":["GET"]}}],"collection":[{"href":"https:\/\/antykilion.pl\/it\/wp-json\/wp\/v2\/product"}],"about":[{"href":"https:\/\/antykilion.pl\/it\/wp-json\/wp\/v2\/types\/product"}],"replies":[{"embeddable":true,"href":"https:\/\/antykilion.pl\/it\/wp-json\/wp\/v2\/comments?post=7027"}],"wp:featuredmedia":[{"embeddable":true,"href":"https:\/\/antykilion.pl\/it\/wp-json\/wp\/v2\/media\/7028"}],"wp:attachment":[{"href":"https:\/\/antykilion.pl\/it\/wp-json\/wp\/v2\/media?parent=7027"}],"wp:term":[{"taxonomy":"product_cat","embeddable":true,"href":"https:\/\/antykilion.pl\/it\/wp-json\/wp\/v2\/product_cat?post=7027"},{"taxonomy":"product_tag","embeddable":true,"href":"https:\/\/antykilion.pl\/it\/wp-json\/wp\/v2\/product_tag?post=7027"}],"curies":[{"name":"wp","href":"https:\/\/api.w.org\/{rel}","templated":true}]}}