{"id":7034,"date":"2023-06-18T12:28:03","date_gmt":"2023-06-18T10:28:03","guid":{"rendered":"https:\/\/antykilion.pl\/?post_type=product&#038;p=7034"},"modified":"2023-08-18T12:15:55","modified_gmt":"2023-08-18T10:15:55","slug":"krzesla-zlocone-ludwik-filip-okolo-1860-r-piekne","status":"publish","type":"product","link":"https:\/\/antykilion.pl\/it\/product\/krzesla-zlocone-ludwik-filip-okolo-1860-r-piekne\/","title":{"rendered":"Krzes\u0142a z\u0142ocone Ludwik Filip oko\u0142o 1860 r pi\u0119kne"},"content":{"rendered":"","protected":false},"excerpt":{"rendered":"<p>Krzes\u0142a z\u0142ocone Ludwik Filip oko\u0142o 1860 r pi\u0119kne<\/p>\n<p>o kartuszowych oparciach, lekko odchylonych do ty\u0142u, siedzenia na bokach wybrzuszonych, a od frontu faliste, wsparte na esowatych nogach, przednich profilowanych zako\u0144czonych rolkami, oparcie jak i siedzisko oraz nogi bogato zdobione rze\u017abionymi kwiatami i li\u015b\u0107mi.<\/p>\n<p>Komplet siedzisk w stylu z 2 po\u0142. XIX wieku o typowej formie z profilowanymi i falistymi elegantami szkieletu, wykonanego z modnego mahoniu.<\/p>\n<p>Stan: bardzo dobry orginalny &#8211; widoczne \u015blady u\u017cytkowania<\/p>\n<p>Pochodzenie; Polska ? oko\u0142o 1850\/60<\/p>\n<p>Materia\u0142: buk, brzoza? z\u0142ocona<\/p>\n<p>Wymiary:\u00a0 wysoko\u015b\u0107 110 cm D\u0142ugo\u015b\u0107 60 cm, g\u0142\u0119boko\u015b\u0107 60 cm, wysoko\u015b\u0107 siedziska oko\u0142o 49 cm<\/p>","protected":false},"featured_media":7035,"comment_status":"closed","ping_status":"closed","template":"","meta":[],"product_cat":[28,17],"product_tag":[],"class_list":{"0":"post-7034","1":"product","2":"type-product","3":"status-publish","4":"has-post-thumbnail","6":"product_cat-krzesla","7":"product_cat-meble","9":"entry","10":"has-media","12":"first","13":"instock","14":"taxable","15":"shipping-taxable","16":"purchasable","17":"product-type-simple","18":"has-product-nav","19":"col","20":"span_1_of_3","21":"owp-content-center","22":"owp-thumbs-layout-horizontal","23":"owp-btn-normal","24":"owp-tabs-layout-horizontal"},"aioseo_notices":[],"_links":{"self":[{"href":"https:\/\/antykilion.pl\/it\/wp-json\/wp\/v2\/product\/7034","targetHints":{"allow":["GET"]}}],"collection":[{"href":"https:\/\/antykilion.pl\/it\/wp-json\/wp\/v2\/product"}],"about":[{"href":"https:\/\/antykilion.pl\/it\/wp-json\/wp\/v2\/types\/product"}],"replies":[{"embeddable":true,"href":"https:\/\/antykilion.pl\/it\/wp-json\/wp\/v2\/comments?post=7034"}],"wp:featuredmedia":[{"embeddable":true,"href":"https:\/\/antykilion.pl\/it\/wp-json\/wp\/v2\/media\/7035"}],"wp:attachment":[{"href":"https:\/\/antykilion.pl\/it\/wp-json\/wp\/v2\/media?parent=7034"}],"wp:term":[{"taxonomy":"product_cat","embeddable":true,"href":"https:\/\/antykilion.pl\/it\/wp-json\/wp\/v2\/product_cat?post=7034"},{"taxonomy":"product_tag","embeddable":true,"href":"https:\/\/antykilion.pl\/it\/wp-json\/wp\/v2\/product_tag?post=7034"}],"curies":[{"name":"wp","href":"https:\/\/api.w.org\/{rel}","templated":true}]}}