{"id":7048,"date":"2023-06-18T13:27:55","date_gmt":"2023-06-18T11:27:55","guid":{"rendered":"https:\/\/antykilion.pl\/?post_type=product&#038;p=7048"},"modified":"2026-03-14T12:41:52","modified_gmt":"2026-03-14T11:41:52","slug":"para-foteli-okutych-w-stylu-napoleona-iii-1860-r-piekne","status":"publish","type":"product","link":"https:\/\/antykilion.pl\/it\/product\/para-foteli-okutych-w-stylu-napoleona-iii-1860-r-piekne\/","title":{"rendered":"Para foteli okutych, w stylu Napoleona III 1860 r pi\u0119kne"},"content":{"rendered":"","protected":false},"excerpt":{"rendered":"<p>Para foteli okutych, w stylu Napoleona III 1860 r pi\u0119kne<\/p>\n<p>o falistych i profilowanych elementach szkieletu, oparcia, siedzenia i por\u0119cze wy\u015bcie\u0142ane materia\u0142em, wsparte na czterech kabriolowych nogach, wyko\u0144czone mosi\u0119\u017cnymi profilami. Oparcia lekko wkl\u0119s\u0142e, zwie\u0144czone \u0142ukowato z mosi\u0119\u017cnymi okuciami w formie muszli po\u015brodku, rozszerzane ku g\u00f3rze i wkl\u0119s\u0142e na bokach. Siedzenia z ty\u0142u zaokr\u0105glone, od frontu faliste ozdobione r\u00f3wnie\u017c mosi\u0119\u017cnymi okuciami w formie muszli, analogicznym jak w zwie\u0144czeniu fotela. Nogi rozszerzone u g\u00f3ry, zako\u0144czone stopk\u0105 u do\u0142u.<\/p>\n<p>Stan: bardzo dobry orginalny &#8211; widoczne \u015blady u\u017cytkowania tapicerka bardzo dobra dodatkowo pod\u0142okietniki maj\u0105 dodatkowe obicie na rzepy zdejmowalne.<\/p>\n<p>Pochodzenie; Francja XIX w oko\u0142o 1860 r<\/p>\n<p>Materia\u0142: grusza ? barwiona na czer\u0144 fortepianow\u0105<\/p>\n<p>Wymiary:\u00a0 wysoko\u015b\u0107 91 cm D\u0142ugo\u015b\u0107 64 cm, g\u0142\u0119boko\u015b\u0107 58 cm, wysoko\u015b\u0107 siedziska oko\u0142o 41 cm<\/p>","protected":false},"featured_media":7049,"comment_status":"closed","ping_status":"closed","template":"","meta":[],"product_cat":[24,17],"product_tag":[],"class_list":{"0":"post-7048","1":"product","2":"type-product","3":"status-publish","4":"has-post-thumbnail","6":"product_cat-fotele","7":"product_cat-meble","9":"entry","10":"has-media","12":"first","13":"instock","14":"taxable","15":"shipping-taxable","16":"purchasable","17":"product-type-simple","18":"has-product-nav","19":"col","20":"span_1_of_3","21":"owp-content-center","22":"owp-thumbs-layout-horizontal","23":"owp-btn-normal","24":"owp-tabs-layout-horizontal"},"aioseo_notices":[],"_links":{"self":[{"href":"https:\/\/antykilion.pl\/it\/wp-json\/wp\/v2\/product\/7048","targetHints":{"allow":["GET"]}}],"collection":[{"href":"https:\/\/antykilion.pl\/it\/wp-json\/wp\/v2\/product"}],"about":[{"href":"https:\/\/antykilion.pl\/it\/wp-json\/wp\/v2\/types\/product"}],"replies":[{"embeddable":true,"href":"https:\/\/antykilion.pl\/it\/wp-json\/wp\/v2\/comments?post=7048"}],"wp:featuredmedia":[{"embeddable":true,"href":"https:\/\/antykilion.pl\/it\/wp-json\/wp\/v2\/media\/7049"}],"wp:attachment":[{"href":"https:\/\/antykilion.pl\/it\/wp-json\/wp\/v2\/media?parent=7048"}],"wp:term":[{"taxonomy":"product_cat","embeddable":true,"href":"https:\/\/antykilion.pl\/it\/wp-json\/wp\/v2\/product_cat?post=7048"},{"taxonomy":"product_tag","embeddable":true,"href":"https:\/\/antykilion.pl\/it\/wp-json\/wp\/v2\/product_tag?post=7048"}],"curies":[{"name":"wp","href":"https:\/\/api.w.org\/{rel}","templated":true}]}}