{"id":7058,"date":"2023-06-18T14:07:42","date_gmt":"2023-06-18T12:07:42","guid":{"rendered":"https:\/\/antykilion.pl\/?post_type=product&#038;p=7058"},"modified":"2023-06-18T14:07:43","modified_gmt":"2023-06-18T12:07:43","slug":"lampa-stolowa-z-marmuru-i-brazu-xix-w-okolo-1870-r","status":"publish","type":"product","link":"https:\/\/antykilion.pl\/it\/product\/lampa-stolowa-z-marmuru-i-brazu-xix-w-okolo-1870-r\/","title":{"rendered":"Lampa sto\u0142owa z marmuru i br\u0105zu XIX w oko\u0142o 1870 r"},"content":{"rendered":"","protected":false},"excerpt":{"rendered":"<p>Lampa sto\u0142owa z marmuru i br\u0105zu XIX w oko\u0142o 1870 r<\/p>\n<p>Podstawa kwadratowa, z prostymi naro\u017cami, na 4 b\u0105czkach zdobnych kopytkami; trzon kielichowy z li\u015b\u0107mi umieszczony na marmurowej, okr\u0105g\u0142ej i wy\u017c\u0142obionej podstawie.<\/p>\n<p>Materia\u0142: br\u0105z, mosi\u0105dz, marmr<\/p>\n<p>Wymiary: wys. 63 cm, szeroko\u015b\u0107 podstawy 16 cm<\/p>\n<p>Pochodzenie: Francja, Pary\u017c,<\/p>\n<p>Ottime condizioni<\/p>","protected":false},"featured_media":7059,"comment_status":"closed","ping_status":"closed","template":"","meta":[],"product_cat":[47],"product_tag":[],"class_list":{"0":"post-7058","1":"product","2":"type-product","3":"status-publish","4":"has-post-thumbnail","6":"product_cat-oswietlenie","8":"entry","9":"has-media","11":"first","12":"instock","13":"taxable","14":"shipping-taxable","15":"purchasable","16":"product-type-simple","17":"has-product-nav","18":"col","19":"span_1_of_3","20":"owp-content-center","21":"owp-thumbs-layout-horizontal","22":"owp-btn-normal","23":"owp-tabs-layout-horizontal"},"aioseo_notices":[],"_links":{"self":[{"href":"https:\/\/antykilion.pl\/it\/wp-json\/wp\/v2\/product\/7058","targetHints":{"allow":["GET"]}}],"collection":[{"href":"https:\/\/antykilion.pl\/it\/wp-json\/wp\/v2\/product"}],"about":[{"href":"https:\/\/antykilion.pl\/it\/wp-json\/wp\/v2\/types\/product"}],"replies":[{"embeddable":true,"href":"https:\/\/antykilion.pl\/it\/wp-json\/wp\/v2\/comments?post=7058"}],"wp:featuredmedia":[{"embeddable":true,"href":"https:\/\/antykilion.pl\/it\/wp-json\/wp\/v2\/media\/7059"}],"wp:attachment":[{"href":"https:\/\/antykilion.pl\/it\/wp-json\/wp\/v2\/media?parent=7058"}],"wp:term":[{"taxonomy":"product_cat","embeddable":true,"href":"https:\/\/antykilion.pl\/it\/wp-json\/wp\/v2\/product_cat?post=7058"},{"taxonomy":"product_tag","embeddable":true,"href":"https:\/\/antykilion.pl\/it\/wp-json\/wp\/v2\/product_tag?post=7058"}],"curies":[{"name":"wp","href":"https:\/\/api.w.org\/{rel}","templated":true}]}}