{"id":7221,"date":"2023-07-14T09:49:25","date_gmt":"2023-07-14T07:49:25","guid":{"rendered":"https:\/\/antykilion.pl\/?post_type=product&#038;p=7221"},"modified":"2024-02-28T11:23:37","modified_gmt":"2024-02-28T10:23:37","slug":"muzealny-zegar-biedermeier-xix-w-okolo-1810-r","status":"publish","type":"product","link":"https:\/\/antykilion.pl\/it\/product\/muzealny-zegar-biedermeier-xix-w-okolo-1810-r\/","title":{"rendered":"Muzealny zegar Biedermeier XIX w oko\u0142o 1810 r"},"content":{"rendered":"","protected":false},"excerpt":{"rendered":"<p>Muzealny zegar Biedermeier XIX w oko\u0142o 1810 r<\/p>\n<p>Zegar pod\u0142ogowy- szafowy<\/p>\n<p>dwucz\u0119\u015bciowy, z prostym, jednoskrzyd\u0142owym trzonem, prostok\u0105tn\u0105 szafk\u0105 mechanizmu zako\u0144czon\u0105 okr\u0105g\u0142\u0105 g\u0142ow\u0105, zamykan\u0105 jednoskrzyd\u0142owo, z okr\u0105g\u0142\u0105, przeszklon\u0105 rezerw\u0105 w miejscu tarczy i prostok\u0105tn\u0105, masywn\u0105 podstaw\u0105, wspart\u0105 na czterech graniastych nogach. Ca\u0142o\u015b\u0107 fornirowana mahoniem.\u00a0 Mechanizm p\u0142ytowy, stalowy, z wychwytem kotwicznym, z malowan\u0105 na bia\u0142o i niebiesko tarcz\u0105, z a\u017curowymi mosi\u0119\u017cnymi wskaz\u00f3wkami, z mosi\u0119\u017cnym dzwonnikiem, bij\u0105cy godziny. Szyldy zamk\u00f3w z ko\u015bci trapezoidalne. Zamek skrzyd\u0142a drzwi trzonu stalowy, wpuszczany, hakowy. Skrzyd\u0142o drzwi szafki mechanizmu zamykana na haczyk umieszczony na lewym boku.<\/p>\n<p>Pot\u0119\u017cny zegar szafowo &#8211; pod\u0142ogowy, o cechach typowo biedermeierowskich &#8211; prostej formie i okleinie mahonowej<\/p>\n<p>Materiale: mogano<\/p>\n<p>Wymiary: wys. 221 cm, szer. 46 cm, g\u0142\u0119b. 26 cm.<\/p>\n<p>Pochodzenie: Europa \u015brodkowa Polska Lub Niemcy<\/p>\n<p>Bello fa impressione !!!<\/p>","protected":false},"featured_media":7222,"comment_status":"closed","ping_status":"closed","template":"","meta":[],"product_cat":[52,51],"product_tag":[],"class_list":{"0":"post-7221","1":"product","2":"type-product","3":"status-publish","4":"has-post-thumbnail","6":"product_cat-zegary-stojace","7":"product_cat-zegary","9":"entry","10":"has-media","12":"first","13":"instock","14":"taxable","15":"shipping-taxable","16":"purchasable","17":"product-type-simple","18":"has-product-nav","19":"col","20":"span_1_of_3","21":"owp-content-center","22":"owp-thumbs-layout-horizontal","23":"owp-btn-normal","24":"owp-tabs-layout-horizontal"},"aioseo_notices":[],"_links":{"self":[{"href":"https:\/\/antykilion.pl\/it\/wp-json\/wp\/v2\/product\/7221","targetHints":{"allow":["GET"]}}],"collection":[{"href":"https:\/\/antykilion.pl\/it\/wp-json\/wp\/v2\/product"}],"about":[{"href":"https:\/\/antykilion.pl\/it\/wp-json\/wp\/v2\/types\/product"}],"replies":[{"embeddable":true,"href":"https:\/\/antykilion.pl\/it\/wp-json\/wp\/v2\/comments?post=7221"}],"wp:featuredmedia":[{"embeddable":true,"href":"https:\/\/antykilion.pl\/it\/wp-json\/wp\/v2\/media\/7222"}],"wp:attachment":[{"href":"https:\/\/antykilion.pl\/it\/wp-json\/wp\/v2\/media?parent=7221"}],"wp:term":[{"taxonomy":"product_cat","embeddable":true,"href":"https:\/\/antykilion.pl\/it\/wp-json\/wp\/v2\/product_cat?post=7221"},{"taxonomy":"product_tag","embeddable":true,"href":"https:\/\/antykilion.pl\/it\/wp-json\/wp\/v2\/product_tag?post=7221"}],"curies":[{"name":"wp","href":"https:\/\/api.w.org\/{rel}","templated":true}]}}