{"id":7396,"date":"2023-08-29T15:18:32","date_gmt":"2023-08-29T13:18:32","guid":{"rendered":"https:\/\/antykilion.pl\/?post_type=product&#038;p=7396"},"modified":"2026-03-12T13:19:05","modified_gmt":"2026-03-12T12:19:05","slug":"postument-pod-kwiat-rzezbe-pocz-xx-w-sliczny","status":"publish","type":"product","link":"https:\/\/antykilion.pl\/it\/product\/postument-pod-kwiat-rzezbe-pocz-xx-w-sliczny\/","title":{"rendered":"Postument pod kwiat\/rze\u017ab\u0119 pocz. XX w \u015bliczny !"},"content":{"rendered":"","protected":false},"excerpt":{"rendered":"<p>Postument pod kwiat\/rze\u017ab\u0119 pocz. XX w \u015bliczny !<\/p>\n<p>Postument na wz\u00f3r kolumny korynckiej. Kolor ecru.<\/p>\n<p>Wymiary: wysoko\u015b\u0107 37 cm x 28 cm !!!<\/p>\n<p>Stan: Bardzo dobry u brzegu jeden ma\u0142y odprysk, praktycznie nie widoczny<\/p>\n<p>Origine: Europa<\/p>\n<p>Sygnatura: Brak<\/p>\n<p>Ogromna rzadko\u015b\u0107 !!!<\/p>","protected":false},"featured_media":7397,"comment_status":"closed","ping_status":"closed","template":"","meta":[],"product_cat":[50],"product_tag":[],"class_list":{"0":"post-7396","1":"product","2":"type-product","3":"status-publish","4":"has-post-thumbnail","6":"product_cat-porcelana-i-fajans","8":"entry","9":"has-media","11":"first","12":"instock","13":"taxable","14":"shipping-taxable","15":"purchasable","16":"product-type-simple","17":"has-product-nav","18":"col","19":"span_1_of_3","20":"owp-content-center","21":"owp-thumbs-layout-horizontal","22":"owp-btn-normal","23":"owp-tabs-layout-horizontal"},"aioseo_notices":[],"_links":{"self":[{"href":"https:\/\/antykilion.pl\/it\/wp-json\/wp\/v2\/product\/7396","targetHints":{"allow":["GET"]}}],"collection":[{"href":"https:\/\/antykilion.pl\/it\/wp-json\/wp\/v2\/product"}],"about":[{"href":"https:\/\/antykilion.pl\/it\/wp-json\/wp\/v2\/types\/product"}],"replies":[{"embeddable":true,"href":"https:\/\/antykilion.pl\/it\/wp-json\/wp\/v2\/comments?post=7396"}],"wp:featuredmedia":[{"embeddable":true,"href":"https:\/\/antykilion.pl\/it\/wp-json\/wp\/v2\/media\/7397"}],"wp:attachment":[{"href":"https:\/\/antykilion.pl\/it\/wp-json\/wp\/v2\/media?parent=7396"}],"wp:term":[{"taxonomy":"product_cat","embeddable":true,"href":"https:\/\/antykilion.pl\/it\/wp-json\/wp\/v2\/product_cat?post=7396"},{"taxonomy":"product_tag","embeddable":true,"href":"https:\/\/antykilion.pl\/it\/wp-json\/wp\/v2\/product_tag?post=7396"}],"curies":[{"name":"wp","href":"https:\/\/api.w.org\/{rel}","templated":true}]}}