{"id":7402,"date":"2023-08-30T07:41:17","date_gmt":"2023-08-30T05:41:17","guid":{"rendered":"https:\/\/antykilion.pl\/?post_type=product&#038;p=7402"},"modified":"2025-02-28T15:51:46","modified_gmt":"2025-02-28T14:51:46","slug":"arpad-romek-martwa-natura-z-ksiegami-pocz-xx-w-obledna","status":"publish","type":"product","link":"https:\/\/antykilion.pl\/it\/product\/arpad-romek-martwa-natura-z-ksiegami-pocz-xx-w-obledna\/","title":{"rendered":"Arpad Romek Martwa natura z ksi\u0119gami, pocz, XX w\u00a0 ob\u0142\u0119dna !!!"},"content":{"rendered":"","protected":false},"excerpt":{"rendered":"<p>Arpad Romek Martwa natura z ksi\u0119gami, pocz, XX w\u00a0 ob\u0142\u0119dna !!!<\/p>\n<p>Okazja !!!<\/p>\n<p>Mistrz martwych natur !!!<\/p>\n<p>\u00c1rp\u00e1d Romek by\u0142 malarzem martwych natur i magiem-amatorem. Studiowa\u0142 sztuk\u0119 na Akademii Sztuk Pi\u0119knych w Budapeszcie. Od 1919 roku studiowa\u0142 magi\u0119 pod kierunkiem doktora Lenarda. Specjalizowa\u0142 si\u0119 w magii komediowej i by\u0142 cz\u0142onkiem Magyar Amateur Magusok Egyesulete (M.A.M.E., W\u0119gierscy Magowie Amatorzy). Wni\u00f3s\u0142 pewne efekty do Sfinksa. Znany jest ze swoich martwych natur na sto\u0142ach, ale malowa\u0142 tak\u017ce niekt\u00f3re pejza\u017ce i figury.<\/p>\n<p>Tecnica: olio su tela<\/p>\n<p>Stan: bardzo dobry,<\/p>\n<p>Sygnatura:Widoczna na zdj\u0119ciu<\/p>\n<p>Wymiary:\u00a0 p\u0142\u00f3tno 52 cm na 67 cm<\/p>\n<p>Do ka\u017cdego przedmiotu Galeria wystawia certyfikat.<\/p>","protected":false},"featured_media":7403,"comment_status":"closed","ping_status":"closed","template":"","meta":[],"product_cat":[41,39,40],"product_tag":[],"class_list":{"0":"post-7402","1":"product","2":"type-product","3":"status-publish","4":"has-post-thumbnail","6":"product_cat-malarstwo-dawne","7":"product_cat-dziela-sztuki","8":"product_cat-malarstwo","10":"entry","11":"has-media","13":"first","14":"instock","15":"taxable","16":"shipping-taxable","17":"purchasable","18":"product-type-simple","19":"has-product-nav","20":"col","21":"span_1_of_3","22":"owp-content-center","23":"owp-thumbs-layout-horizontal","24":"owp-btn-normal","25":"owp-tabs-layout-horizontal"},"aioseo_notices":[],"_links":{"self":[{"href":"https:\/\/antykilion.pl\/it\/wp-json\/wp\/v2\/product\/7402","targetHints":{"allow":["GET"]}}],"collection":[{"href":"https:\/\/antykilion.pl\/it\/wp-json\/wp\/v2\/product"}],"about":[{"href":"https:\/\/antykilion.pl\/it\/wp-json\/wp\/v2\/types\/product"}],"replies":[{"embeddable":true,"href":"https:\/\/antykilion.pl\/it\/wp-json\/wp\/v2\/comments?post=7402"}],"wp:featuredmedia":[{"embeddable":true,"href":"https:\/\/antykilion.pl\/it\/wp-json\/wp\/v2\/media\/7403"}],"wp:attachment":[{"href":"https:\/\/antykilion.pl\/it\/wp-json\/wp\/v2\/media?parent=7402"}],"wp:term":[{"taxonomy":"product_cat","embeddable":true,"href":"https:\/\/antykilion.pl\/it\/wp-json\/wp\/v2\/product_cat?post=7402"},{"taxonomy":"product_tag","embeddable":true,"href":"https:\/\/antykilion.pl\/it\/wp-json\/wp\/v2\/product_tag?post=7402"}],"curies":[{"name":"wp","href":"https:\/\/api.w.org\/{rel}","templated":true}]}}