{"id":7442,"date":"2023-09-07T13:55:29","date_gmt":"2023-09-07T11:55:29","guid":{"rendered":"https:\/\/antykilion.pl\/?post_type=product&#038;p=7442"},"modified":"2023-09-07T13:55:29","modified_gmt":"2023-09-07T11:55:29","slug":"lustro-toaletka-w-stylu-l-filipa-xix-w-okolo-1850-r-piekne","status":"publish","type":"product","link":"https:\/\/antykilion.pl\/it\/product\/lustro-toaletka-w-stylu-l-filipa-xix-w-okolo-1850-r-piekne\/","title":{"rendered":"Lustro Toaletka w stylu L. Filipa XIX w oko\u0142o 1850 r Pi\u0119kne"},"content":{"rendered":"","protected":false},"excerpt":{"rendered":"<p>Lustro Toaletka w stylu L. Filipa XIX w oko\u0142o 1850 r Pi\u0119kne<\/p>\n<p>Toaletka przeno\u015bna z lustrem w prostok\u0105tnej ramie z \u015bci\u0119tymi naro\u017cami, umieszczonej mi\u0119dzy dwoma falistymi podporami, wspartej na falistej platformie, umieszczonej na wolutowych, lwich stopkach.<\/p>\n<p>Konstrukcja &#8211; maho\u0144, orzech<\/p>\n<p>Wymiary:\u00a0 ca\u0142o\u015b\u0107 wys. 68 cm, szer. 60 cm, g\u0142\u0119b. 20 cm;<\/p>\n<p>Pochodzenie: Europa zachodnia Francja\u00a0 oko\u0142o 1850 r pi\u0119kne<\/p>\n<p>Stan: bardzo dobry orginalny widoczne lekkie \u015blady u\u017cytkowania<\/p>","protected":false},"featured_media":7443,"comment_status":"closed","ping_status":"closed","template":"","meta":[],"product_cat":[30,17,36],"product_tag":[],"class_list":{"0":"post-7442","1":"product","2":"type-product","3":"status-publish","4":"has-post-thumbnail","6":"product_cat-lustra","7":"product_cat-meble","8":"product_cat-toaletki","10":"entry","11":"has-media","13":"first","14":"instock","15":"taxable","16":"shipping-taxable","17":"purchasable","18":"product-type-simple","19":"has-product-nav","20":"col","21":"span_1_of_3","22":"owp-content-center","23":"owp-thumbs-layout-horizontal","24":"owp-btn-normal","25":"owp-tabs-layout-horizontal"},"aioseo_notices":[],"_links":{"self":[{"href":"https:\/\/antykilion.pl\/it\/wp-json\/wp\/v2\/product\/7442","targetHints":{"allow":["GET"]}}],"collection":[{"href":"https:\/\/antykilion.pl\/it\/wp-json\/wp\/v2\/product"}],"about":[{"href":"https:\/\/antykilion.pl\/it\/wp-json\/wp\/v2\/types\/product"}],"replies":[{"embeddable":true,"href":"https:\/\/antykilion.pl\/it\/wp-json\/wp\/v2\/comments?post=7442"}],"wp:featuredmedia":[{"embeddable":true,"href":"https:\/\/antykilion.pl\/it\/wp-json\/wp\/v2\/media\/7443"}],"wp:attachment":[{"href":"https:\/\/antykilion.pl\/it\/wp-json\/wp\/v2\/media?parent=7442"}],"wp:term":[{"taxonomy":"product_cat","embeddable":true,"href":"https:\/\/antykilion.pl\/it\/wp-json\/wp\/v2\/product_cat?post=7442"},{"taxonomy":"product_tag","embeddable":true,"href":"https:\/\/antykilion.pl\/it\/wp-json\/wp\/v2\/product_tag?post=7442"}],"curies":[{"name":"wp","href":"https:\/\/api.w.org\/{rel}","templated":true}]}}