{"id":7510,"date":"2023-09-17T10:40:03","date_gmt":"2023-09-17T08:40:03","guid":{"rendered":"https:\/\/antykilion.pl\/?post_type=product&#038;p=7510"},"modified":"2024-08-04T18:22:17","modified_gmt":"2024-08-04T16:22:17","slug":"zegar-podlogowy-z-dekoracja-w-typie-chinoiserie-sygnowany-i-datowany-anders-polhammar-1765-r","status":"publish","type":"product","link":"https:\/\/antykilion.pl\/it\/product\/zegar-podlogowy-z-dekoracja-w-typie-chinoiserie-sygnowany-i-datowany-anders-polhammar-1765-r\/","title":{"rendered":"Zegar pod\u0142ogowy z dekoracj\u0105 w typie chinoiserie, sygnowany\u00a0 i datowany Anders Polhammar 1765 r"},"content":{"rendered":"","protected":false},"excerpt":{"rendered":"<p>Zegar pod\u0142ogowy z dekoracj\u0105 w typie chinoiserie.<\/p>\n<p>Zegar\u00a0 sygnowany\u00a0 i datowany Anders Polhammar 1765 r<\/p>\n<p>Pochodzenie: Anglia, XVIII w.<\/p>\n<p>Condizioni: molto buone dopo l&#039;orologeria<\/p>\n<p>Materia\u0142: drzewo, polichromia, z\u0142ocenia, szk\u0142o, mosi\u0105dz<\/p>\n<p>Bello fa impressione !!!<\/p>\n<p>zegar w pe\u0142ni sprawny po przegl\u0105dzie zegarmistrzowskim<\/p>","protected":false},"featured_media":8807,"comment_status":"closed","ping_status":"closed","template":"","meta":[],"product_cat":[52,51],"product_tag":[],"class_list":{"0":"post-7510","1":"product","2":"type-product","3":"status-publish","4":"has-post-thumbnail","6":"product_cat-zegary-stojace","7":"product_cat-zegary","9":"entry","10":"has-media","12":"first","13":"instock","14":"taxable","15":"shipping-taxable","16":"purchasable","17":"product-type-simple","18":"has-product-nav","19":"col","20":"span_1_of_3","21":"owp-content-center","22":"owp-thumbs-layout-horizontal","23":"owp-btn-normal","24":"owp-tabs-layout-horizontal"},"aioseo_notices":[],"_links":{"self":[{"href":"https:\/\/antykilion.pl\/it\/wp-json\/wp\/v2\/product\/7510","targetHints":{"allow":["GET"]}}],"collection":[{"href":"https:\/\/antykilion.pl\/it\/wp-json\/wp\/v2\/product"}],"about":[{"href":"https:\/\/antykilion.pl\/it\/wp-json\/wp\/v2\/types\/product"}],"replies":[{"embeddable":true,"href":"https:\/\/antykilion.pl\/it\/wp-json\/wp\/v2\/comments?post=7510"}],"wp:featuredmedia":[{"embeddable":true,"href":"https:\/\/antykilion.pl\/it\/wp-json\/wp\/v2\/media\/8807"}],"wp:attachment":[{"href":"https:\/\/antykilion.pl\/it\/wp-json\/wp\/v2\/media?parent=7510"}],"wp:term":[{"taxonomy":"product_cat","embeddable":true,"href":"https:\/\/antykilion.pl\/it\/wp-json\/wp\/v2\/product_cat?post=7510"},{"taxonomy":"product_tag","embeddable":true,"href":"https:\/\/antykilion.pl\/it\/wp-json\/wp\/v2\/product_tag?post=7510"}],"curies":[{"name":"wp","href":"https:\/\/api.w.org\/{rel}","templated":true}]}}