{"id":7526,"date":"2023-09-17T11:59:18","date_gmt":"2023-09-17T09:59:18","guid":{"rendered":"https:\/\/antykilion.pl\/?post_type=product&#038;p=7526"},"modified":"2025-02-28T15:53:36","modified_gmt":"2025-02-28T14:53:36","slug":"malowniczy-pejzaz-nadrzeczny-z-postaciami-eduard-boehm-1830-1890-okazja","status":"publish","type":"product","link":"https:\/\/antykilion.pl\/it\/product\/malowniczy-pejzaz-nadrzeczny-z-postaciami-eduard-boehm-1830-1890-okazja\/","title":{"rendered":"Malowniczy pejza\u017c nadrzeczny z postaciami  Eduard Boehm (1830-1890), Okazja !!!"},"content":{"rendered":"","protected":false},"excerpt":{"rendered":"<p>Malowniczy pejza\u017c nadrzeczny z postaciami<\/p>\n<p>Eduard Boehm (1830-1890)<\/p>\n<p>Eduard Boehm Znakomity austriacki pejza\u017cysta. Specjalizowa\u0142 si\u0119 w realistycznych pejza\u017cach. Z wielkim zami\u0142owaniem malowa\u0142 widoki le\u015bne z okolic Salzburga i Bairen. Rozleg\u0142e widoki, si\u0119gaj\u0105ce skalistych Alp, niejednokrotnie urozmaica\u0142 wyobra\u017ceniami ludzkich postaci. Malowa\u0142 z niezwyk\u0142\u0105 drobiazgowo\u015bci\u0105, starannie oddaj\u0105c ka\u017cdy szczeg\u00f3\u0142, jak odblaski \u015bwiat\u0142a w przydro\u017cnej ka\u0142u\u017cy czy drobne listki na drzewach.<\/p>\n<p>Bardzo malowniczy i dekoracyjny obraz !<\/p>\n<p>Bardzo dobrze notowany na naszych Polskich i zagranicznych Aukcjach Dzie\u0142 Sztuki<\/p>\n<p>Okazja !!!<\/p>\n<p>Tecnica: olio su tela<\/p>\n<p>Stan: bardzo dobry,<\/p>\n<p>Sygnatura:Widoczna na zdj\u0119ciu<\/p>\n<p>Wymiary:\u00a0 p\u0142\u00f3tno 60 cm na 86 cm + szeroka rama<\/p>\n<p>Do ka\u017cdego przedmiotu Galeria wystawia certyfikat.<\/p>\n<p>Warto\u015b\u0107 samej ramy to oko\u0142o 2000 z\u0142!!!<\/p>","protected":false},"featured_media":7527,"comment_status":"closed","ping_status":"closed","template":"","meta":[],"product_cat":[41,39,40],"product_tag":[],"class_list":{"0":"post-7526","1":"product","2":"type-product","3":"status-publish","4":"has-post-thumbnail","6":"product_cat-malarstwo-dawne","7":"product_cat-dziela-sztuki","8":"product_cat-malarstwo","10":"entry","11":"has-media","13":"first","14":"instock","15":"taxable","16":"shipping-taxable","17":"purchasable","18":"product-type-simple","19":"has-product-nav","20":"col","21":"span_1_of_3","22":"owp-content-center","23":"owp-thumbs-layout-horizontal","24":"owp-btn-normal","25":"owp-tabs-layout-horizontal"},"aioseo_notices":[],"_links":{"self":[{"href":"https:\/\/antykilion.pl\/it\/wp-json\/wp\/v2\/product\/7526","targetHints":{"allow":["GET"]}}],"collection":[{"href":"https:\/\/antykilion.pl\/it\/wp-json\/wp\/v2\/product"}],"about":[{"href":"https:\/\/antykilion.pl\/it\/wp-json\/wp\/v2\/types\/product"}],"replies":[{"embeddable":true,"href":"https:\/\/antykilion.pl\/it\/wp-json\/wp\/v2\/comments?post=7526"}],"wp:featuredmedia":[{"embeddable":true,"href":"https:\/\/antykilion.pl\/it\/wp-json\/wp\/v2\/media\/7527"}],"wp:attachment":[{"href":"https:\/\/antykilion.pl\/it\/wp-json\/wp\/v2\/media?parent=7526"}],"wp:term":[{"taxonomy":"product_cat","embeddable":true,"href":"https:\/\/antykilion.pl\/it\/wp-json\/wp\/v2\/product_cat?post=7526"},{"taxonomy":"product_tag","embeddable":true,"href":"https:\/\/antykilion.pl\/it\/wp-json\/wp\/v2\/product_tag?post=7526"}],"curies":[{"name":"wp","href":"https:\/\/api.w.org\/{rel}","templated":true}]}}