{"id":7542,"date":"2023-09-17T16:35:21","date_gmt":"2023-09-17T14:35:21","guid":{"rendered":"https:\/\/antykilion.pl\/?post_type=product&#038;p=7542"},"modified":"2023-11-15T05:06:19","modified_gmt":"2023-11-15T04:06:19","slug":"kieliszki-do-wina-i-likieru-xix-w-obledne","status":"publish","type":"product","link":"https:\/\/antykilion.pl\/it\/product\/kieliszki-do-wina-i-likieru-xix-w-obledne\/","title":{"rendered":"Kieliszki do wina i likieru XIX w ob\u0142\u0119dne !!!"},"content":{"rendered":"","protected":false},"excerpt":{"rendered":"<p>Kieliszki do wina i likieru XIX w ob\u0142\u0119dne !!!<\/p>\n<p>6 kieliszk\u00f3w do wina<\/p>\n<p>2 kieliszki do likieru<\/p>\n<p>Technika: Szk\u0142o szlifowane<\/p>\n<p>Condizioni: ottime<\/p>\n<p>Pochodzenie: prawdopodobnie firma<\/p>\n<p>Baccarat, France XIX<\/p>\n<p>Wymiary: wysoko\u015b\u0107 kieliszk\u00f3w do wina\u00a0 15,5 cm do likieru oko\u0142o 12 cm<\/p>\n<p>Bardzo okazjonalna cena Polecam !!!<\/p>","protected":false},"featured_media":7543,"comment_status":"closed","ping_status":"closed","template":"","meta":[],"product_cat":[49],"product_tag":[],"class_list":{"0":"post-7542","1":"product","2":"type-product","3":"status-publish","4":"has-post-thumbnail","6":"product_cat-szklo","8":"entry","9":"has-media","11":"first","12":"instock","13":"taxable","14":"shipping-taxable","15":"purchasable","16":"product-type-simple","17":"has-product-nav","18":"col","19":"span_1_of_3","20":"owp-content-center","21":"owp-thumbs-layout-horizontal","22":"owp-btn-normal","23":"owp-tabs-layout-horizontal","24":"has-no-thumbnails"},"aioseo_notices":[],"_links":{"self":[{"href":"https:\/\/antykilion.pl\/it\/wp-json\/wp\/v2\/product\/7542","targetHints":{"allow":["GET"]}}],"collection":[{"href":"https:\/\/antykilion.pl\/it\/wp-json\/wp\/v2\/product"}],"about":[{"href":"https:\/\/antykilion.pl\/it\/wp-json\/wp\/v2\/types\/product"}],"replies":[{"embeddable":true,"href":"https:\/\/antykilion.pl\/it\/wp-json\/wp\/v2\/comments?post=7542"}],"wp:featuredmedia":[{"embeddable":true,"href":"https:\/\/antykilion.pl\/it\/wp-json\/wp\/v2\/media\/7543"}],"wp:attachment":[{"href":"https:\/\/antykilion.pl\/it\/wp-json\/wp\/v2\/media?parent=7542"}],"wp:term":[{"taxonomy":"product_cat","embeddable":true,"href":"https:\/\/antykilion.pl\/it\/wp-json\/wp\/v2\/product_cat?post=7542"},{"taxonomy":"product_tag","embeddable":true,"href":"https:\/\/antykilion.pl\/it\/wp-json\/wp\/v2\/product_tag?post=7542"}],"curies":[{"name":"wp","href":"https:\/\/api.w.org\/{rel}","templated":true}]}}