{"id":7555,"date":"2023-09-19T10:34:15","date_gmt":"2023-09-19T08:34:15","guid":{"rendered":"https:\/\/antykilion.pl\/?post_type=product&#038;p=7555"},"modified":"2023-09-19T12:37:43","modified_gmt":"2023-09-19T10:37:43","slug":"lampka-salonowa-gabinetowa-elektryczna-w-tradycji-ludwika-xvi","status":"publish","type":"product","link":"https:\/\/antykilion.pl\/it\/product\/lampka-salonowa-gabinetowa-elektryczna-w-tradycji-ludwika-xvi\/","title":{"rendered":"Lampa salonowa\/gabinetowa, elektryczna, w tradycji Ludwika XVI"},"content":{"rendered":"","protected":false},"excerpt":{"rendered":"<p>Lampa salonowa\/gabinetowa, elektryczna, w tradycji Ludwika XVI<\/p>\n<p>Podstawa okr\u0105g\u0142a, na zdobnych n\u00f3\u017ckach. Wy\u017cej tr\u00f3jn\u00f3g zako\u0144czony kopytkami, a u g\u00f3ry zwie\u0144czony baranimi g\u0142owami, stanowi\u0105cy opraw\u0119 owoidalnego, toczonego z br\u0105zu trzonu lampy, opasanego w g\u00f3rnej partii moletowan\u0105 opask\u0105. Oprawka \u017car\u00f3wki umieszczona w cylindrycznej, wazonowej tulejce, zdobnej lancetowatymi li\u015b\u0107mi. Brzusiec z z br\u0105zu w formie wazy. Lampka z nowym aba\u017curem.<\/p>\n<p>Materia\u0142: br\u0105z z\u0142ocony marmur<\/p>\n<p>Wymiary: wys. 60 cm z aba\u017curem, wysoko\u015b\u0107 be\u017c aba\u017curu 43 cm\u00a0<\/p>\n<p>Pochodzenie: Francja, Pary\u017c,<\/p>\n<p>Ottime condizioni<\/p>","protected":false},"featured_media":7556,"comment_status":"closed","ping_status":"closed","template":"","meta":[],"product_cat":[47],"product_tag":[],"class_list":{"0":"post-7555","1":"product","2":"type-product","3":"status-publish","4":"has-post-thumbnail","6":"product_cat-oswietlenie","8":"entry","9":"has-media","11":"first","12":"instock","13":"taxable","14":"shipping-taxable","15":"purchasable","16":"product-type-simple","17":"has-product-nav","18":"col","19":"span_1_of_3","20":"owp-content-center","21":"owp-thumbs-layout-horizontal","22":"owp-btn-normal","23":"owp-tabs-layout-horizontal"},"aioseo_notices":[],"_links":{"self":[{"href":"https:\/\/antykilion.pl\/it\/wp-json\/wp\/v2\/product\/7555","targetHints":{"allow":["GET"]}}],"collection":[{"href":"https:\/\/antykilion.pl\/it\/wp-json\/wp\/v2\/product"}],"about":[{"href":"https:\/\/antykilion.pl\/it\/wp-json\/wp\/v2\/types\/product"}],"replies":[{"embeddable":true,"href":"https:\/\/antykilion.pl\/it\/wp-json\/wp\/v2\/comments?post=7555"}],"wp:featuredmedia":[{"embeddable":true,"href":"https:\/\/antykilion.pl\/it\/wp-json\/wp\/v2\/media\/7556"}],"wp:attachment":[{"href":"https:\/\/antykilion.pl\/it\/wp-json\/wp\/v2\/media?parent=7555"}],"wp:term":[{"taxonomy":"product_cat","embeddable":true,"href":"https:\/\/antykilion.pl\/it\/wp-json\/wp\/v2\/product_cat?post=7555"},{"taxonomy":"product_tag","embeddable":true,"href":"https:\/\/antykilion.pl\/it\/wp-json\/wp\/v2\/product_tag?post=7555"}],"curies":[{"name":"wp","href":"https:\/\/api.w.org\/{rel}","templated":true}]}}