{"id":7611,"date":"2023-10-25T13:06:09","date_gmt":"2023-10-25T11:06:09","guid":{"rendered":"https:\/\/antykilion.pl\/?post_type=product&#038;p=7611"},"modified":"2026-02-17T15:55:25","modified_gmt":"2026-02-17T14:55:25","slug":"konsola-w-stylu-ludwika-xv-z-xviii-w-okolo-1750-r","status":"publish","type":"product","link":"https:\/\/antykilion.pl\/it\/product\/konsola-w-stylu-ludwika-xv-z-xviii-w-okolo-1750-r\/","title":{"rendered":"Konsola  w stylu Ludwika XV z XVIII w oko\u0142o 1750 r"},"content":{"rendered":"","protected":false},"excerpt":{"rendered":"<p>Konsola  w stylu Ludwika XV z XVIII w oko\u0142o 1750 r<\/p>\n<p>Wyj\u0105tkowo wysokiej klasy mebel wykonany w XVIII w. Pochodz\u0105cy z Pa\u0142acu na obrze\u017cu Pary\u017ca, wykonany w stylu i epoce Ludwika XV, tzw. Francuskiego rokoka pe\u0142nego dynamizmu wyko\u0144czony li\u015b\u0107mi akantu i kwiatami. Bardzo du\u017cy r\u0119cznie rze\u017abiony w litym drzewie i pokryty z\u0142otem  i udekorowany blatem z marmuru.<\/p>\n<p>Prawdziwa gratka dla kolekcjonera ze wzgl\u0119du na rzadki i zabytkowy charakter dzie\u0142a sztuki u\u017cytkowej. Wyposa\u017cenie Zamk\u00f3w, Pa\u0142acy i bogatych rezydencji.<\/p>\n<p>Konsola bardzo wysokiej klasy!!!<\/p>\n<p>Pochodzenie: Europa zachodnia Francja<\/p>\n<p>Stan  bardzo dobry orginalny !!!, widoczne \u015blady u\u017cytkowania co jest ogromn\u0105 rzadko\u015bci\u0105 na dzisiejsze czasy !!!<\/p>\n<p>Wymiary:  bardzo du\u017ca wysoko\u015b\u0107 86 cm, d\u0142ugo\u015b\u0107 134 cm, g\u0142\u0119boko\u015b\u0107 oko\u0142o 60 cm<\/p>\n<p>Materia\u0142: drzewo rze\u017abione z\u0142ocone i marmur<\/p>\n<p>Ogromna rzadko\u015b\u0107 !!!<\/p>","protected":false},"featured_media":7615,"comment_status":"closed","ping_status":"closed","template":"","meta":[],"product_cat":[30,17,33],"product_tag":[],"class_list":{"0":"post-7611","1":"product","2":"type-product","3":"status-publish","4":"has-post-thumbnail","6":"product_cat-lustra","7":"product_cat-meble","8":"product_cat-stoly-stoliki","10":"entry","11":"has-media","13":"first","14":"instock","15":"taxable","16":"shipping-taxable","17":"purchasable","18":"product-type-simple","19":"has-product-nav","20":"col","21":"span_1_of_3","22":"owp-content-center","23":"owp-thumbs-layout-horizontal","24":"owp-btn-normal","25":"owp-tabs-layout-horizontal"},"aioseo_notices":[],"_links":{"self":[{"href":"https:\/\/antykilion.pl\/it\/wp-json\/wp\/v2\/product\/7611","targetHints":{"allow":["GET"]}}],"collection":[{"href":"https:\/\/antykilion.pl\/it\/wp-json\/wp\/v2\/product"}],"about":[{"href":"https:\/\/antykilion.pl\/it\/wp-json\/wp\/v2\/types\/product"}],"replies":[{"embeddable":true,"href":"https:\/\/antykilion.pl\/it\/wp-json\/wp\/v2\/comments?post=7611"}],"wp:featuredmedia":[{"embeddable":true,"href":"https:\/\/antykilion.pl\/it\/wp-json\/wp\/v2\/media\/7615"}],"wp:attachment":[{"href":"https:\/\/antykilion.pl\/it\/wp-json\/wp\/v2\/media?parent=7611"}],"wp:term":[{"taxonomy":"product_cat","embeddable":true,"href":"https:\/\/antykilion.pl\/it\/wp-json\/wp\/v2\/product_cat?post=7611"},{"taxonomy":"product_tag","embeddable":true,"href":"https:\/\/antykilion.pl\/it\/wp-json\/wp\/v2\/product_tag?post=7611"}],"curies":[{"name":"wp","href":"https:\/\/api.w.org\/{rel}","templated":true}]}}