{"id":7626,"date":"2023-10-30T15:55:34","date_gmt":"2023-10-30T14:55:34","guid":{"rendered":"https:\/\/antykilion.pl\/?post_type=product&#038;p=7626"},"modified":"2026-03-14T12:43:18","modified_gmt":"2026-03-14T11:43:18","slug":"para-foteli-w-stylu-regencji-xix-w-okolom-1830-r","status":"publish","type":"product","link":"https:\/\/antykilion.pl\/it\/product\/para-foteli-w-stylu-regencji-xix-w-okolom-1830-r\/","title":{"rendered":"Para foteli w stylu regencji XIX w oko\u0142om 1830 r"},"content":{"rendered":"","protected":false},"excerpt":{"rendered":"<p>Para foteli w stylu regencji XIX w oko\u0142om 1830 r<\/p>\n<p>o profilowanych elementach szkieletu, dekorowanych p\u0142askorze- bion\u0105 dekoracj\u0105 floraln\u0105, tapicerowane (siedzenie i oparcie), w prawdziwych gobelinach, wsparte na czterech kabriolowych nogach, spi\u0119tych krzy\u017cowym wi\u0105zaniem, z rozeta po \u015brodku. Oparcie proste, lekko odchylone, prostok\u0105tne, zwie\u0144czone fali\u015bcie, siedzenie trapezoidalne, z przodu faliste.<\/p>\n<p>Por\u0119cze odchylone na boki, cofni\u0119te w stosunku do przedniego oskrzynienia.<\/p>\n<p>Prawdziwa gratka dla kolekcjonera ze wzgl\u0119du na rzadki i zabytkowy charakter dzie\u0142a sztuki u\u017cytkowej. Wyposa\u017cenie Zamk\u00f3w, Pa\u0142acy i bogatych rezydencji.<\/p>\n<p>Ogromne fotele, ob\u0142\u0119dne<\/p>\n<p>Pochodzenie: Europa zachodnia Francja<\/p>\n<p>Stan\u00a0 bardzo dobry orginalny !!!, widoczne \u015blady u\u017cytkowania orginalna tapicera z XVIII w !!!<\/p>\n<p>Wymiary:\u00a0 125 cm,  wysoko\u015b\u0107 siedziska 45, d\u0142ugo\u015b\u0107  oko\u0142o 75 cm, g\u0142\u0119boko\u015b\u0107 oko\u0142o  65 cm<br \/>\nMateria\u0142: drzewo rze\u017abione, gobelin<\/p>\n<p>Ogromna rzadko\u015b\u0107 !!!<\/p>","protected":false},"featured_media":7627,"comment_status":"closed","ping_status":"closed","template":"","meta":[],"product_cat":[24,17],"product_tag":[],"class_list":{"0":"post-7626","1":"product","2":"type-product","3":"status-publish","4":"has-post-thumbnail","6":"product_cat-fotele","7":"product_cat-meble","9":"entry","10":"has-media","12":"first","13":"instock","14":"taxable","15":"shipping-taxable","16":"purchasable","17":"product-type-simple","18":"has-product-nav","19":"col","20":"span_1_of_3","21":"owp-content-center","22":"owp-thumbs-layout-horizontal","23":"owp-btn-normal","24":"owp-tabs-layout-horizontal"},"aioseo_notices":[],"_links":{"self":[{"href":"https:\/\/antykilion.pl\/it\/wp-json\/wp\/v2\/product\/7626","targetHints":{"allow":["GET"]}}],"collection":[{"href":"https:\/\/antykilion.pl\/it\/wp-json\/wp\/v2\/product"}],"about":[{"href":"https:\/\/antykilion.pl\/it\/wp-json\/wp\/v2\/types\/product"}],"replies":[{"embeddable":true,"href":"https:\/\/antykilion.pl\/it\/wp-json\/wp\/v2\/comments?post=7626"}],"wp:featuredmedia":[{"embeddable":true,"href":"https:\/\/antykilion.pl\/it\/wp-json\/wp\/v2\/media\/7627"}],"wp:attachment":[{"href":"https:\/\/antykilion.pl\/it\/wp-json\/wp\/v2\/media?parent=7626"}],"wp:term":[{"taxonomy":"product_cat","embeddable":true,"href":"https:\/\/antykilion.pl\/it\/wp-json\/wp\/v2\/product_cat?post=7626"},{"taxonomy":"product_tag","embeddable":true,"href":"https:\/\/antykilion.pl\/it\/wp-json\/wp\/v2\/product_tag?post=7626"}],"curies":[{"name":"wp","href":"https:\/\/api.w.org\/{rel}","templated":true}]}}