{"id":767,"date":"2020-01-31T11:08:59","date_gmt":"2020-01-31T10:08:59","guid":{"rendered":"https:\/\/antykilion.pl\/?post_type=product&#038;p=767"},"modified":"2024-12-14T20:17:43","modified_gmt":"2024-12-14T19:17:43","slug":"jenny-salm-1818-muzealny-obraz-notowany","status":"publish","type":"product","link":"https:\/\/antykilion.pl\/it\/product\/jenny-salm-1818-muzealny-obraz-notowany\/","title":{"rendered":"Jenny Salm. 1818 museo dipinto registrato"},"content":{"rendered":"<p>Si conoscono solo una manciata di opere di questa artista ceca, tutte in collezioni pubbliche, tre paesaggi e due ancora dipinti, e il presente dipinto \u00e8 il suo primo lavoro conosciuto;<\/p>\n<p>Altri sono Landscape with a Church, 1819 (National Gallery, Prague), Beachscene, 1824 (British Government Art Collection (British Embassy Prague, Czech Republic), Vast Landscape, 1824 (National Gallery, Prague), Still Life with a Lizard e fiori, 1826 (Galleria Nazionale di Praga), Vasto paesaggio, 1829 (Rudolphinum, Praga, dono dell&#039;artista 1835) e Natura morta con uva, 1842 (Galleria Nazionale, Praga).<\/p>\n<p>Nel 1801 spos\u00f2 Franz Vincenz Altgrafen Salm-Reifferscheid-Hainspach (1744-1842). Per tutta la vita \u00e8 stata attiva alla corte di Vienna come dama di compagnia per l&#039;imperatrice d&#039;Austria. Secondo Archiv f\u00fcr Geschichte, 1824, p. 378, era considerata un&#039;artista di talento, specializzata in paesaggi. Nel 1826, espose un paesaggio alla mostra annuale di Praga, che fu molto ben accolta, particolarmente apprezzata per i suoi colori sofisticati.<br \/>\nimmagine citata<\/p>\n<p>http:\/\/www.artnet.com\/artists\/johanna-jenny-salm-reifferscheid\/<\/p>","protected":false},"excerpt":{"rendered":"<p>Johanna &quot;Jenny&quot; Salm-Reifferscheid Repubblica Ceca 1780-1857. Paesaggio fluviale lunare con pescatori e rovine del castello.<br \/>\nFirma: firmata e datata Jenny Salm. 1818. Con l&#039;iscrizione sul verso: \u201cJohanna Altgrafin zu Salm-Reiffercheid geb. Grafin Pachta Rayhofen \u201d.<br \/>\nTecnica: olio su tela<br \/>\nDimensioni: tela 49 cm per 62 cm.<br \/>\nCondizioni: ottime<\/p>","protected":false},"featured_media":790,"comment_status":"closed","ping_status":"closed","template":"","meta":[],"product_cat":[41,39,40],"product_tag":[],"class_list":{"0":"post-767","1":"product","2":"type-product","3":"status-publish","4":"has-post-thumbnail","6":"product_cat-malarstwo-dawne","7":"product_cat-dziela-sztuki","8":"product_cat-malarstwo","10":"entry","11":"has-media","13":"first","14":"instock","15":"taxable","16":"shipping-taxable","17":"purchasable","18":"product-type-simple","19":"has-product-nav","20":"col","21":"span_1_of_3","22":"owp-content-center","23":"owp-thumbs-layout-horizontal","24":"owp-btn-normal","25":"owp-tabs-layout-horizontal"},"aioseo_notices":[],"_links":{"self":[{"href":"https:\/\/antykilion.pl\/it\/wp-json\/wp\/v2\/product\/767","targetHints":{"allow":["GET"]}}],"collection":[{"href":"https:\/\/antykilion.pl\/it\/wp-json\/wp\/v2\/product"}],"about":[{"href":"https:\/\/antykilion.pl\/it\/wp-json\/wp\/v2\/types\/product"}],"replies":[{"embeddable":true,"href":"https:\/\/antykilion.pl\/it\/wp-json\/wp\/v2\/comments?post=767"}],"wp:featuredmedia":[{"embeddable":true,"href":"https:\/\/antykilion.pl\/it\/wp-json\/wp\/v2\/media\/790"}],"wp:attachment":[{"href":"https:\/\/antykilion.pl\/it\/wp-json\/wp\/v2\/media?parent=767"}],"wp:term":[{"taxonomy":"product_cat","embeddable":true,"href":"https:\/\/antykilion.pl\/it\/wp-json\/wp\/v2\/product_cat?post=767"},{"taxonomy":"product_tag","embeddable":true,"href":"https:\/\/antykilion.pl\/it\/wp-json\/wp\/v2\/product_tag?post=767"}],"curies":[{"name":"wp","href":"https:\/\/api.w.org\/{rel}","templated":true}]}}