{"id":7805,"date":"2023-11-18T19:02:16","date_gmt":"2023-11-18T18:02:16","guid":{"rendered":"https:\/\/antykilion.pl\/?post_type=product&#038;p=7805"},"modified":"2023-11-20T10:07:34","modified_gmt":"2023-11-20T09:07:34","slug":"malowniczy-widok-z-kepy-w-grudziadzu-carl-ludwig-scheins-1808-1879-obledny","status":"publish","type":"product","link":"https:\/\/antykilion.pl\/it\/product\/malowniczy-widok-z-kepy-w-grudziadzu-carl-ludwig-scheins-1808-1879-obledny\/","title":{"rendered":"Malowniczy widok z K\u0119py w Grudzi\u0105dzu Gustav Breuning ob\u0142\u0119dny !!!"},"content":{"rendered":"","protected":false},"excerpt":{"rendered":"<p>Malowniczy widok z K\u0119py w Grudzi\u0105dzu Gustav Breuning ob\u0142\u0119dny !!!<\/p>\n<p>Gustav Breuning (ur. na prze\u0142omie maja i czerwca 1827 w Starogardzie, zm. 29 listopada 1902 w Grudzi\u0105dzu[1]) \u2013 niemiecki malarz.<\/p>\n<p>Curriculum vitae<\/p>\n<p>O jego pochodzeniu i latach nauki niczego nie wiadomo. W Grudzi\u0105dzu mieszka\u0142 od oko\u0142o 1860, prowadz\u0105c w\u0142asne atelier oraz sklep z przyborami malarskimi i tapetami przy ulicy Klasztornej 4. Malowa\u0142 portrety, obrazy religijne (mi\u0119dzy innymi dla miejscowego ko\u015bcio\u0142a ewangelickiego w 1884) i widoki architektoniczne, przede wszystkim o lokalnej tematyce. Jego prace przetrwa\u0142y w Muzeum im. ks. dr. W\u0142adys\u0142awa \u0141\u0119gi w Grudzi\u0105dzu, Muzeum Prus Zachodnich (Westpreu\u00dfisches Landesmuseum) w Warendorf, a tak\u017ce w kolekcjach prywatnych. Do najlepszych nale\u017cy Widok na Grudzi\u0105dz z K\u0119py Strzemi\u0119ci\u0144skiej z 1869 w grudzi\u0105dzkim muzeum[2]. W pa\u0142acu Bieler\u00f3w w Me\u0142nie wykona\u0142 \u015bcienne panneaux przedstawiaj\u0105ce widoki okolicznych zamk\u00f3w krzy\u017cackich. Jego prace by\u0142y rozpowszechniane w formie oleodruk\u00f3w i poczt\u00f3wek.<\/p>\n<p>Gustav Breuning pochowany zosta\u0142 na starym cmentarzu ewangelickim przy ulicy Toru\u0144skiej w Grudzi\u0105dzu.<\/p>\n<p>Przypisy<br \/>\nTeresa Tylicka, Gustav Breuning 1827\u20131902 malarz-pejza\u017cysta, mi\u0142o\u015bnik \u201estaro\u017cytno\u015bci\u201d, w: Wpisani w dzieje miasta. Znani i mniej znani ludzie Grudzi\u0105dza na przestrzeni wiek\u00f3w (pod redakcj\u0105 Wies\u0142awa Sieradzana), Grudzi\u0105dz 2016, s. 84\u201392.<br \/>\nWidok na Grudzi\u0105dz z K\u0119py Strzemi\u0119ci\u0144skiej. Muzeum im. ks. dr. W\u0142adys\u0142awa \u0141\u0119gi w Grudzi\u0105dzu. [dost\u0119p 2021-09-19]. (pol.).<br \/>\nBibliografia<br \/>\nBogdan Chrapkowski, Maciej Rejmanowski: Me\u0142no gmina Gruta. Zesp\u00f3\u0142 pa\u0142acowo-parkowy, Toru\u0144, Pa\u0144stwowa S\u0142u\u017cba Ochrony Zabytk\u00f3w, Oddzia\u0142 Wojew\u00f3dzki w Toruniu, 1996, ISBN\u00a083-903105-5-4.<br \/>\nGrudzi\u0105dz. Widoki miasta, opracowanie Jadwiga Drozdowska, Grudzi\u0105dz, Wydawnictwo Muzeum w Grudzi\u0105dzu, 2001, ISBN\u00a083-88076-04-3.<\/p>\n<p>Bardzo malowniczy i dekoracyjny obraz !<\/p>\n<p>Ogromna rzadko\u015b\u0107 !!!<\/p>\n<p>Okazja !!!<\/p>\n<p>Tecnica: olio su tela<\/p>\n<p>Stan: bardzo dobry,<\/p>\n<p>Sygnatura:Widoczna na zdj\u0119ciu G, Breuning 1872 r<\/p>\n<p>Wymiary:\u00a0 p\u0142\u00f3tno 60 cm na 95 cm z ram\u0105 100 cm na 126 cm<\/p>\n<p>Do ka\u017cdego przedmiotu Galeria wystawia certyfikat.<\/p>","protected":false},"featured_media":7806,"comment_status":"closed","ping_status":"closed","template":"","meta":[],"product_cat":[41,39,40],"product_tag":[],"class_list":{"0":"post-7805","1":"product","2":"type-product","3":"status-publish","4":"has-post-thumbnail","6":"product_cat-malarstwo-dawne","7":"product_cat-dziela-sztuki","8":"product_cat-malarstwo","10":"entry","11":"has-media","13":"first","14":"instock","15":"taxable","16":"shipping-taxable","17":"purchasable","18":"product-type-simple","19":"has-product-nav","20":"col","21":"span_1_of_3","22":"owp-content-center","23":"owp-thumbs-layout-horizontal","24":"owp-btn-normal","25":"owp-tabs-layout-horizontal"},"aioseo_notices":[],"_links":{"self":[{"href":"https:\/\/antykilion.pl\/it\/wp-json\/wp\/v2\/product\/7805","targetHints":{"allow":["GET"]}}],"collection":[{"href":"https:\/\/antykilion.pl\/it\/wp-json\/wp\/v2\/product"}],"about":[{"href":"https:\/\/antykilion.pl\/it\/wp-json\/wp\/v2\/types\/product"}],"replies":[{"embeddable":true,"href":"https:\/\/antykilion.pl\/it\/wp-json\/wp\/v2\/comments?post=7805"}],"wp:featuredmedia":[{"embeddable":true,"href":"https:\/\/antykilion.pl\/it\/wp-json\/wp\/v2\/media\/7806"}],"wp:attachment":[{"href":"https:\/\/antykilion.pl\/it\/wp-json\/wp\/v2\/media?parent=7805"}],"wp:term":[{"taxonomy":"product_cat","embeddable":true,"href":"https:\/\/antykilion.pl\/it\/wp-json\/wp\/v2\/product_cat?post=7805"},{"taxonomy":"product_tag","embeddable":true,"href":"https:\/\/antykilion.pl\/it\/wp-json\/wp\/v2\/product_tag?post=7805"}],"curies":[{"name":"wp","href":"https:\/\/api.w.org\/{rel}","templated":true}]}}