{"id":7814,"date":"2023-11-19T09:37:20","date_gmt":"2023-11-19T08:37:20","guid":{"rendered":"https:\/\/antykilion.pl\/?post_type=product&#038;p=7814"},"modified":"2023-11-19T09:37:20","modified_gmt":"2023-11-19T08:37:20","slug":"komoda-barokowa-europa-srodkowa-polska-zachodnio-poludniowo-lub-niemcy-ok-1750","status":"publish","type":"product","link":"https:\/\/antykilion.pl\/it\/product\/komoda-barokowa-europa-srodkowa-polska-zachodnio-poludniowo-lub-niemcy-ok-1750\/","title":{"rendered":"Komoda Barokowa Europa \u015arodkowa (Polska zachodnio- po\u0142udniowo lub Niemcy?), ok. 1750"},"content":{"rendered":"","protected":false},"excerpt":{"rendered":"<p>Komoda Barokowa Europa \u015arodkowa (Polska zachodnio- po\u0142udniowo lub Niemcy?), ok. 1750<\/p>\n<p>O prostych bokach i falistym froncie oraz blacie nieco wystaj\u0105cym, na\u015bladuj\u0105cym zarys korpusu, czteroszufladowa, fornirowana, wsparta na czterech kulistych, sp\u0142aszczonych nogach. Obrze\u017ce blatu z \u0107wier\u0107wa\u0142ka. Blat ( oraz lica szuflad ) z geometrycznymi polami wyznaczonymi prostok\u0105tami. D\u00f3\u0142 korpusu uj\u0119ty profilowan\u0105 listw\u0105. Okucia mosi\u0119\u017cne oraz blacha mosi\u0119\u017cna: zamki przyk\u0142adano-wpuszczane, jednoryglowe; szyldy zamk\u00f3w zbli\u017cone do owalu, faliste w zarysie, szyldy uchwyt\u00f3w w formie pelty. Na blacie intarsja w formie gwiazdy.<\/p>\n<p>Typowa pod wzgl\u0119dem formy i dekoracji komoda barokowa. Wykonana rzemie\u015blniczo<\/p>\n<p>Condizioni: ottime<\/p>\n<p>Pochodzenie: Polska lub Niemcy<\/p>\n<p>Materia\u0142: Orzech wiele innych jak maho\u0144<\/p>\n<p>Wymiary: d\u0142ugo\u015b\u0107 113 cm, g\u0142\u0119boko\u015b\u0107 58 cm, wysoko\u015b\u0107 86 cm<\/p>\n<p>Polecam bardzo atrakcyjna cena mebla Warto zainwestowa\u0107 w mebel barokowy!!!!<\/p>","protected":false},"featured_media":7815,"comment_status":"closed","ping_status":"closed","template":"","meta":[],"product_cat":[26,17],"product_tag":[],"class_list":{"0":"post-7814","1":"product","2":"type-product","3":"status-publish","4":"has-post-thumbnail","6":"product_cat-komody","7":"product_cat-meble","9":"entry","10":"has-media","12":"first","13":"instock","14":"taxable","15":"shipping-taxable","16":"purchasable","17":"product-type-simple","18":"has-product-nav","19":"col","20":"span_1_of_3","21":"owp-content-center","22":"owp-thumbs-layout-horizontal","23":"owp-btn-normal","24":"owp-tabs-layout-horizontal","25":"has-no-thumbnails"},"aioseo_notices":[],"_links":{"self":[{"href":"https:\/\/antykilion.pl\/it\/wp-json\/wp\/v2\/product\/7814","targetHints":{"allow":["GET"]}}],"collection":[{"href":"https:\/\/antykilion.pl\/it\/wp-json\/wp\/v2\/product"}],"about":[{"href":"https:\/\/antykilion.pl\/it\/wp-json\/wp\/v2\/types\/product"}],"replies":[{"embeddable":true,"href":"https:\/\/antykilion.pl\/it\/wp-json\/wp\/v2\/comments?post=7814"}],"wp:featuredmedia":[{"embeddable":true,"href":"https:\/\/antykilion.pl\/it\/wp-json\/wp\/v2\/media\/7815"}],"wp:attachment":[{"href":"https:\/\/antykilion.pl\/it\/wp-json\/wp\/v2\/media?parent=7814"}],"wp:term":[{"taxonomy":"product_cat","embeddable":true,"href":"https:\/\/antykilion.pl\/it\/wp-json\/wp\/v2\/product_cat?post=7814"},{"taxonomy":"product_tag","embeddable":true,"href":"https:\/\/antykilion.pl\/it\/wp-json\/wp\/v2\/product_tag?post=7814"}],"curies":[{"name":"wp","href":"https:\/\/api.w.org\/{rel}","templated":true}]}}