{"id":7850,"date":"2024-01-03T11:32:15","date_gmt":"2024-01-03T10:32:15","guid":{"rendered":"https:\/\/antykilion.pl\/?post_type=product&#038;p=7850"},"modified":"2024-03-09T17:40:55","modified_gmt":"2024-03-09T16:40:55","slug":"franciszek-zmurko-dziewczyna-w-buduarze-piekna","status":"publish","type":"product","link":"https:\/\/antykilion.pl\/it\/product\/franciszek-zmurko-dziewczyna-w-buduarze-piekna\/","title":{"rendered":"Franciszek \u017bmurko dziewczyna w buduarze, pi\u0119kna !!!"},"content":{"rendered":"","protected":false},"excerpt":{"rendered":"<p>Franciszek \u017bmurko dziewczyna w buduarze, pi\u0119kna !!!<\/p>\n<p>Franciszek \u017bmurko (1859-1910) nauk\u0119 rysunku i malarstwa rozpocz\u0105\u0142 u Franciszka Tepy we Lwowie, a kontynuowa\u0142 w latach 1874- 81 u Jana Matejki w krakowskiej Szkole Sztuk Pi\u0119knych oraz w Wiedniu, Rzymie i w monachijskiej Akademii u A. Wagnera (1878- 80). Po studiach, do roku 1882, mieszka\u0142 w Krakowie, p\u00f3\u017aniej osiad\u0142 w Warszawie. Wiele podr\u00f3\u017cowa\u0142- zwiedzi\u0142 Francj\u0119, Niemcy, Holandi\u0119, Petersburg. Prace artysty cieszy\u0142y si\u0119 wielkim uznaniem krytyki i publiczno\u015bci; bra\u0142 udzia\u0142 w licznych wystawach w kraju (w Warszawie, Krakowie, Lwowie, Wilnie, \u017bytomierzu) i za granic\u0105, m.in. we Francji, Niemczech, Holandii, Anglii, a tak\u017ce w Chicago i San Francisco. Malowa\u0142 akademickie kompozycje o tematyce antycznej, alegoryczno- symbolicznej, a niekiedy historycznej i religijnej oraz portrety.<\/p>\n<p>Bardzo dekoracyjny obraz !<\/p>\n<p>Okazja !!!<\/p>\n<p>Technika: pastel na papierze<\/p>\n<p>Stan: bardzo dobry, dwa rozdarcia praktycznie nie widoczne po bokach<\/p>\n<p>Sygnatura: brak widoczne \u015blady prawy dolny r\u00f3g, zapewne zatarta przy oprawianiu, praca przypisana temu malarzowi<\/p>\n<p>Wymiary:\u00a0 papier 63 cm na 50 cm z ram\u0105 69 cm na 81 cm<\/p>\n<p>Do ka\u017cdego przedmiotu Galeria wystawia certyfikat.<\/p>","protected":false},"featured_media":7851,"comment_status":"closed","ping_status":"closed","template":"","meta":[],"product_cat":[41,39,40],"product_tag":[],"class_list":{"0":"post-7850","1":"product","2":"type-product","3":"status-publish","4":"has-post-thumbnail","6":"product_cat-malarstwo-dawne","7":"product_cat-dziela-sztuki","8":"product_cat-malarstwo","10":"entry","11":"has-media","13":"first","14":"instock","15":"taxable","16":"shipping-taxable","17":"purchasable","18":"product-type-simple","19":"has-product-nav","20":"col","21":"span_1_of_3","22":"owp-content-center","23":"owp-thumbs-layout-horizontal","24":"owp-btn-normal","25":"owp-tabs-layout-horizontal"},"aioseo_notices":[],"_links":{"self":[{"href":"https:\/\/antykilion.pl\/it\/wp-json\/wp\/v2\/product\/7850","targetHints":{"allow":["GET"]}}],"collection":[{"href":"https:\/\/antykilion.pl\/it\/wp-json\/wp\/v2\/product"}],"about":[{"href":"https:\/\/antykilion.pl\/it\/wp-json\/wp\/v2\/types\/product"}],"replies":[{"embeddable":true,"href":"https:\/\/antykilion.pl\/it\/wp-json\/wp\/v2\/comments?post=7850"}],"wp:featuredmedia":[{"embeddable":true,"href":"https:\/\/antykilion.pl\/it\/wp-json\/wp\/v2\/media\/7851"}],"wp:attachment":[{"href":"https:\/\/antykilion.pl\/it\/wp-json\/wp\/v2\/media?parent=7850"}],"wp:term":[{"taxonomy":"product_cat","embeddable":true,"href":"https:\/\/antykilion.pl\/it\/wp-json\/wp\/v2\/product_cat?post=7850"},{"taxonomy":"product_tag","embeddable":true,"href":"https:\/\/antykilion.pl\/it\/wp-json\/wp\/v2\/product_tag?post=7850"}],"curies":[{"name":"wp","href":"https:\/\/api.w.org\/{rel}","templated":true}]}}