{"id":7938,"date":"2024-03-07T17:39:49","date_gmt":"2024-03-07T16:39:49","guid":{"rendered":"https:\/\/antykilion.pl\/?post_type=product&#038;p=7938"},"modified":"2024-03-07T17:39:50","modified_gmt":"2024-03-07T16:39:50","slug":"barokowa-szafa-kredensowa-witryna-katowa-xviii-w-okolo-1760-r","status":"publish","type":"product","link":"https:\/\/antykilion.pl\/it\/product\/barokowa-szafa-kredensowa-witryna-katowa-xviii-w-okolo-1760-r\/","title":{"rendered":"Barokowa Szafa kredensowa = witryna , k\u0105towa, XVIII w oko\u0142o 1760 r"},"content":{"rendered":"","protected":false},"excerpt":{"rendered":"<p>Barokowa Szafa kredensowa = witryna , k\u0105towa, XVIII w oko\u0142o 1760 r<\/p>\n<p>o prostych bokach i froncie nastawy oraz falistym froncie podstawy, ze \u015bci\u0119tymi naro\u017cami, dwucz\u0119\u015bciowa, dwuskrzyd\u0142owa, wsparta od frontu na konsolowych n\u00f3\u017ckach, z ty\u0142u na graniaku, fornirowana wzorzyst\u0105 oklein\u0105 orzechow\u0105 bogato intarsjowan\u0105 w Papugi oraz kwiaty mi\u0119dzy innymi tulipany.<\/p>\n<p>Ca\u0142o\u015b\u0107 zwie\u0144czona profilowanym gzymsem \u00a0Skrzyd\u0142a drzwi o konstrukcji ramowo-p\u0142ycinowej. Skrzyd\u0142o drzwi nastawy i naro\u017ca przeszklone, podzielone na trzy cz\u0119\u015bci profilowanymi szprosami (na skrzydle drzwi faliste, na naro\u017cach proste).<\/p>\n<p>Szafa charakteryzuje si\u0119 du\u017cym wdzi\u0119kiem, mimo sporej wysoko\u015bci; prawdopodobnie wykonana do wyposa\u017cenia dworu.<\/p>\n<p>Meble nawi\u0105zuje do poprzedniego mebla szafy kredensowej pe\u0142nej<\/p>\n<p>Origine: Polonia<\/p>\n<p>Materia\u0142: R\u00f3\u017cnego rodzaju orzechy oraz inne wykorzystane w intarsji oraz szk\u0142o walcowane, oryginalne<\/p>\n<p>Wymiary: d\u0142ugo\u015b\u0107 105 cm, g\u0142\u0119boko\u015b\u0107 64 cm, wysoko\u015b\u0107 227 cm<\/p>\n<p>Polecam bardzo atrakcyjna cena mebla, warto zainwestowa\u0107, mebel klasy muzealnej !!!<\/p>","protected":false},"featured_media":7940,"comment_status":"closed","ping_status":"closed","template":"","meta":[],"product_cat":[27,17,37],"product_tag":[],"class_list":{"0":"post-7938","1":"product","2":"type-product","3":"status-publish","4":"has-post-thumbnail","6":"product_cat-kredensy-bufety","7":"product_cat-meble","8":"product_cat-witryny-serwantki","10":"entry","11":"has-media","13":"first","14":"instock","15":"taxable","16":"shipping-taxable","17":"purchasable","18":"product-type-simple","19":"has-product-nav","20":"col","21":"span_1_of_3","22":"owp-content-center","23":"owp-thumbs-layout-horizontal","24":"owp-btn-normal","25":"owp-tabs-layout-horizontal"},"aioseo_notices":[],"_links":{"self":[{"href":"https:\/\/antykilion.pl\/it\/wp-json\/wp\/v2\/product\/7938","targetHints":{"allow":["GET"]}}],"collection":[{"href":"https:\/\/antykilion.pl\/it\/wp-json\/wp\/v2\/product"}],"about":[{"href":"https:\/\/antykilion.pl\/it\/wp-json\/wp\/v2\/types\/product"}],"replies":[{"embeddable":true,"href":"https:\/\/antykilion.pl\/it\/wp-json\/wp\/v2\/comments?post=7938"}],"wp:featuredmedia":[{"embeddable":true,"href":"https:\/\/antykilion.pl\/it\/wp-json\/wp\/v2\/media\/7940"}],"wp:attachment":[{"href":"https:\/\/antykilion.pl\/it\/wp-json\/wp\/v2\/media?parent=7938"}],"wp:term":[{"taxonomy":"product_cat","embeddable":true,"href":"https:\/\/antykilion.pl\/it\/wp-json\/wp\/v2\/product_cat?post=7938"},{"taxonomy":"product_tag","embeddable":true,"href":"https:\/\/antykilion.pl\/it\/wp-json\/wp\/v2\/product_tag?post=7938"}],"curies":[{"name":"wp","href":"https:\/\/api.w.org\/{rel}","templated":true}]}}