{"id":7981,"date":"2024-03-22T08:23:25","date_gmt":"2024-03-22T07:23:25","guid":{"rendered":"https:\/\/antykilion.pl\/?post_type=product&#038;p=7981"},"modified":"2024-03-22T08:23:26","modified_gmt":"2024-03-22T07:23:26","slug":"medalion-antylopy-gemsbok-oryx-piekny-i-okazaly","status":"publish","type":"product","link":"https:\/\/antykilion.pl\/it\/product\/medalion-antylopy-gemsbok-oryx-piekny-i-okazaly\/","title":{"rendered":"Medalion antylopy GEMSBOK ORYX pi\u0119kny i okaza\u0142y."},"content":{"rendered":"","protected":false},"excerpt":{"rendered":"<p>Medalion antylopy GEMSBOK ORYX pi\u0119kny i okaza\u0142y.<\/p>\n<p>GEMSBOK ORYX, Republika Po\u0142udniowej Afryki, w zestawie certyfikat. Zdejmowane rogi.<\/p>\n<p>Wysoko\u015b\u0107 ca\u0142kowita oko\u0142o 120 cm. Wysoko\u015b\u0107 z od\u0142\u0105czonymi rogami ok. 75 cm.<\/p>\n<p>Bardzo atrakcyjna cena<\/p>","protected":false},"featured_media":7982,"comment_status":"closed","ping_status":"closed","template":"","meta":[],"product_cat":[16,55],"product_tag":[],"class_list":{"0":"post-7981","1":"product","2":"type-product","3":"status-publish","4":"has-post-thumbnail","6":"product_cat-inne","7":"product_cat-varia","9":"entry","10":"has-media","12":"first","13":"instock","14":"taxable","15":"shipping-taxable","16":"purchasable","17":"product-type-simple","18":"has-product-nav","19":"col","20":"span_1_of_3","21":"owp-content-center","22":"owp-thumbs-layout-horizontal","23":"owp-btn-normal","24":"owp-tabs-layout-horizontal"},"aioseo_notices":[],"_links":{"self":[{"href":"https:\/\/antykilion.pl\/it\/wp-json\/wp\/v2\/product\/7981","targetHints":{"allow":["GET"]}}],"collection":[{"href":"https:\/\/antykilion.pl\/it\/wp-json\/wp\/v2\/product"}],"about":[{"href":"https:\/\/antykilion.pl\/it\/wp-json\/wp\/v2\/types\/product"}],"replies":[{"embeddable":true,"href":"https:\/\/antykilion.pl\/it\/wp-json\/wp\/v2\/comments?post=7981"}],"wp:featuredmedia":[{"embeddable":true,"href":"https:\/\/antykilion.pl\/it\/wp-json\/wp\/v2\/media\/7982"}],"wp:attachment":[{"href":"https:\/\/antykilion.pl\/it\/wp-json\/wp\/v2\/media?parent=7981"}],"wp:term":[{"taxonomy":"product_cat","embeddable":true,"href":"https:\/\/antykilion.pl\/it\/wp-json\/wp\/v2\/product_cat?post=7981"},{"taxonomy":"product_tag","embeddable":true,"href":"https:\/\/antykilion.pl\/it\/wp-json\/wp\/v2\/product_tag?post=7981"}],"curies":[{"name":"wp","href":"https:\/\/api.w.org\/{rel}","templated":true}]}}