{"id":7991,"date":"2024-03-22T13:24:19","date_gmt":"2024-03-22T12:24:19","guid":{"rendered":"https:\/\/antykilion.pl\/?post_type=product&#038;p=7991"},"modified":"2024-03-22T13:24:19","modified_gmt":"2024-03-22T12:24:19","slug":"cukiernica-skrzynkowa-na-kluczyk-wroclaw-1849-1861-mistrz-robert-haertel-nr-2","status":"publish","type":"product","link":"https:\/\/antykilion.pl\/it\/product\/cukiernica-skrzynkowa-na-kluczyk-wroclaw-1849-1861-mistrz-robert-haertel-nr-2\/","title":{"rendered":"Cukiernica skrzynkowa na kluczyk Wroc\u0142aw 1849 &#8211; 1861, mistrz Robert Haertel nr 2"},"content":{"rendered":"","protected":false},"excerpt":{"rendered":"<p>Cukiernica skrzynkowa na kluczyk Wroc\u0142aw 1849 &#8211; 1861, mistrz Robert Haertel nr 2<\/p>\n<p>Cukiernica skrzynkowa na kluczyk zosta\u0142a wykonana w Wroc\u0142awiu ze srebra 13 lut pr\u00f3by 750\/1000, cecha probiercza miasta Wroc\u0142awia &#8211; G\u0142owa \u015bw. Jana Chrzciciela oraz &#8217;13&#8217; (cz\u0119\u015bciowo starta), \u00a0monogram z\u0142otnika R.H. &#8211; Robert Haertel &#8211; czynny we Wroc\u0142awiu (1840-1882), dodatkowo Litera T w okr\u0105g\u0142ym polu &#8211; znak porbierza z okresu 1849-61<\/p>\n<p>Cukiernica na czterech kulistych n\u00f3\u017ckach. Prostok\u0105tny, wypuk\u0142y kszta\u0142t z prostymi fa\u0142dami wzd\u0142u\u017cnymi<\/p>\n<p>Wymiary:d\u0142ugo\u015b\u0107 14, szeroko\u015b\u0107 10, wysoko\u015b\u0107 10 cm, waga ok. 350 gram.<\/p>\n<p>Brak kluczyka<\/p>\n<p>Argento 13 febbraio, prova 750\/1000<\/p>\n<p>Bello e unico !!!<\/p>","protected":false},"featured_media":7994,"comment_status":"closed","ping_status":"closed","template":"","meta":[],"product_cat":[46],"product_tag":[],"class_list":{"0":"post-7991","1":"product","2":"type-product","3":"status-publish","4":"has-post-thumbnail","6":"product_cat-srebra-i-platery","8":"entry","9":"has-media","11":"first","12":"instock","13":"taxable","14":"shipping-taxable","15":"purchasable","16":"product-type-simple","17":"has-product-nav","18":"col","19":"span_1_of_3","20":"owp-content-center","21":"owp-thumbs-layout-horizontal","22":"owp-btn-normal","23":"owp-tabs-layout-horizontal"},"aioseo_notices":[],"_links":{"self":[{"href":"https:\/\/antykilion.pl\/it\/wp-json\/wp\/v2\/product\/7991","targetHints":{"allow":["GET"]}}],"collection":[{"href":"https:\/\/antykilion.pl\/it\/wp-json\/wp\/v2\/product"}],"about":[{"href":"https:\/\/antykilion.pl\/it\/wp-json\/wp\/v2\/types\/product"}],"replies":[{"embeddable":true,"href":"https:\/\/antykilion.pl\/it\/wp-json\/wp\/v2\/comments?post=7991"}],"wp:featuredmedia":[{"embeddable":true,"href":"https:\/\/antykilion.pl\/it\/wp-json\/wp\/v2\/media\/7994"}],"wp:attachment":[{"href":"https:\/\/antykilion.pl\/it\/wp-json\/wp\/v2\/media?parent=7991"}],"wp:term":[{"taxonomy":"product_cat","embeddable":true,"href":"https:\/\/antykilion.pl\/it\/wp-json\/wp\/v2\/product_cat?post=7991"},{"taxonomy":"product_tag","embeddable":true,"href":"https:\/\/antykilion.pl\/it\/wp-json\/wp\/v2\/product_tag?post=7991"}],"curies":[{"name":"wp","href":"https:\/\/api.w.org\/{rel}","templated":true}]}}