{"id":7996,"date":"2024-03-22T14:53:05","date_gmt":"2024-03-22T13:53:05","guid":{"rendered":"https:\/\/antykilion.pl\/?post_type=product&#038;p=7996"},"modified":"2024-03-22T14:53:06","modified_gmt":"2024-03-22T13:53:06","slug":"para-swiecznikow-barokowych-hirschberg-slask-jelenia-gora-xviii-w","status":"publish","type":"product","link":"https:\/\/antykilion.pl\/it\/product\/para-swiecznikow-barokowych-hirschberg-slask-jelenia-gora-xviii-w\/","title":{"rendered":"Para \u015bwiecznik\u00f3w Barokowych Hirschberg \u015al\u0105sk Jelenia G\u00f3ra XVIII w !!!"},"content":{"rendered":"","protected":false},"excerpt":{"rendered":"<p>Para \u015bwiecznik\u00f3w Barokowych Hirschberg \u015al\u0105sk Jelenia G\u00f3ra XVIII w !!!<\/p>\n<p>Sygnatura: Punce za\u0142\u0105czone na zdj\u0119ciu, Hirschberg \u015al\u0105sk Jelenia G\u00f3ra XVIII w ?<\/p>\n<p>Srebro pr\u00f3by 14 \u0142ut, czyli 875<\/p>\n<p>Ottime condizioni<\/p>\n<p>Wymiary: Wysoko\u015b\u0107 22,5 cm, waga 580 gr<\/p>\n<p>Srebro kute !!!<\/p>","protected":false},"featured_media":7997,"comment_status":"closed","ping_status":"closed","template":"","meta":[],"product_cat":[46],"product_tag":[],"class_list":{"0":"post-7996","1":"product","2":"type-product","3":"status-publish","4":"has-post-thumbnail","6":"product_cat-srebra-i-platery","8":"entry","9":"has-media","11":"first","12":"instock","13":"taxable","14":"shipping-taxable","15":"purchasable","16":"product-type-simple","17":"has-product-nav","18":"col","19":"span_1_of_3","20":"owp-content-center","21":"owp-thumbs-layout-horizontal","22":"owp-btn-normal","23":"owp-tabs-layout-horizontal"},"aioseo_notices":[],"_links":{"self":[{"href":"https:\/\/antykilion.pl\/it\/wp-json\/wp\/v2\/product\/7996","targetHints":{"allow":["GET"]}}],"collection":[{"href":"https:\/\/antykilion.pl\/it\/wp-json\/wp\/v2\/product"}],"about":[{"href":"https:\/\/antykilion.pl\/it\/wp-json\/wp\/v2\/types\/product"}],"replies":[{"embeddable":true,"href":"https:\/\/antykilion.pl\/it\/wp-json\/wp\/v2\/comments?post=7996"}],"wp:featuredmedia":[{"embeddable":true,"href":"https:\/\/antykilion.pl\/it\/wp-json\/wp\/v2\/media\/7997"}],"wp:attachment":[{"href":"https:\/\/antykilion.pl\/it\/wp-json\/wp\/v2\/media?parent=7996"}],"wp:term":[{"taxonomy":"product_cat","embeddable":true,"href":"https:\/\/antykilion.pl\/it\/wp-json\/wp\/v2\/product_cat?post=7996"},{"taxonomy":"product_tag","embeddable":true,"href":"https:\/\/antykilion.pl\/it\/wp-json\/wp\/v2\/product_tag?post=7996"}],"curies":[{"name":"wp","href":"https:\/\/api.w.org\/{rel}","templated":true}]}}