{"id":8035,"date":"2024-03-24T18:18:39","date_gmt":"2024-03-24T17:18:39","guid":{"rendered":"https:\/\/antykilion.pl\/?post_type=product&#038;p=8035"},"modified":"2024-10-17T07:51:00","modified_gmt":"2024-10-17T05:51:00","slug":"cukiernica-mlecznik-i-szczypce-do-cukru-neorokokowe-1870-xix-w-grubo-zlocone-dla-2-osob","status":"publish","type":"product","link":"https:\/\/antykilion.pl\/it\/product\/cukiernica-mlecznik-i-szczypce-do-cukru-neorokokowe-1870-xix-w-grubo-zlocone-dla-2-osob\/","title":{"rendered":"Cukiernica mlecznik i szczypce do cukru, neorokokowe 1870 XIX w, grubo z\u0142ocone dla 2 os\u00f3b !!!"},"content":{"rendered":"","protected":false},"excerpt":{"rendered":"<p>Cukiernica mlecznik i szczypce do cukru, neorokokowe 1870 XIX w, grubo z\u0142ocone dla 2 os\u00f3b !!!<\/p>\n<p>Kszta\u0142t i wyko\u0144czenia typowe dla neorokokowych wyrob\u00f3w.<\/p>\n<p>Wewn\u0105trz wyj\u0105tkowo grubo z\u0142ocona !!!<\/p>\n<p>Wymiary cukiernicy: d\u0142ugo\u015b\u0107 8, szeroko\u015b\u0107 3, wysoko\u015b\u0107 4,5 cm,<\/p>\n<p>Wymiary dzbanek: wysoko\u015b\u0107 7 cm<\/p>\n<p>waga razem oko\u0142o 254 gram.<\/p>\n<p>Srebro pr\u00f3ba 830<\/p>\n<p>Bello e unico !!!<\/p>\n<p>Do ka\u017cdego przedmiotu galeria wystawia certyfikat<\/p>","protected":false},"featured_media":8037,"comment_status":"closed","ping_status":"closed","template":"","meta":[],"product_cat":[46],"product_tag":[],"class_list":{"0":"post-8035","1":"product","2":"type-product","3":"status-publish","4":"has-post-thumbnail","6":"product_cat-srebra-i-platery","8":"entry","9":"has-media","11":"first","12":"instock","13":"taxable","14":"shipping-taxable","15":"purchasable","16":"product-type-simple","17":"has-product-nav","18":"col","19":"span_1_of_3","20":"owp-content-center","21":"owp-thumbs-layout-horizontal","22":"owp-btn-normal","23":"owp-tabs-layout-horizontal"},"aioseo_notices":[],"_links":{"self":[{"href":"https:\/\/antykilion.pl\/it\/wp-json\/wp\/v2\/product\/8035","targetHints":{"allow":["GET"]}}],"collection":[{"href":"https:\/\/antykilion.pl\/it\/wp-json\/wp\/v2\/product"}],"about":[{"href":"https:\/\/antykilion.pl\/it\/wp-json\/wp\/v2\/types\/product"}],"replies":[{"embeddable":true,"href":"https:\/\/antykilion.pl\/it\/wp-json\/wp\/v2\/comments?post=8035"}],"wp:featuredmedia":[{"embeddable":true,"href":"https:\/\/antykilion.pl\/it\/wp-json\/wp\/v2\/media\/8037"}],"wp:attachment":[{"href":"https:\/\/antykilion.pl\/it\/wp-json\/wp\/v2\/media?parent=8035"}],"wp:term":[{"taxonomy":"product_cat","embeddable":true,"href":"https:\/\/antykilion.pl\/it\/wp-json\/wp\/v2\/product_cat?post=8035"},{"taxonomy":"product_tag","embeddable":true,"href":"https:\/\/antykilion.pl\/it\/wp-json\/wp\/v2\/product_tag?post=8035"}],"curies":[{"name":"wp","href":"https:\/\/api.w.org\/{rel}","templated":true}]}}