{"id":8087,"date":"2024-04-14T12:15:39","date_gmt":"2024-04-14T10:15:39","guid":{"rendered":"https:\/\/antykilion.pl\/?post_type=product&#038;p=8087"},"modified":"2024-04-14T12:15:40","modified_gmt":"2024-04-14T10:15:40","slug":"stolik-pomocniczy-w-stylu-klasycystycznym-okolo-1890-r-obledny","status":"publish","type":"product","link":"https:\/\/antykilion.pl\/it\/product\/stolik-pomocniczy-w-stylu-klasycystycznym-okolo-1890-r-obledny\/","title":{"rendered":"Stolik pomocniczy w stylu klasycystycznym oko\u0142o 1890 r ob\u0142\u0119dny!"},"content":{"rendered":"","protected":false},"excerpt":{"rendered":"<p>Stolik pomocniczy w stylu klasycystycznym oko\u0142o 1890 r ob\u0142\u0119dny!<\/p>\n<p>Stolik prostok\u0105tny, z szufladk\u0105, wsparty na czterech graniastych, zbie\u017cnych ku do\u0142owi\u00a0 n\u00f3\u017ckach po\u0142\u0105czonych krzy\u017cakiem. Fornirowany i bogato intarsjowany. Blat na obrze\u017cu uj\u0119ty obramieniem w formie wst\u0119gi oraz \u017cy\u0142kami\u00a0 wype\u0142nionym wzorzystym fornirem.<\/p>\n<p>Stan: Bardzo dobry orgiinalny , oczywi\u015bcie wida\u0107 drobne \u015blady u\u017cytkowania<\/p>\n<p>Pochodzenie: Polska ? Niemcy?<\/p>\n<p>Materia\u0142: okleina Maho\u0144 piramidalny<\/p>\n<p>Wymiary:Wysoko\u015b\u0107 70 cm, d\u0142ugo\u015b\u0107 57 cm, szer. 40 cm<\/p>\n<p>Stolik niesamowicie elegancki w formie.<\/p>","protected":false},"featured_media":8088,"comment_status":"closed","ping_status":"closed","template":"","meta":[],"product_cat":[17,33],"product_tag":[],"class_list":{"0":"post-8087","1":"product","2":"type-product","3":"status-publish","4":"has-post-thumbnail","6":"product_cat-meble","7":"product_cat-stoly-stoliki","9":"entry","10":"has-media","12":"first","13":"instock","14":"taxable","15":"shipping-taxable","16":"purchasable","17":"product-type-simple","18":"has-product-nav","19":"col","20":"span_1_of_3","21":"owp-content-center","22":"owp-thumbs-layout-horizontal","23":"owp-btn-normal","24":"owp-tabs-layout-horizontal"},"aioseo_notices":[],"_links":{"self":[{"href":"https:\/\/antykilion.pl\/it\/wp-json\/wp\/v2\/product\/8087","targetHints":{"allow":["GET"]}}],"collection":[{"href":"https:\/\/antykilion.pl\/it\/wp-json\/wp\/v2\/product"}],"about":[{"href":"https:\/\/antykilion.pl\/it\/wp-json\/wp\/v2\/types\/product"}],"replies":[{"embeddable":true,"href":"https:\/\/antykilion.pl\/it\/wp-json\/wp\/v2\/comments?post=8087"}],"wp:featuredmedia":[{"embeddable":true,"href":"https:\/\/antykilion.pl\/it\/wp-json\/wp\/v2\/media\/8088"}],"wp:attachment":[{"href":"https:\/\/antykilion.pl\/it\/wp-json\/wp\/v2\/media?parent=8087"}],"wp:term":[{"taxonomy":"product_cat","embeddable":true,"href":"https:\/\/antykilion.pl\/it\/wp-json\/wp\/v2\/product_cat?post=8087"},{"taxonomy":"product_tag","embeddable":true,"href":"https:\/\/antykilion.pl\/it\/wp-json\/wp\/v2\/product_tag?post=8087"}],"curies":[{"name":"wp","href":"https:\/\/api.w.org\/{rel}","templated":true}]}}