{"id":8099,"date":"2024-04-14T17:12:25","date_gmt":"2024-04-14T15:12:25","guid":{"rendered":"https:\/\/antykilion.pl\/?post_type=product&#038;p=8099"},"modified":"2024-04-14T17:12:26","modified_gmt":"2024-04-14T15:12:26","slug":"max-carlier-para-obrazow-martwa-natura-z-kwiatami-ogromne-okolo-140-cm-obledne","status":"publish","type":"product","link":"https:\/\/antykilion.pl\/it\/product\/max-carlier-para-obrazow-martwa-natura-z-kwiatami-ogromne-okolo-140-cm-obledne\/","title":{"rendered":"Max Carlier: para obraz\u00f3w \u201eMartwa natura z kwiatami\u201d ogromne\u00a0 oko\u0142o 140 cm ob\u0142\u0119dne"},"content":{"rendered":"","protected":false},"excerpt":{"rendered":"<p>Max Carlier: para obraz\u00f3w \u201eMartwa natura z kwiatami\u201d ogromne\u00a0 oko\u0142o 140 cm ob\u0142\u0119dne<\/p>\n<p>Prace tego artysty sprzedaj\u0105 si\u0119 nawet za 200 000 z\u0142<\/p>\n<p>https:\/\/www.christies.com\/en\/lot\/lot-4589575<\/p>\n<p>Max Albert Carlier (Tourcoing 1872 &#8211; 1938 Bruksela) &#8211; malarz belgijski, stosuj\u0105cy pseudonim artystyczny &#8220;M. Bernin&#8221;, zwi\u0105zny z Bruksel\u0105, gdzie tworzy\u0142 sceny rodzajowe, cz\u0119sto we wn\u0119trzach, martwe natury oraz akty. Podr\u00f3\u017cowa\u0142 po ca\u0142ej Europie, a zw\u0142aszcza po W\u0142oszech. Przez pewien czas mieszka\u0142 w Bretanii, gdzie malowa\u0142. Prace w kolekcjach prywatncyh i muzeach, m.in. Muzeum w Ostendzie.<\/p>\n<p>Tecnica: olio su tela<\/p>\n<p>Stan: bardzo dobry,<\/p>\n<p>Sygnatura: Max Albert Carlier<\/p>\n<p>Wymiary:\u00a0 p\u0142\u00f3tno 70 cm na 100 cm z ram\u0105\u00a0 110 cm na 140 cm ob\u0142\u0119dny!!!<\/p>\n<p>Do ka\u017cdego przedmiotu Galeria wystawia certyfikat.<\/p>","protected":false},"featured_media":8102,"comment_status":"closed","ping_status":"closed","template":"","meta":[],"product_cat":[41,39,40],"product_tag":[],"class_list":{"0":"post-8099","1":"product","2":"type-product","3":"status-publish","4":"has-post-thumbnail","6":"product_cat-malarstwo-dawne","7":"product_cat-dziela-sztuki","8":"product_cat-malarstwo","10":"entry","11":"has-media","13":"first","14":"instock","15":"taxable","16":"shipping-taxable","17":"purchasable","18":"product-type-simple","19":"has-product-nav","20":"col","21":"span_1_of_3","22":"owp-content-center","23":"owp-thumbs-layout-horizontal","24":"owp-btn-normal","25":"owp-tabs-layout-horizontal"},"aioseo_notices":[],"_links":{"self":[{"href":"https:\/\/antykilion.pl\/it\/wp-json\/wp\/v2\/product\/8099","targetHints":{"allow":["GET"]}}],"collection":[{"href":"https:\/\/antykilion.pl\/it\/wp-json\/wp\/v2\/product"}],"about":[{"href":"https:\/\/antykilion.pl\/it\/wp-json\/wp\/v2\/types\/product"}],"replies":[{"embeddable":true,"href":"https:\/\/antykilion.pl\/it\/wp-json\/wp\/v2\/comments?post=8099"}],"wp:featuredmedia":[{"embeddable":true,"href":"https:\/\/antykilion.pl\/it\/wp-json\/wp\/v2\/media\/8102"}],"wp:attachment":[{"href":"https:\/\/antykilion.pl\/it\/wp-json\/wp\/v2\/media?parent=8099"}],"wp:term":[{"taxonomy":"product_cat","embeddable":true,"href":"https:\/\/antykilion.pl\/it\/wp-json\/wp\/v2\/product_cat?post=8099"},{"taxonomy":"product_tag","embeddable":true,"href":"https:\/\/antykilion.pl\/it\/wp-json\/wp\/v2\/product_tag?post=8099"}],"curies":[{"name":"wp","href":"https:\/\/api.w.org\/{rel}","templated":true}]}}