{"id":8129,"date":"2024-04-26T13:49:30","date_gmt":"2024-04-26T11:49:30","guid":{"rendered":"https:\/\/antykilion.pl\/?post_type=product&#038;p=8129"},"modified":"2024-04-26T13:49:30","modified_gmt":"2024-04-26T11:49:30","slug":"paryz-portret-kobiety-w-kapeluszu-charlotte-okolo-1830-r","status":"publish","type":"product","link":"https:\/\/antykilion.pl\/it\/product\/paryz-portret-kobiety-w-kapeluszu-charlotte-okolo-1830-r\/","title":{"rendered":"Pary\u017c, Portret kobiety w kapeluszu Charlotte ? oko\u0142o 1830 r"},"content":{"rendered":"","protected":false},"excerpt":{"rendered":"<p>Pary\u017c, Portret kobiety w kapeluszu Charlotte ? oko\u0142o 1830 r<\/p>\n<p>Bardzo dekoracyjny obraz<\/p>\n<p>Obraz klasy muzealnej !!!<\/p>\n<p>Okazja !!!<\/p>\n<p>Tecnica: olio su tela<\/p>\n<p>Stan:  Bardzo dobry po konserwacji<\/p>\n<p>Sygnatura: Nie do ko\u0144ca odczytana Charlotte a dalej nie mo\u017cemy odczyta\u0107, je\u015bli komu\u015b si\u0119 uda b\u0119dziemy wdzi\u0119czni za pomoc<\/p>\n<p>Wymiary: p\u0142\u00f3tno 74 cm na 60 cm z ram\u0105 90 cm na 77 cm<\/p>\n<p>Obraz oprawiony w przepi\u0119kn\u0105 ram\u0119  z epoki !!!<\/p>\n<p>Do ka\u017cdego przedmiotu Galeria wystawia certyfikat.<\/p>","protected":false},"featured_media":8130,"comment_status":"closed","ping_status":"closed","template":"","meta":[],"product_cat":[41,39,40],"product_tag":[],"class_list":{"0":"post-8129","1":"product","2":"type-product","3":"status-publish","4":"has-post-thumbnail","6":"product_cat-malarstwo-dawne","7":"product_cat-dziela-sztuki","8":"product_cat-malarstwo","10":"entry","11":"has-media","13":"first","14":"instock","15":"taxable","16":"shipping-taxable","17":"purchasable","18":"product-type-simple","19":"has-product-nav","20":"col","21":"span_1_of_3","22":"owp-content-center","23":"owp-thumbs-layout-horizontal","24":"owp-btn-normal","25":"owp-tabs-layout-horizontal"},"aioseo_notices":[],"_links":{"self":[{"href":"https:\/\/antykilion.pl\/it\/wp-json\/wp\/v2\/product\/8129","targetHints":{"allow":["GET"]}}],"collection":[{"href":"https:\/\/antykilion.pl\/it\/wp-json\/wp\/v2\/product"}],"about":[{"href":"https:\/\/antykilion.pl\/it\/wp-json\/wp\/v2\/types\/product"}],"replies":[{"embeddable":true,"href":"https:\/\/antykilion.pl\/it\/wp-json\/wp\/v2\/comments?post=8129"}],"wp:featuredmedia":[{"embeddable":true,"href":"https:\/\/antykilion.pl\/it\/wp-json\/wp\/v2\/media\/8130"}],"wp:attachment":[{"href":"https:\/\/antykilion.pl\/it\/wp-json\/wp\/v2\/media?parent=8129"}],"wp:term":[{"taxonomy":"product_cat","embeddable":true,"href":"https:\/\/antykilion.pl\/it\/wp-json\/wp\/v2\/product_cat?post=8129"},{"taxonomy":"product_tag","embeddable":true,"href":"https:\/\/antykilion.pl\/it\/wp-json\/wp\/v2\/product_tag?post=8129"}],"curies":[{"name":"wp","href":"https:\/\/api.w.org\/{rel}","templated":true}]}}