{"id":8159,"date":"2024-04-28T18:05:45","date_gmt":"2024-04-28T16:05:45","guid":{"rendered":"https:\/\/antykilion.pl\/?post_type=product&#038;p=8159"},"modified":"2024-04-28T18:05:46","modified_gmt":"2024-04-28T16:05:46","slug":"vincenzo-chilone-1758-do-1839-wenecja-widok-na-piazzetta-san-marco-przypisywany","status":"publish","type":"product","link":"https:\/\/antykilion.pl\/it\/product\/vincenzo-chilone-1758-do-1839-wenecja-widok-na-piazzetta-san-marco-przypisywany\/","title":{"rendered":"Vincenzo Chilone 1758 do 1839 Wenecja, Widok na Piazzetta San Marco, \u00a0 przypisywany !!!"},"content":{"rendered":"","protected":false},"excerpt":{"rendered":"<p>Vincenzo Chilone 1758 do 1839 Wenecja, Widok na Piazzetta San Marco, \u00a0 przypisywany !!!<\/p>\n<p>View of the Piazzetta San Marco<\/p>\n<p>Vincenzo Chilone (10 lipca 1758 w Wenecji &#8211; 12 stycznia 1839 w Wenecji) by\u0142 w\u0142oskim malarzem specjalizuj\u0105cym si\u0119 w weducie, na wz\u00f3r Canaletta. Biografia Urodzi\u0142 si\u0119 w biednej rodzinie i straci\u0142 ojca w wieku dw\u00f3ch lat. Kiedy mia\u0142 dwana\u015bcie lat, pracowa\u0142 jako producent jedwabnych po\u0144czoch. P\u00f3\u017aniej uczy\u0142 si\u0119 u snycerza. Jego s\u0105siad okaza\u0142 si\u0119 uczniem Francesco Battaglioli. Chilone zosta\u0142 mu przedstawiony i przyj\u0119ty do jego szko\u0142y. Potrzeby ekonomiczne i nieszcz\u0119\u015bcia rodzinne sk\u0142oni\u0142y go do zostania asystentem Alessandro Mauro, architekta teatralnego i scenografa. Ca\u0142a jego praca zosta\u0142a wykonana bez uznania. Po \u015bmierci Mauro przez kr\u00f3tki czas pr\u00f3bowa\u0142 pracowa\u0107 samodzielnie, ale ostatecznie przyj\u0105\u0142 stanowisko w Udine, wsp\u00f3\u0142pracuj\u0105c z Antonio Mauro, aby wykona\u0107 freski w teatrze dekorowanym przez malarza Giambattista Canal, kt\u00f3rego wzrok s\u0142ab\u0142. Pozosta\u0142 w Udine przez jaki\u015b czas i pomaga\u0142 przy dekorowaniu Palazzo Marcotti. Wr\u00f3ci\u0142 do Wenecji w 1815 roku, praktycznie zapomniany i zmuszony by\u0142 pracowa\u0107 dla innych malarzy. Wi\u0119kszo\u015b\u0107 jego p\u0142\u00f3cien zosta\u0142a sprzedana tanio po\u015brednikom, z kt\u00f3rych niekt\u00f3rzy osi\u0105gn\u0119li ogromne zyski, podaj\u0105c je jako dzie\u0142a Canaletta. By\u0107 mo\u017ce w odpowiedzi na to zacz\u0105\u0142 wykazywa\u0107 wi\u0119ksz\u0105 autonomi\u0119 stylistyczn\u0105. Wkr\u00f3tce cieszy\u0142 si\u0119 patronatem szlachty. W 1824 roku zosta\u0142 wybrany cz\u0142onkiem Accademia di Belle Arti di Venezia. W tym samym roku otrzyma\u0142 du\u017ce zlecenie od weneckiego muzyka na emigracji, Domenico Dragonettiego, kt\u00f3ry by\u0142 tak\u017ce kolekcjonerem i handlarzem dzie\u0142ami sztuki.[1] Pomimo takiego sukcesu, najwyra\u017aniej zmar\u0142 w biedzie.<\/p>\n<p>Tecnica: olio su tela<\/p>\n<p>Condizioni: ottime<\/p>\n<p>Sygnatura: widoczna na jednej z kolumn na blejtramie liczne piecz\u0119ci i numeracje oraz stara nalepka, niestety papier wypalony ze staro\u015bci<\/p>\n<p>Wymiary:\u00a0 p\u0142\u00f3tno 73 cm na 108 cm, rama oko\u0142o 119 cm na 141 cm<\/p>\n<p>Do ka\u017cdego przedmiotu Galeria wystawia certyfikat.<\/p>","protected":false},"featured_media":8160,"comment_status":"closed","ping_status":"closed","template":"","meta":[],"product_cat":[41,39,40],"product_tag":[],"class_list":{"0":"post-8159","1":"product","2":"type-product","3":"status-publish","4":"has-post-thumbnail","6":"product_cat-malarstwo-dawne","7":"product_cat-dziela-sztuki","8":"product_cat-malarstwo","10":"entry","11":"has-media","13":"first","14":"instock","15":"taxable","16":"shipping-taxable","17":"purchasable","18":"product-type-simple","19":"has-product-nav","20":"col","21":"span_1_of_3","22":"owp-content-center","23":"owp-thumbs-layout-horizontal","24":"owp-btn-normal","25":"owp-tabs-layout-horizontal"},"aioseo_notices":[],"_links":{"self":[{"href":"https:\/\/antykilion.pl\/it\/wp-json\/wp\/v2\/product\/8159","targetHints":{"allow":["GET"]}}],"collection":[{"href":"https:\/\/antykilion.pl\/it\/wp-json\/wp\/v2\/product"}],"about":[{"href":"https:\/\/antykilion.pl\/it\/wp-json\/wp\/v2\/types\/product"}],"replies":[{"embeddable":true,"href":"https:\/\/antykilion.pl\/it\/wp-json\/wp\/v2\/comments?post=8159"}],"wp:featuredmedia":[{"embeddable":true,"href":"https:\/\/antykilion.pl\/it\/wp-json\/wp\/v2\/media\/8160"}],"wp:attachment":[{"href":"https:\/\/antykilion.pl\/it\/wp-json\/wp\/v2\/media?parent=8159"}],"wp:term":[{"taxonomy":"product_cat","embeddable":true,"href":"https:\/\/antykilion.pl\/it\/wp-json\/wp\/v2\/product_cat?post=8159"},{"taxonomy":"product_tag","embeddable":true,"href":"https:\/\/antykilion.pl\/it\/wp-json\/wp\/v2\/product_tag?post=8159"}],"curies":[{"name":"wp","href":"https:\/\/api.w.org\/{rel}","templated":true}]}}