{"id":826,"date":"2020-02-02T14:02:13","date_gmt":"2020-02-02T13:02:13","guid":{"rendered":"https:\/\/antykilion.pl\/?post_type=product&#038;p=826"},"modified":"2025-02-28T15:54:40","modified_gmt":"2025-02-28T14:54:40","slug":"pierre-de-clausade-french-1910-1976","status":"publish","type":"product","link":"https:\/\/antykilion.pl\/it\/product\/pierre-de-clausade-french-1910-1976\/","title":{"rendered":"Pierre de Clausade (francese, 1910-1976)"},"content":{"rendered":"<p>Biografia - Pierre de Clausade [1910\u20131975]<\/p>\n<p>Pierre de Clausade \u00e8 nato a Parigi il 15 aprile 1910. Pierre de Clausade ha iniziato a dipingere per mostre solo all&#039;et\u00e0 di 31 anni. Ci\u00f2 \u00e8 dovuto alla sua volont\u00e0 di sviluppare una tecnica completamente individuale che ha richiesto infinite sperimentazioni per molti anni. Nel 1943 l&#039;artista organizza la sua prima mostra a Parigi. Fu un enorme successo e risultati simili furono ottenuti dalle successive mostre che organizz\u00f2 negli anni successivi. La fama di Pierre de Clausade si diffuse rapidamente in tutta Europa e presto raggiunse l&#039;America. Negli anni &#039;30, &#039;40 e &#039;50 intraprese anche lavori commerciali, inclusa la litografia degli oli Esso e il &quot;Gala des Bataillons du ciel&quot;<br \/>\nAnnunciato:<\/p>\n<p>Presto espose a Parigi (Le Salon, Beaux-Arts 1942, 1943, 1944, 1946, 1947, 1948),<\/p>\n<p>Londra, New York, Montreal, Rio de Janeiro, San Paolo, Lisbona, Alexandrie, LeCaire, Beyrouth e Vienne. Clausade era un membro del Salon d&#039;Hiver e spesso esponeva alla Societe Nationale des Beaux Arts. Esempi del lavoro di Clausade si possono trovare nei musei di Boston e Minneapolis.<br \/>\nCosa ha dipinto Pierre de Clausade?<\/p>\n<p>Pierre de Clausade dipinse principalmente paesaggi costieri francesi con temi come &quot;Normandia&quot;, &quot;Passage De Loire&quot;, &quot;Bords De La Loire&quot;, &quot;La Cote Bretagne&quot;, &quot;Scene De Campagne&quot; e &quot;Dans La Dordogne&quot;. Alcuni hanno semplici barche da pesca. Tuttavia, ha anche dipinto Parigi con titoli tra cui &quot;Neige sur Notre Dame&quot; e &quot;Pont Neuf&quot;, e Venezia con titoli tra cui &quot;St. Georges Venise \u201de\u201c Santa Maria Della Salute \u201d. I suoi nudi, i lavori pubblicitari ei ritratti sono visti raramente.<\/p>","protected":false},"excerpt":{"rendered":"<p>Pierre de Clausade (francese, 1910-1976)<br \/>\nBella pittura di alta classe, colori pastello.<br \/>\nTecnica: olio su tela, cornice originale.<br \/>\nStan: obraz po profesjonalnej konserwacji<br \/>\nDimensioni: con cornice 114 cm per 87 cm<br \/>\ndi seguito la biografia dell&#039;artista e le informazioni sui suoi lavori <\/p>","protected":false},"featured_media":5646,"comment_status":"closed","ping_status":"closed","template":"","meta":[],"product_cat":[41,39,40],"product_tag":[],"class_list":{"0":"post-826","1":"product","2":"type-product","3":"status-publish","4":"has-post-thumbnail","6":"product_cat-malarstwo-dawne","7":"product_cat-dziela-sztuki","8":"product_cat-malarstwo","10":"entry","11":"has-media","13":"first","14":"instock","15":"taxable","16":"shipping-taxable","17":"purchasable","18":"product-type-simple","19":"has-product-nav","20":"col","21":"span_1_of_3","22":"owp-content-center","23":"owp-thumbs-layout-horizontal","24":"owp-btn-normal","25":"owp-tabs-layout-horizontal"},"aioseo_notices":[],"_links":{"self":[{"href":"https:\/\/antykilion.pl\/it\/wp-json\/wp\/v2\/product\/826","targetHints":{"allow":["GET"]}}],"collection":[{"href":"https:\/\/antykilion.pl\/it\/wp-json\/wp\/v2\/product"}],"about":[{"href":"https:\/\/antykilion.pl\/it\/wp-json\/wp\/v2\/types\/product"}],"replies":[{"embeddable":true,"href":"https:\/\/antykilion.pl\/it\/wp-json\/wp\/v2\/comments?post=826"}],"wp:featuredmedia":[{"embeddable":true,"href":"https:\/\/antykilion.pl\/it\/wp-json\/wp\/v2\/media\/5646"}],"wp:attachment":[{"href":"https:\/\/antykilion.pl\/it\/wp-json\/wp\/v2\/media?parent=826"}],"wp:term":[{"taxonomy":"product_cat","embeddable":true,"href":"https:\/\/antykilion.pl\/it\/wp-json\/wp\/v2\/product_cat?post=826"},{"taxonomy":"product_tag","embeddable":true,"href":"https:\/\/antykilion.pl\/it\/wp-json\/wp\/v2\/product_tag?post=826"}],"curies":[{"name":"wp","href":"https:\/\/api.w.org\/{rel}","templated":true}]}}